{"id":2739,"date":"2023-05-23T16:54:20","date_gmt":"2023-05-23T14:54:20","guid":{"rendered":"https:\/\/in-my-world.com\/5-jojo\/produit\/large-pencil-to-the-moon\/"},"modified":"2024-01-17T12:03:53","modified_gmt":"2024-01-17T11:03:53","slug":"large-pencil-to-the-moon","status":"publish","type":"product","link":"https:\/\/in-my-world.com\/5-jojo\/produit\/large-pencil-to-the-moon\/","title":{"rendered":"LARGE PENCIL TO THE MOON"},"content":{"rendered":"<p style=\"text-align: left;\">en toile de coton recycl\u00e9. avec sangle de suspension sur le c\u00f4t\u00e9<\/p>\n<p style=\"text-align: left;\">\u00a0patch hologramme TO THE MOON sur le panneau avant.<\/p>\n<p style=\"text-align: left;\">Dimensions 22cm x 9cm X 9cm.<\/p>\n<p style=\"text-align: left;\">Nettoyage \u00e0 sec recommand\u00e9 pour maintenir les propri\u00e9t\u00e9s du produit. (couleur, rev\u00eatement et finitions)<\/p>\n<p style=\"text-align: left;\">Chaque produit Jojo Factory est d\u00e9sormais conditionn\u00e9 dans une pochette r\u00e9utilisable en coton biologique.<\/p>\n<p style=\"text-align: left;\">Jojo Factory a \u00e9limin\u00e9 le plastique de tous ses emballages.<\/p>\n","protected":false},"excerpt":{"rendered":"<p style=\"box-sizing: inherit; margin-top: 0px; margin-bottom: 1rem; font-size: 15px; font-family: Abel, sans-serif; text-align: left;\">Trousse d&#8217;\u00e9colier.<\/p>\n<p style=\"box-sizing: inherit; margin-top: 0px; margin-bottom: 1rem; font-size: 15px; font-family: Abel, sans-serif; text-align: left;\">Pour les feutres, les gommes, les crayons de couleur, la colle, enfin tout pour l&#8217;\u00e9cole !<\/p>\n","protected":false},"featured_media":9454,"comment_status":"open","ping_status":"closed","template":"","meta":[],"product_cat":[30,102,38,106,52,34,56,62,178,186,198],"product_tag":[],"acf":[],"yoast_head":"<!-- This site is optimized with the Yoast SEO plugin v21.9 - https:\/\/yoast.com\/wordpress\/plugins\/seo\/ -->\n<title>LARGE PENCIL TO THE MOON - JOJO Factory<\/title>\n<meta name=\"description\" content=\"Trousse d&#039;\u00e9colier en coton pour les feutres, les gommes, les crayons de couleur, la colle, enfin tout pour l&#039;\u00e9cole !\" \/>\n<meta name=\"robots\" content=\"index, follow, max-snippet:-1, max-image-preview:large, max-video-preview:-1\" \/>\n<link rel=\"canonical\" href=\"https:\/\/in-my-world.com\/5-jojo\/produit\/large-pencil-to-the-moon\/\" \/>\n<meta property=\"og:locale\" content=\"fr_FR\" \/>\n<meta property=\"og:type\" content=\"article\" \/>\n<meta property=\"og:title\" content=\"LARGE PENCIL TO THE MOON - JOJO Factory\" \/>\n<meta property=\"og:description\" content=\"Trousse d&#039;\u00e9colier en coton pour les feutres, les gommes, les crayons de couleur, la colle, enfin tout pour l&#039;\u00e9cole !\" \/>\n<meta property=\"og:url\" content=\"https:\/\/in-my-world.com\/5-jojo\/produit\/large-pencil-to-the-moon\/\" \/>\n<meta property=\"og:site_name\" content=\"JOJO Factory\" \/>\n<meta property=\"article:publisher\" content=\"https:\/\/www.facebook.com\/p\/Jojo-Factory-100067143638106\/\" \/>\n<meta property=\"article:modified_time\" content=\"2024-01-17T11:03:53+00:00\" \/>\n<meta property=\"og:image\" content=\"https:\/\/in-my-world.com\/5-jojo\/wp-content\/uploads\/2023\/05\/LARGE-PENCIL-UNI-TO-THE-MOON-FRONT-3760297784355-.jpg\" \/>\n\t<meta property=\"og:image:width\" content=\"528\" \/>\n\t<meta property=\"og:image:height\" content=\"528\" \/>\n\t<meta property=\"og:image:type\" content=\"image\/jpeg\" \/>\n<meta name=\"twitter:card\" content=\"summary_large_image\" \/>\n<meta name=\"twitter:label1\" content=\"Dur\u00e9e de lecture estim\u00e9e\" \/>\n\t<meta name=\"twitter:data1\" content=\"1 minute\" \/>\n<script type=\"application\/ld+json\" class=\"yoast-schema-graph\">{\"@context\":\"https:\/\/schema.org\",\"@graph\":[{\"@type\":\"WebPage\",\"@id\":\"https:\/\/in-my-world.com\/5-jojo\/produit\/large-pencil-to-the-moon\/\",\"url\":\"https:\/\/in-my-world.com\/5-jojo\/produit\/large-pencil-to-the-moon\/\",\"name\":\"LARGE PENCIL TO THE MOON - JOJO Factory\",\"isPartOf\":{\"@id\":\"https:\/\/in-my-world.com\/5-jojo\/#website\"},\"datePublished\":\"2023-05-23T14:54:20+00:00\",\"dateModified\":\"2024-01-17T11:03:53+00:00\",\"description\":\"Trousse d'\u00e9colier en coton pour les feutres, les gommes, les crayons de couleur, la colle, enfin tout pour l'\u00e9cole !\",\"breadcrumb\":{\"@id\":\"https:\/\/in-my-world.com\/5-jojo\/produit\/large-pencil-to-the-moon\/#breadcrumb\"},\"inLanguage\":\"fr-FR\",\"potentialAction\":[{\"@type\":\"ReadAction\",\"target\":[\"https:\/\/in-my-world.com\/5-jojo\/produit\/large-pencil-to-the-moon\/\"]}]},{\"@type\":\"BreadcrumbList\",\"@id\":\"https:\/\/in-my-world.com\/5-jojo\/produit\/large-pencil-to-the-moon\/#breadcrumb\",\"itemListElement\":[{\"@type\":\"ListItem\",\"position\":1,\"name\":\"Accueil\",\"item\":\"https:\/\/in-my-world.com\/5-jojo\/\"},{\"@type\":\"ListItem\",\"position\":2,\"name\":\"Boutique\",\"item\":\"https:\/\/in-my-world.com\/5-jojo\/boutique-2\/\"},{\"@type\":\"ListItem\",\"position\":3,\"name\":\"LARGE PENCIL TO THE MOON\"}]},{\"@type\":\"WebSite\",\"@id\":\"https:\/\/in-my-world.com\/5-jojo\/#website\",\"url\":\"https:\/\/in-my-world.com\/5-jojo\/\",\"name\":\"JOJO Factory\",\"description\":\"\",\"publisher\":{\"@id\":\"https:\/\/in-my-world.com\/5-jojo\/#organization\"},\"potentialAction\":[{\"@type\":\"SearchAction\",\"target\":{\"@type\":\"EntryPoint\",\"urlTemplate\":\"https:\/\/in-my-world.com\/5-jojo\/?s={search_term_string}\"},\"query-input\":\"required name=search_term_string\"}],\"inLanguage\":\"fr-FR\"},{\"@type\":\"Organization\",\"@id\":\"https:\/\/in-my-world.com\/5-jojo\/#organization\",\"name\":\"JOJO Factory\",\"url\":\"https:\/\/in-my-world.com\/5-jojo\/\",\"logo\":{\"@type\":\"ImageObject\",\"inLanguage\":\"fr-FR\",\"@id\":\"https:\/\/in-my-world.com\/5-jojo\/#\/schema\/logo\/image\/\",\"url\":\"https:\/\/in-my-world.com\/5-jojo\/wp-content\/uploads\/2023\/11\/cropped-favicon-jojo-factory.jpg\",\"contentUrl\":\"https:\/\/in-my-world.com\/5-jojo\/wp-content\/uploads\/2023\/11\/cropped-favicon-jojo-factory.jpg\",\"width\":512,\"height\":512,\"caption\":\"JOJO Factory\"},\"image\":{\"@id\":\"https:\/\/in-my-world.com\/5-jojo\/#\/schema\/logo\/image\/\"},\"sameAs\":[\"https:\/\/www.facebook.com\/p\/Jojo-Factory-100067143638106\/\",\"https:\/\/www.instagram.com\/jojofactory\/\"]}]}<\/script>\n<!-- \/ Yoast SEO plugin. -->","yoast_head_json":{"title":"LARGE PENCIL TO THE MOON - JOJO Factory","description":"Trousse d'\u00e9colier en coton pour les feutres, les gommes, les crayons de couleur, la colle, enfin tout pour l'\u00e9cole !","robots":{"index":"index","follow":"follow","max-snippet":"max-snippet:-1","max-image-preview":"max-image-preview:large","max-video-preview":"max-video-preview:-1"},"canonical":"https:\/\/in-my-world.com\/5-jojo\/produit\/large-pencil-to-the-moon\/","og_locale":"fr_FR","og_type":"article","og_title":"LARGE PENCIL TO THE MOON - JOJO Factory","og_description":"Trousse d'\u00e9colier en coton pour les feutres, les gommes, les crayons de couleur, la colle, enfin tout pour l'\u00e9cole !","og_url":"https:\/\/in-my-world.com\/5-jojo\/produit\/large-pencil-to-the-moon\/","og_site_name":"JOJO Factory","article_publisher":"https:\/\/www.facebook.com\/p\/Jojo-Factory-100067143638106\/","article_modified_time":"2024-01-17T11:03:53+00:00","og_image":[{"width":528,"height":528,"url":"https:\/\/in-my-world.com\/5-jojo\/wp-content\/uploads\/2023\/05\/LARGE-PENCIL-UNI-TO-THE-MOON-FRONT-3760297784355-.jpg","type":"image\/jpeg"}],"twitter_card":"summary_large_image","twitter_misc":{"Dur\u00e9e de lecture estim\u00e9e":"1 minute"},"schema":{"@context":"https:\/\/schema.org","@graph":[{"@type":"WebPage","@id":"https:\/\/in-my-world.com\/5-jojo\/produit\/large-pencil-to-the-moon\/","url":"https:\/\/in-my-world.com\/5-jojo\/produit\/large-pencil-to-the-moon\/","name":"LARGE PENCIL TO THE MOON - JOJO Factory","isPartOf":{"@id":"https:\/\/in-my-world.com\/5-jojo\/#website"},"datePublished":"2023-05-23T14:54:20+00:00","dateModified":"2024-01-17T11:03:53+00:00","description":"Trousse d'\u00e9colier en coton pour les feutres, les gommes, les crayons de couleur, la colle, enfin tout pour l'\u00e9cole !","breadcrumb":{"@id":"https:\/\/in-my-world.com\/5-jojo\/produit\/large-pencil-to-the-moon\/#breadcrumb"},"inLanguage":"fr-FR","potentialAction":[{"@type":"ReadAction","target":["https:\/\/in-my-world.com\/5-jojo\/produit\/large-pencil-to-the-moon\/"]}]},{"@type":"BreadcrumbList","@id":"https:\/\/in-my-world.com\/5-jojo\/produit\/large-pencil-to-the-moon\/#breadcrumb","itemListElement":[{"@type":"ListItem","position":1,"name":"Accueil","item":"https:\/\/in-my-world.com\/5-jojo\/"},{"@type":"ListItem","position":2,"name":"Boutique","item":"https:\/\/in-my-world.com\/5-jojo\/boutique-2\/"},{"@type":"ListItem","position":3,"name":"LARGE PENCIL TO THE MOON"}]},{"@type":"WebSite","@id":"https:\/\/in-my-world.com\/5-jojo\/#website","url":"https:\/\/in-my-world.com\/5-jojo\/","name":"JOJO Factory","description":"","publisher":{"@id":"https:\/\/in-my-world.com\/5-jojo\/#organization"},"potentialAction":[{"@type":"SearchAction","target":{"@type":"EntryPoint","urlTemplate":"https:\/\/in-my-world.com\/5-jojo\/?s={search_term_string}"},"query-input":"required name=search_term_string"}],"inLanguage":"fr-FR"},{"@type":"Organization","@id":"https:\/\/in-my-world.com\/5-jojo\/#organization","name":"JOJO Factory","url":"https:\/\/in-my-world.com\/5-jojo\/","logo":{"@type":"ImageObject","inLanguage":"fr-FR","@id":"https:\/\/in-my-world.com\/5-jojo\/#\/schema\/logo\/image\/","url":"https:\/\/in-my-world.com\/5-jojo\/wp-content\/uploads\/2023\/11\/cropped-favicon-jojo-factory.jpg","contentUrl":"https:\/\/in-my-world.com\/5-jojo\/wp-content\/uploads\/2023\/11\/cropped-favicon-jojo-factory.jpg","width":512,"height":512,"caption":"JOJO Factory"},"image":{"@id":"https:\/\/in-my-world.com\/5-jojo\/#\/schema\/logo\/image\/"},"sameAs":["https:\/\/www.facebook.com\/p\/Jojo-Factory-100067143638106\/","https:\/\/www.instagram.com\/jojofactory\/"]}]}},"_links":{"self":[{"href":"https:\/\/in-my-world.com\/5-jojo\/wp-json\/wp\/v2\/product\/2739"}],"collection":[{"href":"https:\/\/in-my-world.com\/5-jojo\/wp-json\/wp\/v2\/product"}],"about":[{"href":"https:\/\/in-my-world.com\/5-jojo\/wp-json\/wp\/v2\/types\/product"}],"replies":[{"embeddable":true,"href":"https:\/\/in-my-world.com\/5-jojo\/wp-json\/wp\/v2\/comments?post=2739"}],"wp:featuredmedia":[{"embeddable":true,"href":"https:\/\/in-my-world.com\/5-jojo\/wp-json\/wp\/v2\/media\/9454"}],"wp:attachment":[{"href":"https:\/\/in-my-world.com\/5-jojo\/wp-json\/wp\/v2\/media?parent=2739"}],"wp:term":[{"taxonomy":"product_cat","embeddable":true,"href":"https:\/\/in-my-world.com\/5-jojo\/wp-json\/wp\/v2\/product_cat?post=2739"},{"taxonomy":"product_tag","embeddable":true,"href":"https:\/\/in-my-world.com\/5-jojo\/wp-json\/wp\/v2\/product_tag?post=2739"}],"curies":[{"name":"wp","href":"https:\/\/api.w.org\/{rel}","templated":true}]}}