{"id":2250,"date":"2023-05-22T11:25:04","date_gmt":"2023-05-22T09:25:04","guid":{"rendered":"https:\/\/in-my-world.com\/5-jojo\/produit\/cartable-moons-2\/"},"modified":"2024-01-11T13:27:53","modified_gmt":"2024-01-11T12:27:53","slug":"cartable-moons-2","status":"publish","type":"product","link":"https:\/\/in-my-world.com\/5-jojo\/produit\/cartable-moons-2\/","title":{"rendered":"CARTABLE HELLO SIMONE VINTAGE TULIPS"},"content":{"rendered":"<p style=\"text-align: left;\">en canevas polyester recycl\u00e9.<\/p>\n<p style=\"text-align: left;\">enduit (imperm\u00e9able) et matelass\u00e9 au dos,<\/p>\n<p style=\"text-align: left;\">\u00a0bretelles r\u00e9glables avec pads \u00e9paules,<\/p>\n<p style=\"text-align: left;\">\u00a0poign\u00e9e en cuir naturel\u00a0et sangles, fermoir m\u00e9tal recouverts par de straps\u00a0 en caoutchouc et sangles.<\/p>\n<p style=\"text-align: left;\">2 poches plaqu\u00e9es frontales.<\/p>\n<p style=\"text-align: left;\">\u00c0 l&#8217;int\u00e9rieur, s\u00e9paration avec poche zipp\u00e9e.<\/p>\n<p style=\"text-align: left;\">taille 35cm x 30cm x 14cm<\/p>\n<p style=\"text-align: left;\"><span style=\"font-family: Abel, sans-serif; font-size: 15px;\">*emballage r\u00e9utilisable en coton bio<\/span><\/p>\n<p style=\"text-align: left;\">\n","protected":false},"excerpt":{"rendered":"<div id=\"product-description-short-387\">\n<p style=\"box-sizing: inherit; margin-top: 0px; margin-bottom: 1rem; font-size: 15px; font-family: Abel, sans-serif; text-align: left;\">Cartable con\u00e7u pour la primaire a partir du CP.<\/p>\n<p style=\"box-sizing: inherit; margin-top: 0px; margin-bottom: 1rem; font-size: 15px; font-family: Abel, sans-serif; text-align: left;\">Contient les formats cahiers A4 et les classeurs 24x32cm<\/p>\n<\/div>\n","protected":false},"featured_media":2235,"comment_status":"open","ping_status":"closed","template":"","meta":[],"product_cat":[30,128,104,102,38,52,34,56,62,186,196,198,206],"product_tag":[],"acf":[],"yoast_head":"<!-- This site is optimized with the Yoast SEO plugin v21.9 - https:\/\/yoast.com\/wordpress\/plugins\/seo\/ -->\n<title>CARTABLE HELLO SIMONE VINTAGE TULIPS - JOJO Factory<\/title>\n<meta name=\"robots\" content=\"index, follow, max-snippet:-1, max-image-preview:large, max-video-preview:-1\" \/>\n<link rel=\"canonical\" href=\"https:\/\/in-my-world.com\/5-jojo\/produit\/cartable-moons-2\/\" \/>\n<meta property=\"og:locale\" content=\"fr_FR\" \/>\n<meta property=\"og:type\" content=\"article\" \/>\n<meta property=\"og:title\" content=\"CARTABLE HELLO SIMONE VINTAGE TULIPS - JOJO Factory\" \/>\n<meta property=\"og:description\" content=\"Cartable con\u00e7u pour la primaire a partir du CP. Contient les formats cahiers A4 et les classeurs 24x32cm\" \/>\n<meta property=\"og:url\" content=\"https:\/\/in-my-world.com\/5-jojo\/produit\/cartable-moons-2\/\" \/>\n<meta property=\"og:site_name\" content=\"JOJO Factory\" \/>\n<meta property=\"article:publisher\" content=\"https:\/\/www.facebook.com\/p\/Jojo-Factory-100067143638106\/\" \/>\n<meta property=\"article:modified_time\" content=\"2024-01-11T12:27:53+00:00\" \/>\n<meta property=\"og:image\" content=\"https:\/\/in-my-world.com\/5-jojo\/wp-content\/uploads\/2023\/05\/p_5_5_7_7_5577-CARTABLE-HELLO-SIMONE-VINTAGE-TULIPS.jpg\" \/>\n\t<meta property=\"og:image:width\" content=\"1\" \/>\n\t<meta property=\"og:image:height\" content=\"1\" \/>\n\t<meta property=\"og:image:type\" content=\"image\/jpeg\" \/>\n<meta name=\"twitter:card\" content=\"summary_large_image\" \/>\n<script type=\"application\/ld+json\" class=\"yoast-schema-graph\">{\"@context\":\"https:\/\/schema.org\",\"@graph\":[{\"@type\":\"WebPage\",\"@id\":\"https:\/\/in-my-world.com\/5-jojo\/produit\/cartable-moons-2\/\",\"url\":\"https:\/\/in-my-world.com\/5-jojo\/produit\/cartable-moons-2\/\",\"name\":\"CARTABLE HELLO SIMONE VINTAGE TULIPS - JOJO Factory\",\"isPartOf\":{\"@id\":\"https:\/\/in-my-world.com\/5-jojo\/#website\"},\"datePublished\":\"2023-05-22T09:25:04+00:00\",\"dateModified\":\"2024-01-11T12:27:53+00:00\",\"breadcrumb\":{\"@id\":\"https:\/\/in-my-world.com\/5-jojo\/produit\/cartable-moons-2\/#breadcrumb\"},\"inLanguage\":\"fr-FR\",\"potentialAction\":[{\"@type\":\"ReadAction\",\"target\":[\"https:\/\/in-my-world.com\/5-jojo\/produit\/cartable-moons-2\/\"]}]},{\"@type\":\"BreadcrumbList\",\"@id\":\"https:\/\/in-my-world.com\/5-jojo\/produit\/cartable-moons-2\/#breadcrumb\",\"itemListElement\":[{\"@type\":\"ListItem\",\"position\":1,\"name\":\"Accueil\",\"item\":\"https:\/\/in-my-world.com\/5-jojo\/\"},{\"@type\":\"ListItem\",\"position\":2,\"name\":\"Boutique\",\"item\":\"https:\/\/in-my-world.com\/5-jojo\/boutique-2\/\"},{\"@type\":\"ListItem\",\"position\":3,\"name\":\"CARTABLE HELLO SIMONE VINTAGE TULIPS\"}]},{\"@type\":\"WebSite\",\"@id\":\"https:\/\/in-my-world.com\/5-jojo\/#website\",\"url\":\"https:\/\/in-my-world.com\/5-jojo\/\",\"name\":\"JOJO Factory\",\"description\":\"\",\"publisher\":{\"@id\":\"https:\/\/in-my-world.com\/5-jojo\/#organization\"},\"potentialAction\":[{\"@type\":\"SearchAction\",\"target\":{\"@type\":\"EntryPoint\",\"urlTemplate\":\"https:\/\/in-my-world.com\/5-jojo\/?s={search_term_string}\"},\"query-input\":\"required name=search_term_string\"}],\"inLanguage\":\"fr-FR\"},{\"@type\":\"Organization\",\"@id\":\"https:\/\/in-my-world.com\/5-jojo\/#organization\",\"name\":\"JOJO Factory\",\"url\":\"https:\/\/in-my-world.com\/5-jojo\/\",\"logo\":{\"@type\":\"ImageObject\",\"inLanguage\":\"fr-FR\",\"@id\":\"https:\/\/in-my-world.com\/5-jojo\/#\/schema\/logo\/image\/\",\"url\":\"https:\/\/in-my-world.com\/5-jojo\/wp-content\/uploads\/2023\/11\/cropped-favicon-jojo-factory.jpg\",\"contentUrl\":\"https:\/\/in-my-world.com\/5-jojo\/wp-content\/uploads\/2023\/11\/cropped-favicon-jojo-factory.jpg\",\"width\":512,\"height\":512,\"caption\":\"JOJO Factory\"},\"image\":{\"@id\":\"https:\/\/in-my-world.com\/5-jojo\/#\/schema\/logo\/image\/\"},\"sameAs\":[\"https:\/\/www.facebook.com\/p\/Jojo-Factory-100067143638106\/\",\"https:\/\/www.instagram.com\/jojofactory\/\"]}]}<\/script>\n<!-- \/ Yoast SEO plugin. -->","yoast_head_json":{"title":"CARTABLE HELLO SIMONE VINTAGE TULIPS - JOJO Factory","robots":{"index":"index","follow":"follow","max-snippet":"max-snippet:-1","max-image-preview":"max-image-preview:large","max-video-preview":"max-video-preview:-1"},"canonical":"https:\/\/in-my-world.com\/5-jojo\/produit\/cartable-moons-2\/","og_locale":"fr_FR","og_type":"article","og_title":"CARTABLE HELLO SIMONE VINTAGE TULIPS - JOJO Factory","og_description":"Cartable con\u00e7u pour la primaire a partir du CP. Contient les formats cahiers A4 et les classeurs 24x32cm","og_url":"https:\/\/in-my-world.com\/5-jojo\/produit\/cartable-moons-2\/","og_site_name":"JOJO Factory","article_publisher":"https:\/\/www.facebook.com\/p\/Jojo-Factory-100067143638106\/","article_modified_time":"2024-01-11T12:27:53+00:00","og_image":[{"url":"https:\/\/in-my-world.com\/5-jojo\/wp-content\/uploads\/2023\/05\/p_5_5_7_7_5577-CARTABLE-HELLO-SIMONE-VINTAGE-TULIPS.jpg","width":1,"height":1,"type":"image\/jpeg"}],"twitter_card":"summary_large_image","schema":{"@context":"https:\/\/schema.org","@graph":[{"@type":"WebPage","@id":"https:\/\/in-my-world.com\/5-jojo\/produit\/cartable-moons-2\/","url":"https:\/\/in-my-world.com\/5-jojo\/produit\/cartable-moons-2\/","name":"CARTABLE HELLO SIMONE VINTAGE TULIPS - JOJO Factory","isPartOf":{"@id":"https:\/\/in-my-world.com\/5-jojo\/#website"},"datePublished":"2023-05-22T09:25:04+00:00","dateModified":"2024-01-11T12:27:53+00:00","breadcrumb":{"@id":"https:\/\/in-my-world.com\/5-jojo\/produit\/cartable-moons-2\/#breadcrumb"},"inLanguage":"fr-FR","potentialAction":[{"@type":"ReadAction","target":["https:\/\/in-my-world.com\/5-jojo\/produit\/cartable-moons-2\/"]}]},{"@type":"BreadcrumbList","@id":"https:\/\/in-my-world.com\/5-jojo\/produit\/cartable-moons-2\/#breadcrumb","itemListElement":[{"@type":"ListItem","position":1,"name":"Accueil","item":"https:\/\/in-my-world.com\/5-jojo\/"},{"@type":"ListItem","position":2,"name":"Boutique","item":"https:\/\/in-my-world.com\/5-jojo\/boutique-2\/"},{"@type":"ListItem","position":3,"name":"CARTABLE HELLO SIMONE VINTAGE TULIPS"}]},{"@type":"WebSite","@id":"https:\/\/in-my-world.com\/5-jojo\/#website","url":"https:\/\/in-my-world.com\/5-jojo\/","name":"JOJO Factory","description":"","publisher":{"@id":"https:\/\/in-my-world.com\/5-jojo\/#organization"},"potentialAction":[{"@type":"SearchAction","target":{"@type":"EntryPoint","urlTemplate":"https:\/\/in-my-world.com\/5-jojo\/?s={search_term_string}"},"query-input":"required name=search_term_string"}],"inLanguage":"fr-FR"},{"@type":"Organization","@id":"https:\/\/in-my-world.com\/5-jojo\/#organization","name":"JOJO Factory","url":"https:\/\/in-my-world.com\/5-jojo\/","logo":{"@type":"ImageObject","inLanguage":"fr-FR","@id":"https:\/\/in-my-world.com\/5-jojo\/#\/schema\/logo\/image\/","url":"https:\/\/in-my-world.com\/5-jojo\/wp-content\/uploads\/2023\/11\/cropped-favicon-jojo-factory.jpg","contentUrl":"https:\/\/in-my-world.com\/5-jojo\/wp-content\/uploads\/2023\/11\/cropped-favicon-jojo-factory.jpg","width":512,"height":512,"caption":"JOJO Factory"},"image":{"@id":"https:\/\/in-my-world.com\/5-jojo\/#\/schema\/logo\/image\/"},"sameAs":["https:\/\/www.facebook.com\/p\/Jojo-Factory-100067143638106\/","https:\/\/www.instagram.com\/jojofactory\/"]}]}},"_links":{"self":[{"href":"https:\/\/in-my-world.com\/5-jojo\/wp-json\/wp\/v2\/product\/2250"}],"collection":[{"href":"https:\/\/in-my-world.com\/5-jojo\/wp-json\/wp\/v2\/product"}],"about":[{"href":"https:\/\/in-my-world.com\/5-jojo\/wp-json\/wp\/v2\/types\/product"}],"replies":[{"embeddable":true,"href":"https:\/\/in-my-world.com\/5-jojo\/wp-json\/wp\/v2\/comments?post=2250"}],"wp:featuredmedia":[{"embeddable":true,"href":"https:\/\/in-my-world.com\/5-jojo\/wp-json\/wp\/v2\/media\/2235"}],"wp:attachment":[{"href":"https:\/\/in-my-world.com\/5-jojo\/wp-json\/wp\/v2\/media?parent=2250"}],"wp:term":[{"taxonomy":"product_cat","embeddable":true,"href":"https:\/\/in-my-world.com\/5-jojo\/wp-json\/wp\/v2\/product_cat?post=2250"},{"taxonomy":"product_tag","embeddable":true,"href":"https:\/\/in-my-world.com\/5-jojo\/wp-json\/wp\/v2\/product_tag?post=2250"}],"curies":[{"name":"wp","href":"https:\/\/api.w.org\/{rel}","templated":true}]}}