{"id":2074,"date":"2023-01-12T15:25:39","date_gmt":"2023-01-12T14:25:39","guid":{"rendered":"https:\/\/in-my-world.com\/5-jojo\/produit\/large-beauty-bouclette-beige\/"},"modified":"2023-12-18T12:16:33","modified_gmt":"2023-12-18T11:16:33","slug":"large-beauty-bouclette-beige","status":"publish","type":"product","link":"https:\/\/in-my-world.com\/5-jojo\/produit\/large-beauty-bouclette-beige\/","title":{"rendered":"LARGE BEAUTY BOUCLETTE BEIGE"},"content":{"rendered":"<p style=\"box-sizing: inherit; margin-top: 0px; margin-bottom: 1rem; font-size: 15px; font-family: Abel, sans-serif; text-align: left;\">en fourrure de polyester,<\/p>\n<p style=\"box-sizing: inherit; margin-top: 0px; margin-bottom: 1rem; font-size: 15px; font-family: Abel, sans-serif; text-align: left;\">poche int\u00e9rieure plaqu\u00e9e.<\/p>\n<p style=\"box-sizing: inherit; margin-top: 0px; margin-bottom: 1rem; font-size: 15px; font-family: Abel, sans-serif; text-align: left;\">Double en coton bio.<\/p>\n<p style=\"box-sizing: inherit; margin-top: 0px; margin-bottom: 1rem; font-size: 15px; font-family: Abel, sans-serif; text-align: left;\">taille 25cm x 18cm x 8cm<\/p>\n<p style=\"box-sizing: inherit; margin-top: 0px; margin-bottom: 1rem; font-size: 15px; font-family: Abel, sans-serif; text-align: left;\">Nettoyage \u00e0 sec conseill\u00e9 pour conserver les propri\u00e9t\u00e9s du produit. (couleur, enduction et finitions)<\/p>\n<p style=\"box-sizing: inherit; margin-top: 0px; margin-bottom: 1rem; font-size: 15px; font-family: Abel, sans-serif; text-align: left;\">Chaque produit Jojo Factory est d\u00e9sormais emball\u00e9 dans un pochon r\u00e9utilisable en coton bio.<\/p>\n<p style=\"box-sizing: inherit; margin-top: 0px; margin-bottom: 1rem; font-size: 15px; font-family: Abel, sans-serif; text-align: left;\">Jojo Factory a \u00e9limin\u00e9 le plastique de tous ses conditionnements.<\/p>\n","protected":false},"excerpt":{"rendered":"<p style=\"box-sizing: inherit; margin-top: 0px; margin-bottom: 1rem; font-size: 15px; font-family: Abel, sans-serif; text-align: left;\">Trousse de toilette zipp\u00e9e .<\/p>\n<p style=\"box-sizing: inherit; margin-top: 0px; margin-bottom: 1rem; font-size: 15px; font-family: Abel, sans-serif; text-align: left;\">Pour les affaires de toilette, pratique, elle contient tout le n\u00e9cessaire de b\u00e9b\u00e9.<\/p>\n","protected":false},"featured_media":9862,"comment_status":"open","ping_status":"closed","template":"","meta":[],"product_cat":[30,122,38,134,52,34,56,62,178,186,184,192,200,204],"product_tag":[],"acf":[],"yoast_head":"<!-- This site is optimized with the Yoast SEO plugin v21.9 - https:\/\/yoast.com\/wordpress\/plugins\/seo\/ -->\n<title>LARGE BEAUTY BOUCLETTE BEIGE - JOJO Factory<\/title>\n<meta name=\"robots\" content=\"index, follow, max-snippet:-1, max-image-preview:large, max-video-preview:-1\" \/>\n<link rel=\"canonical\" href=\"https:\/\/in-my-world.com\/5-jojo\/produit\/large-beauty-bouclette-beige\/\" \/>\n<meta property=\"og:locale\" content=\"fr_FR\" \/>\n<meta property=\"og:type\" content=\"article\" \/>\n<meta property=\"og:title\" content=\"LARGE BEAUTY BOUCLETTE BEIGE - JOJO Factory\" \/>\n<meta property=\"og:description\" content=\"Trousse de toilette zipp\u00e9e . Pour les affaires de toilette, pratique, elle contient tout le n\u00e9cessaire de b\u00e9b\u00e9.\" \/>\n<meta property=\"og:url\" content=\"https:\/\/in-my-world.com\/5-jojo\/produit\/large-beauty-bouclette-beige\/\" \/>\n<meta property=\"og:site_name\" content=\"JOJO Factory\" \/>\n<meta property=\"article:publisher\" content=\"https:\/\/www.facebook.com\/p\/Jojo-Factory-100067143638106\/\" \/>\n<meta property=\"article:modified_time\" content=\"2023-12-18T11:16:33+00:00\" \/>\n<meta property=\"og:image\" content=\"https:\/\/in-my-world.com\/5-jojo\/wp-content\/uploads\/2023\/01\/LARGE-BEAUTY-BOUCLETTE-3760297783976-.jpg\" \/>\n\t<meta property=\"og:image:width\" content=\"528\" \/>\n\t<meta property=\"og:image:height\" content=\"528\" \/>\n\t<meta property=\"og:image:type\" content=\"image\/jpeg\" \/>\n<meta name=\"twitter:card\" content=\"summary_large_image\" \/>\n<script type=\"application\/ld+json\" class=\"yoast-schema-graph\">{\"@context\":\"https:\/\/schema.org\",\"@graph\":[{\"@type\":\"WebPage\",\"@id\":\"https:\/\/in-my-world.com\/5-jojo\/produit\/large-beauty-bouclette-beige\/\",\"url\":\"https:\/\/in-my-world.com\/5-jojo\/produit\/large-beauty-bouclette-beige\/\",\"name\":\"LARGE BEAUTY BOUCLETTE BEIGE - JOJO Factory\",\"isPartOf\":{\"@id\":\"https:\/\/in-my-world.com\/5-jojo\/#website\"},\"datePublished\":\"2023-01-12T14:25:39+00:00\",\"dateModified\":\"2023-12-18T11:16:33+00:00\",\"breadcrumb\":{\"@id\":\"https:\/\/in-my-world.com\/5-jojo\/produit\/large-beauty-bouclette-beige\/#breadcrumb\"},\"inLanguage\":\"fr-FR\",\"potentialAction\":[{\"@type\":\"ReadAction\",\"target\":[\"https:\/\/in-my-world.com\/5-jojo\/produit\/large-beauty-bouclette-beige\/\"]}]},{\"@type\":\"BreadcrumbList\",\"@id\":\"https:\/\/in-my-world.com\/5-jojo\/produit\/large-beauty-bouclette-beige\/#breadcrumb\",\"itemListElement\":[{\"@type\":\"ListItem\",\"position\":1,\"name\":\"Accueil\",\"item\":\"https:\/\/in-my-world.com\/5-jojo\/\"},{\"@type\":\"ListItem\",\"position\":2,\"name\":\"Boutique\",\"item\":\"https:\/\/in-my-world.com\/5-jojo\/boutique-2\/\"},{\"@type\":\"ListItem\",\"position\":3,\"name\":\"LARGE BEAUTY BOUCLETTE BEIGE\"}]},{\"@type\":\"WebSite\",\"@id\":\"https:\/\/in-my-world.com\/5-jojo\/#website\",\"url\":\"https:\/\/in-my-world.com\/5-jojo\/\",\"name\":\"JOJO Factory\",\"description\":\"\",\"publisher\":{\"@id\":\"https:\/\/in-my-world.com\/5-jojo\/#organization\"},\"potentialAction\":[{\"@type\":\"SearchAction\",\"target\":{\"@type\":\"EntryPoint\",\"urlTemplate\":\"https:\/\/in-my-world.com\/5-jojo\/?s={search_term_string}\"},\"query-input\":\"required name=search_term_string\"}],\"inLanguage\":\"fr-FR\"},{\"@type\":\"Organization\",\"@id\":\"https:\/\/in-my-world.com\/5-jojo\/#organization\",\"name\":\"JOJO Factory\",\"url\":\"https:\/\/in-my-world.com\/5-jojo\/\",\"logo\":{\"@type\":\"ImageObject\",\"inLanguage\":\"fr-FR\",\"@id\":\"https:\/\/in-my-world.com\/5-jojo\/#\/schema\/logo\/image\/\",\"url\":\"https:\/\/in-my-world.com\/5-jojo\/wp-content\/uploads\/2023\/11\/cropped-favicon-jojo-factory.jpg\",\"contentUrl\":\"https:\/\/in-my-world.com\/5-jojo\/wp-content\/uploads\/2023\/11\/cropped-favicon-jojo-factory.jpg\",\"width\":512,\"height\":512,\"caption\":\"JOJO Factory\"},\"image\":{\"@id\":\"https:\/\/in-my-world.com\/5-jojo\/#\/schema\/logo\/image\/\"},\"sameAs\":[\"https:\/\/www.facebook.com\/p\/Jojo-Factory-100067143638106\/\",\"https:\/\/www.instagram.com\/jojofactory\/\"]}]}<\/script>\n<!-- \/ Yoast SEO plugin. -->","yoast_head_json":{"title":"LARGE BEAUTY BOUCLETTE BEIGE - JOJO Factory","robots":{"index":"index","follow":"follow","max-snippet":"max-snippet:-1","max-image-preview":"max-image-preview:large","max-video-preview":"max-video-preview:-1"},"canonical":"https:\/\/in-my-world.com\/5-jojo\/produit\/large-beauty-bouclette-beige\/","og_locale":"fr_FR","og_type":"article","og_title":"LARGE BEAUTY BOUCLETTE BEIGE - JOJO Factory","og_description":"Trousse de toilette zipp\u00e9e . Pour les affaires de toilette, pratique, elle contient tout le n\u00e9cessaire de b\u00e9b\u00e9.","og_url":"https:\/\/in-my-world.com\/5-jojo\/produit\/large-beauty-bouclette-beige\/","og_site_name":"JOJO Factory","article_publisher":"https:\/\/www.facebook.com\/p\/Jojo-Factory-100067143638106\/","article_modified_time":"2023-12-18T11:16:33+00:00","og_image":[{"width":528,"height":528,"url":"https:\/\/in-my-world.com\/5-jojo\/wp-content\/uploads\/2023\/01\/LARGE-BEAUTY-BOUCLETTE-3760297783976-.jpg","type":"image\/jpeg"}],"twitter_card":"summary_large_image","schema":{"@context":"https:\/\/schema.org","@graph":[{"@type":"WebPage","@id":"https:\/\/in-my-world.com\/5-jojo\/produit\/large-beauty-bouclette-beige\/","url":"https:\/\/in-my-world.com\/5-jojo\/produit\/large-beauty-bouclette-beige\/","name":"LARGE BEAUTY BOUCLETTE BEIGE - JOJO Factory","isPartOf":{"@id":"https:\/\/in-my-world.com\/5-jojo\/#website"},"datePublished":"2023-01-12T14:25:39+00:00","dateModified":"2023-12-18T11:16:33+00:00","breadcrumb":{"@id":"https:\/\/in-my-world.com\/5-jojo\/produit\/large-beauty-bouclette-beige\/#breadcrumb"},"inLanguage":"fr-FR","potentialAction":[{"@type":"ReadAction","target":["https:\/\/in-my-world.com\/5-jojo\/produit\/large-beauty-bouclette-beige\/"]}]},{"@type":"BreadcrumbList","@id":"https:\/\/in-my-world.com\/5-jojo\/produit\/large-beauty-bouclette-beige\/#breadcrumb","itemListElement":[{"@type":"ListItem","position":1,"name":"Accueil","item":"https:\/\/in-my-world.com\/5-jojo\/"},{"@type":"ListItem","position":2,"name":"Boutique","item":"https:\/\/in-my-world.com\/5-jojo\/boutique-2\/"},{"@type":"ListItem","position":3,"name":"LARGE BEAUTY BOUCLETTE BEIGE"}]},{"@type":"WebSite","@id":"https:\/\/in-my-world.com\/5-jojo\/#website","url":"https:\/\/in-my-world.com\/5-jojo\/","name":"JOJO Factory","description":"","publisher":{"@id":"https:\/\/in-my-world.com\/5-jojo\/#organization"},"potentialAction":[{"@type":"SearchAction","target":{"@type":"EntryPoint","urlTemplate":"https:\/\/in-my-world.com\/5-jojo\/?s={search_term_string}"},"query-input":"required name=search_term_string"}],"inLanguage":"fr-FR"},{"@type":"Organization","@id":"https:\/\/in-my-world.com\/5-jojo\/#organization","name":"JOJO Factory","url":"https:\/\/in-my-world.com\/5-jojo\/","logo":{"@type":"ImageObject","inLanguage":"fr-FR","@id":"https:\/\/in-my-world.com\/5-jojo\/#\/schema\/logo\/image\/","url":"https:\/\/in-my-world.com\/5-jojo\/wp-content\/uploads\/2023\/11\/cropped-favicon-jojo-factory.jpg","contentUrl":"https:\/\/in-my-world.com\/5-jojo\/wp-content\/uploads\/2023\/11\/cropped-favicon-jojo-factory.jpg","width":512,"height":512,"caption":"JOJO Factory"},"image":{"@id":"https:\/\/in-my-world.com\/5-jojo\/#\/schema\/logo\/image\/"},"sameAs":["https:\/\/www.facebook.com\/p\/Jojo-Factory-100067143638106\/","https:\/\/www.instagram.com\/jojofactory\/"]}]}},"_links":{"self":[{"href":"https:\/\/in-my-world.com\/5-jojo\/wp-json\/wp\/v2\/product\/2074"}],"collection":[{"href":"https:\/\/in-my-world.com\/5-jojo\/wp-json\/wp\/v2\/product"}],"about":[{"href":"https:\/\/in-my-world.com\/5-jojo\/wp-json\/wp\/v2\/types\/product"}],"replies":[{"embeddable":true,"href":"https:\/\/in-my-world.com\/5-jojo\/wp-json\/wp\/v2\/comments?post=2074"}],"wp:featuredmedia":[{"embeddable":true,"href":"https:\/\/in-my-world.com\/5-jojo\/wp-json\/wp\/v2\/media\/9862"}],"wp:attachment":[{"href":"https:\/\/in-my-world.com\/5-jojo\/wp-json\/wp\/v2\/media?parent=2074"}],"wp:term":[{"taxonomy":"product_cat","embeddable":true,"href":"https:\/\/in-my-world.com\/5-jojo\/wp-json\/wp\/v2\/product_cat?post=2074"},{"taxonomy":"product_tag","embeddable":true,"href":"https:\/\/in-my-world.com\/5-jojo\/wp-json\/wp\/v2\/product_tag?post=2074"}],"curies":[{"name":"wp","href":"https:\/\/api.w.org\/{rel}","templated":true}]}}