{"id":1781,"date":"2022-07-06T10:51:22","date_gmt":"2022-07-06T08:51:22","guid":{"rendered":"https:\/\/in-my-world.com\/5-jojo\/produit\/jojo-bottle-love-denim\/"},"modified":"2023-10-12T10:15:49","modified_gmt":"2023-10-12T08:15:49","slug":"jojo-bottle-love-denim","status":"publish","type":"product","link":"https:\/\/in-my-world.com\/5-jojo\/produit\/jojo-bottle-love-denim\/","title":{"rendered":"JOJO BOTTLE LOVE DENIM"},"content":{"rendered":"<p style=\"box-sizing: inherit; margin-top: 0px; margin-bottom: 1rem; font-size: 15px; font-family: Abel, sans-serif; text-align: left;\">en toile de coton et int\u00e9rieur isotherme,<\/p>\n<p style=\"box-sizing: inherit; margin-top: 0px; margin-bottom: 1rem; font-size: 15px; font-family: Abel, sans-serif; text-align: left;\">lani\u00e8re en tissu. Inclus une gourde en inox grav\u00e9 avec le logo jojo.<\/p>\n<p style=\"box-sizing: inherit; margin-top: 0px; margin-bottom: 1rem; font-size: 15px; font-family: Abel, sans-serif; text-align: left;\">taille 20cm x 9cm x 9cm.<\/p>\n<p style=\"box-sizing: inherit; margin-top: 0px; margin-bottom: 1rem; font-size: 15px; font-family: Abel, sans-serif; text-align: left;\"><span style=\"box-sizing: inherit;\">Nettoyage \u00e0 sec conseill\u00e9 pour conserver les propri\u00e9t\u00e9s du produit. (couleur, enduction et finitions)<\/span><\/p>\n<p style=\"box-sizing: inherit; margin-top: 0px; margin-bottom: 1rem; font-size: 15px; font-family: Abel, sans-serif; text-align: left;\">Chaque produit Jojo Factory est d\u00e9sormais emball\u00e9 dans un pochon r\u00e9utilisable en coton bio.<\/p>\n<p style=\"box-sizing: inherit; margin-top: 0px; margin-bottom: 1rem; font-size: 15px; font-family: Abel, sans-serif; text-align: left;\">Jojo Factory a \u00e9limin\u00e9 le plastique de tous ses conditionnements.<\/p>\n","protected":false},"excerpt":{"rendered":"<p style=\"box-sizing: inherit; margin-top: 0px; margin-bottom: 1rem; font-size: 15px; font-family: Abel, sans-serif; text-align: left;\">Etui porte gourde en Denim et gourde en inox.<\/p>\n<p style=\"text-align: left;\">\n","protected":false},"featured_media":1769,"comment_status":"open","ping_status":"closed","template":"","meta":[],"product_cat":[30,102,114,40,134,150,56,36,166,182],"product_tag":[],"acf":[],"yoast_head":"<!-- This site is optimized with the Yoast SEO plugin v21.9 - https:\/\/yoast.com\/wordpress\/plugins\/seo\/ -->\n<title>JOJO BOTTLE LOVE DENIM - JOJO Factory<\/title>\n<meta name=\"robots\" content=\"index, follow, max-snippet:-1, max-image-preview:large, max-video-preview:-1\" \/>\n<link rel=\"canonical\" href=\"https:\/\/in-my-world.com\/5-jojo\/produit\/jojo-bottle-love-denim\/\" \/>\n<meta property=\"og:locale\" content=\"fr_FR\" \/>\n<meta property=\"og:type\" content=\"article\" \/>\n<meta property=\"og:title\" content=\"JOJO BOTTLE LOVE DENIM - JOJO Factory\" \/>\n<meta property=\"og:description\" content=\"Etui porte gourde en Denim et gourde en inox.\" \/>\n<meta property=\"og:url\" content=\"https:\/\/in-my-world.com\/5-jojo\/produit\/jojo-bottle-love-denim\/\" \/>\n<meta property=\"og:site_name\" content=\"JOJO Factory\" \/>\n<meta property=\"article:publisher\" content=\"https:\/\/www.facebook.com\/p\/Jojo-Factory-100067143638106\/\" \/>\n<meta property=\"article:modified_time\" content=\"2023-10-12T08:15:49+00:00\" \/>\n<meta property=\"og:image\" content=\"https:\/\/in-my-world.com\/5-jojo\/wp-content\/uploads\/2022\/07\/p_4_8_2_1_4821-JOJO-BOTTLE-LOVE-DENIM.jpg\" \/>\n\t<meta property=\"og:image:width\" content=\"1\" \/>\n\t<meta property=\"og:image:height\" content=\"1\" \/>\n\t<meta property=\"og:image:type\" content=\"image\/jpeg\" \/>\n<meta name=\"twitter:card\" content=\"summary_large_image\" \/>\n<script type=\"application\/ld+json\" class=\"yoast-schema-graph\">{\"@context\":\"https:\/\/schema.org\",\"@graph\":[{\"@type\":\"WebPage\",\"@id\":\"https:\/\/in-my-world.com\/5-jojo\/produit\/jojo-bottle-love-denim\/\",\"url\":\"https:\/\/in-my-world.com\/5-jojo\/produit\/jojo-bottle-love-denim\/\",\"name\":\"JOJO BOTTLE LOVE DENIM - JOJO Factory\",\"isPartOf\":{\"@id\":\"https:\/\/in-my-world.com\/5-jojo\/#website\"},\"datePublished\":\"2022-07-06T08:51:22+00:00\",\"dateModified\":\"2023-10-12T08:15:49+00:00\",\"breadcrumb\":{\"@id\":\"https:\/\/in-my-world.com\/5-jojo\/produit\/jojo-bottle-love-denim\/#breadcrumb\"},\"inLanguage\":\"fr-FR\",\"potentialAction\":[{\"@type\":\"ReadAction\",\"target\":[\"https:\/\/in-my-world.com\/5-jojo\/produit\/jojo-bottle-love-denim\/\"]}]},{\"@type\":\"BreadcrumbList\",\"@id\":\"https:\/\/in-my-world.com\/5-jojo\/produit\/jojo-bottle-love-denim\/#breadcrumb\",\"itemListElement\":[{\"@type\":\"ListItem\",\"position\":1,\"name\":\"Accueil\",\"item\":\"https:\/\/in-my-world.com\/5-jojo\/\"},{\"@type\":\"ListItem\",\"position\":2,\"name\":\"Boutique\",\"item\":\"https:\/\/in-my-world.com\/5-jojo\/boutique-2\/\"},{\"@type\":\"ListItem\",\"position\":3,\"name\":\"JOJO BOTTLE LOVE DENIM\"}]},{\"@type\":\"WebSite\",\"@id\":\"https:\/\/in-my-world.com\/5-jojo\/#website\",\"url\":\"https:\/\/in-my-world.com\/5-jojo\/\",\"name\":\"JOJO Factory\",\"description\":\"\",\"publisher\":{\"@id\":\"https:\/\/in-my-world.com\/5-jojo\/#organization\"},\"potentialAction\":[{\"@type\":\"SearchAction\",\"target\":{\"@type\":\"EntryPoint\",\"urlTemplate\":\"https:\/\/in-my-world.com\/5-jojo\/?s={search_term_string}\"},\"query-input\":\"required name=search_term_string\"}],\"inLanguage\":\"fr-FR\"},{\"@type\":\"Organization\",\"@id\":\"https:\/\/in-my-world.com\/5-jojo\/#organization\",\"name\":\"JOJO Factory\",\"url\":\"https:\/\/in-my-world.com\/5-jojo\/\",\"logo\":{\"@type\":\"ImageObject\",\"inLanguage\":\"fr-FR\",\"@id\":\"https:\/\/in-my-world.com\/5-jojo\/#\/schema\/logo\/image\/\",\"url\":\"https:\/\/in-my-world.com\/5-jojo\/wp-content\/uploads\/2023\/11\/cropped-favicon-jojo-factory.jpg\",\"contentUrl\":\"https:\/\/in-my-world.com\/5-jojo\/wp-content\/uploads\/2023\/11\/cropped-favicon-jojo-factory.jpg\",\"width\":512,\"height\":512,\"caption\":\"JOJO Factory\"},\"image\":{\"@id\":\"https:\/\/in-my-world.com\/5-jojo\/#\/schema\/logo\/image\/\"},\"sameAs\":[\"https:\/\/www.facebook.com\/p\/Jojo-Factory-100067143638106\/\",\"https:\/\/www.instagram.com\/jojofactory\/\"]}]}<\/script>\n<!-- \/ Yoast SEO plugin. -->","yoast_head_json":{"title":"JOJO BOTTLE LOVE DENIM - JOJO Factory","robots":{"index":"index","follow":"follow","max-snippet":"max-snippet:-1","max-image-preview":"max-image-preview:large","max-video-preview":"max-video-preview:-1"},"canonical":"https:\/\/in-my-world.com\/5-jojo\/produit\/jojo-bottle-love-denim\/","og_locale":"fr_FR","og_type":"article","og_title":"JOJO BOTTLE LOVE DENIM - JOJO Factory","og_description":"Etui porte gourde en Denim et gourde en inox.","og_url":"https:\/\/in-my-world.com\/5-jojo\/produit\/jojo-bottle-love-denim\/","og_site_name":"JOJO Factory","article_publisher":"https:\/\/www.facebook.com\/p\/Jojo-Factory-100067143638106\/","article_modified_time":"2023-10-12T08:15:49+00:00","og_image":[{"url":"https:\/\/in-my-world.com\/5-jojo\/wp-content\/uploads\/2022\/07\/p_4_8_2_1_4821-JOJO-BOTTLE-LOVE-DENIM.jpg","width":1,"height":1,"type":"image\/jpeg"}],"twitter_card":"summary_large_image","schema":{"@context":"https:\/\/schema.org","@graph":[{"@type":"WebPage","@id":"https:\/\/in-my-world.com\/5-jojo\/produit\/jojo-bottle-love-denim\/","url":"https:\/\/in-my-world.com\/5-jojo\/produit\/jojo-bottle-love-denim\/","name":"JOJO BOTTLE LOVE DENIM - JOJO Factory","isPartOf":{"@id":"https:\/\/in-my-world.com\/5-jojo\/#website"},"datePublished":"2022-07-06T08:51:22+00:00","dateModified":"2023-10-12T08:15:49+00:00","breadcrumb":{"@id":"https:\/\/in-my-world.com\/5-jojo\/produit\/jojo-bottle-love-denim\/#breadcrumb"},"inLanguage":"fr-FR","potentialAction":[{"@type":"ReadAction","target":["https:\/\/in-my-world.com\/5-jojo\/produit\/jojo-bottle-love-denim\/"]}]},{"@type":"BreadcrumbList","@id":"https:\/\/in-my-world.com\/5-jojo\/produit\/jojo-bottle-love-denim\/#breadcrumb","itemListElement":[{"@type":"ListItem","position":1,"name":"Accueil","item":"https:\/\/in-my-world.com\/5-jojo\/"},{"@type":"ListItem","position":2,"name":"Boutique","item":"https:\/\/in-my-world.com\/5-jojo\/boutique-2\/"},{"@type":"ListItem","position":3,"name":"JOJO BOTTLE LOVE DENIM"}]},{"@type":"WebSite","@id":"https:\/\/in-my-world.com\/5-jojo\/#website","url":"https:\/\/in-my-world.com\/5-jojo\/","name":"JOJO Factory","description":"","publisher":{"@id":"https:\/\/in-my-world.com\/5-jojo\/#organization"},"potentialAction":[{"@type":"SearchAction","target":{"@type":"EntryPoint","urlTemplate":"https:\/\/in-my-world.com\/5-jojo\/?s={search_term_string}"},"query-input":"required name=search_term_string"}],"inLanguage":"fr-FR"},{"@type":"Organization","@id":"https:\/\/in-my-world.com\/5-jojo\/#organization","name":"JOJO Factory","url":"https:\/\/in-my-world.com\/5-jojo\/","logo":{"@type":"ImageObject","inLanguage":"fr-FR","@id":"https:\/\/in-my-world.com\/5-jojo\/#\/schema\/logo\/image\/","url":"https:\/\/in-my-world.com\/5-jojo\/wp-content\/uploads\/2023\/11\/cropped-favicon-jojo-factory.jpg","contentUrl":"https:\/\/in-my-world.com\/5-jojo\/wp-content\/uploads\/2023\/11\/cropped-favicon-jojo-factory.jpg","width":512,"height":512,"caption":"JOJO Factory"},"image":{"@id":"https:\/\/in-my-world.com\/5-jojo\/#\/schema\/logo\/image\/"},"sameAs":["https:\/\/www.facebook.com\/p\/Jojo-Factory-100067143638106\/","https:\/\/www.instagram.com\/jojofactory\/"]}]}},"_links":{"self":[{"href":"https:\/\/in-my-world.com\/5-jojo\/wp-json\/wp\/v2\/product\/1781"}],"collection":[{"href":"https:\/\/in-my-world.com\/5-jojo\/wp-json\/wp\/v2\/product"}],"about":[{"href":"https:\/\/in-my-world.com\/5-jojo\/wp-json\/wp\/v2\/types\/product"}],"replies":[{"embeddable":true,"href":"https:\/\/in-my-world.com\/5-jojo\/wp-json\/wp\/v2\/comments?post=1781"}],"wp:featuredmedia":[{"embeddable":true,"href":"https:\/\/in-my-world.com\/5-jojo\/wp-json\/wp\/v2\/media\/1769"}],"wp:attachment":[{"href":"https:\/\/in-my-world.com\/5-jojo\/wp-json\/wp\/v2\/media?parent=1781"}],"wp:term":[{"taxonomy":"product_cat","embeddable":true,"href":"https:\/\/in-my-world.com\/5-jojo\/wp-json\/wp\/v2\/product_cat?post=1781"},{"taxonomy":"product_tag","embeddable":true,"href":"https:\/\/in-my-world.com\/5-jojo\/wp-json\/wp\/v2\/product_tag?post=1781"}],"curies":[{"name":"wp","href":"https:\/\/api.w.org\/{rel}","templated":true}]}}