{"id":1410,"date":"2022-01-11T20:25:43","date_gmt":"2022-01-11T19:25:43","guid":{"rendered":"https:\/\/in-my-world.com\/5-jojo\/produit\/soft-pack-uni-123-soleil\/"},"modified":"2024-01-18T10:40:25","modified_gmt":"2024-01-18T09:40:25","slug":"soft-pack-uni-123-soleil","status":"publish","type":"product","link":"https:\/\/in-my-world.com\/5-jojo\/produit\/soft-pack-uni-123-soleil\/","title":{"rendered":"SOFT PACK UNI 123 SOLEIL"},"content":{"rendered":"<p style=\"text-align: left;\">en jean de coton doux au toucher avec enduction l\u00e9g\u00e8re au dos,<\/p>\n<p style=\"text-align: left;\">bretelles r\u00e9glables en coton, poign\u00e9e en sangle de coton.<\/p>\n<p style=\"text-align: left;\">Broderie TOTEM sur le devant.\u00a0 Poche frontale zipp\u00e9e.<\/p>\n<p style=\"text-align: left;\">taille 21cm x 30cm x 10cm<\/p>\n<p style=\"text-align: left;\">Nettoyage \u00e0 sec recommand\u00e9 pour maintenir les propri\u00e9t\u00e9s du produit. (couleur, rev\u00eatement et finitions cuir naturel)<\/p>\n<p style=\"text-align: left;\">\u00a0Chaque produit Jojo Factory est d\u00e9sormais conditionn\u00e9 dans une pochette r\u00e9utilisable en coton biologique.<\/p>\n<p style=\"text-align: left;\">\u00a0Jojo Factory a \u00e9limin\u00e9 le plastique de tous ses emballages.<\/p>\n","protected":false},"excerpt":{"rendered":"<p style=\"text-align: left;\">Petit sac \u00e0 dos primaire en Jean.<\/p>\n","protected":false},"featured_media":9702,"comment_status":"open","ping_status":"closed","template":"","meta":[],"product_cat":[54,152,56,36,182,70],"product_tag":[],"acf":[],"yoast_head":"<!-- This site is optimized with the Yoast SEO plugin v21.9 - https:\/\/yoast.com\/wordpress\/plugins\/seo\/ -->\n<title>SOFT PACK UNI 123 SOLEIL - JOJO Factory<\/title>\n<meta name=\"robots\" content=\"index, follow, max-snippet:-1, max-image-preview:large, max-video-preview:-1\" \/>\n<link rel=\"canonical\" href=\"https:\/\/in-my-world.com\/5-jojo\/produit\/soft-pack-uni-123-soleil\/\" \/>\n<meta property=\"og:locale\" content=\"fr_FR\" \/>\n<meta property=\"og:type\" content=\"article\" \/>\n<meta property=\"og:title\" content=\"SOFT PACK UNI 123 SOLEIL - JOJO Factory\" \/>\n<meta property=\"og:description\" content=\"Petit sac \u00e0 dos primaire en Jean.\" \/>\n<meta property=\"og:url\" content=\"https:\/\/in-my-world.com\/5-jojo\/produit\/soft-pack-uni-123-soleil\/\" \/>\n<meta property=\"og:site_name\" content=\"JOJO Factory\" \/>\n<meta property=\"article:publisher\" content=\"https:\/\/www.facebook.com\/p\/Jojo-Factory-100067143638106\/\" \/>\n<meta property=\"article:modified_time\" content=\"2024-01-18T09:40:25+00:00\" \/>\n<meta property=\"og:image\" content=\"https:\/\/in-my-world.com\/5-jojo\/wp-content\/uploads\/2021\/06\/Sans-titre-3.jpg\" \/>\n\t<meta property=\"og:image:width\" content=\"528\" \/>\n\t<meta property=\"og:image:height\" content=\"528\" \/>\n\t<meta property=\"og:image:type\" content=\"image\/jpeg\" \/>\n<meta name=\"twitter:card\" content=\"summary_large_image\" \/>\n<script type=\"application\/ld+json\" class=\"yoast-schema-graph\">{\"@context\":\"https:\/\/schema.org\",\"@graph\":[{\"@type\":\"WebPage\",\"@id\":\"https:\/\/in-my-world.com\/5-jojo\/produit\/soft-pack-uni-123-soleil\/\",\"url\":\"https:\/\/in-my-world.com\/5-jojo\/produit\/soft-pack-uni-123-soleil\/\",\"name\":\"SOFT PACK UNI 123 SOLEIL - JOJO Factory\",\"isPartOf\":{\"@id\":\"https:\/\/in-my-world.com\/5-jojo\/#website\"},\"datePublished\":\"2022-01-11T19:25:43+00:00\",\"dateModified\":\"2024-01-18T09:40:25+00:00\",\"breadcrumb\":{\"@id\":\"https:\/\/in-my-world.com\/5-jojo\/produit\/soft-pack-uni-123-soleil\/#breadcrumb\"},\"inLanguage\":\"fr-FR\",\"potentialAction\":[{\"@type\":\"ReadAction\",\"target\":[\"https:\/\/in-my-world.com\/5-jojo\/produit\/soft-pack-uni-123-soleil\/\"]}]},{\"@type\":\"BreadcrumbList\",\"@id\":\"https:\/\/in-my-world.com\/5-jojo\/produit\/soft-pack-uni-123-soleil\/#breadcrumb\",\"itemListElement\":[{\"@type\":\"ListItem\",\"position\":1,\"name\":\"Accueil\",\"item\":\"https:\/\/in-my-world.com\/5-jojo\/\"},{\"@type\":\"ListItem\",\"position\":2,\"name\":\"Boutique\",\"item\":\"https:\/\/in-my-world.com\/5-jojo\/boutique-2\/\"},{\"@type\":\"ListItem\",\"position\":3,\"name\":\"SOFT PACK UNI 123 SOLEIL\"}]},{\"@type\":\"WebSite\",\"@id\":\"https:\/\/in-my-world.com\/5-jojo\/#website\",\"url\":\"https:\/\/in-my-world.com\/5-jojo\/\",\"name\":\"JOJO Factory\",\"description\":\"\",\"publisher\":{\"@id\":\"https:\/\/in-my-world.com\/5-jojo\/#organization\"},\"potentialAction\":[{\"@type\":\"SearchAction\",\"target\":{\"@type\":\"EntryPoint\",\"urlTemplate\":\"https:\/\/in-my-world.com\/5-jojo\/?s={search_term_string}\"},\"query-input\":\"required name=search_term_string\"}],\"inLanguage\":\"fr-FR\"},{\"@type\":\"Organization\",\"@id\":\"https:\/\/in-my-world.com\/5-jojo\/#organization\",\"name\":\"JOJO Factory\",\"url\":\"https:\/\/in-my-world.com\/5-jojo\/\",\"logo\":{\"@type\":\"ImageObject\",\"inLanguage\":\"fr-FR\",\"@id\":\"https:\/\/in-my-world.com\/5-jojo\/#\/schema\/logo\/image\/\",\"url\":\"https:\/\/in-my-world.com\/5-jojo\/wp-content\/uploads\/2023\/11\/cropped-favicon-jojo-factory.jpg\",\"contentUrl\":\"https:\/\/in-my-world.com\/5-jojo\/wp-content\/uploads\/2023\/11\/cropped-favicon-jojo-factory.jpg\",\"width\":512,\"height\":512,\"caption\":\"JOJO Factory\"},\"image\":{\"@id\":\"https:\/\/in-my-world.com\/5-jojo\/#\/schema\/logo\/image\/\"},\"sameAs\":[\"https:\/\/www.facebook.com\/p\/Jojo-Factory-100067143638106\/\",\"https:\/\/www.instagram.com\/jojofactory\/\"]}]}<\/script>\n<!-- \/ Yoast SEO plugin. -->","yoast_head_json":{"title":"SOFT PACK UNI 123 SOLEIL - JOJO Factory","robots":{"index":"index","follow":"follow","max-snippet":"max-snippet:-1","max-image-preview":"max-image-preview:large","max-video-preview":"max-video-preview:-1"},"canonical":"https:\/\/in-my-world.com\/5-jojo\/produit\/soft-pack-uni-123-soleil\/","og_locale":"fr_FR","og_type":"article","og_title":"SOFT PACK UNI 123 SOLEIL - JOJO Factory","og_description":"Petit sac \u00e0 dos primaire en Jean.","og_url":"https:\/\/in-my-world.com\/5-jojo\/produit\/soft-pack-uni-123-soleil\/","og_site_name":"JOJO Factory","article_publisher":"https:\/\/www.facebook.com\/p\/Jojo-Factory-100067143638106\/","article_modified_time":"2024-01-18T09:40:25+00:00","og_image":[{"width":528,"height":528,"url":"https:\/\/in-my-world.com\/5-jojo\/wp-content\/uploads\/2021\/06\/Sans-titre-3.jpg","type":"image\/jpeg"}],"twitter_card":"summary_large_image","schema":{"@context":"https:\/\/schema.org","@graph":[{"@type":"WebPage","@id":"https:\/\/in-my-world.com\/5-jojo\/produit\/soft-pack-uni-123-soleil\/","url":"https:\/\/in-my-world.com\/5-jojo\/produit\/soft-pack-uni-123-soleil\/","name":"SOFT PACK UNI 123 SOLEIL - JOJO Factory","isPartOf":{"@id":"https:\/\/in-my-world.com\/5-jojo\/#website"},"datePublished":"2022-01-11T19:25:43+00:00","dateModified":"2024-01-18T09:40:25+00:00","breadcrumb":{"@id":"https:\/\/in-my-world.com\/5-jojo\/produit\/soft-pack-uni-123-soleil\/#breadcrumb"},"inLanguage":"fr-FR","potentialAction":[{"@type":"ReadAction","target":["https:\/\/in-my-world.com\/5-jojo\/produit\/soft-pack-uni-123-soleil\/"]}]},{"@type":"BreadcrumbList","@id":"https:\/\/in-my-world.com\/5-jojo\/produit\/soft-pack-uni-123-soleil\/#breadcrumb","itemListElement":[{"@type":"ListItem","position":1,"name":"Accueil","item":"https:\/\/in-my-world.com\/5-jojo\/"},{"@type":"ListItem","position":2,"name":"Boutique","item":"https:\/\/in-my-world.com\/5-jojo\/boutique-2\/"},{"@type":"ListItem","position":3,"name":"SOFT PACK UNI 123 SOLEIL"}]},{"@type":"WebSite","@id":"https:\/\/in-my-world.com\/5-jojo\/#website","url":"https:\/\/in-my-world.com\/5-jojo\/","name":"JOJO Factory","description":"","publisher":{"@id":"https:\/\/in-my-world.com\/5-jojo\/#organization"},"potentialAction":[{"@type":"SearchAction","target":{"@type":"EntryPoint","urlTemplate":"https:\/\/in-my-world.com\/5-jojo\/?s={search_term_string}"},"query-input":"required name=search_term_string"}],"inLanguage":"fr-FR"},{"@type":"Organization","@id":"https:\/\/in-my-world.com\/5-jojo\/#organization","name":"JOJO Factory","url":"https:\/\/in-my-world.com\/5-jojo\/","logo":{"@type":"ImageObject","inLanguage":"fr-FR","@id":"https:\/\/in-my-world.com\/5-jojo\/#\/schema\/logo\/image\/","url":"https:\/\/in-my-world.com\/5-jojo\/wp-content\/uploads\/2023\/11\/cropped-favicon-jojo-factory.jpg","contentUrl":"https:\/\/in-my-world.com\/5-jojo\/wp-content\/uploads\/2023\/11\/cropped-favicon-jojo-factory.jpg","width":512,"height":512,"caption":"JOJO Factory"},"image":{"@id":"https:\/\/in-my-world.com\/5-jojo\/#\/schema\/logo\/image\/"},"sameAs":["https:\/\/www.facebook.com\/p\/Jojo-Factory-100067143638106\/","https:\/\/www.instagram.com\/jojofactory\/"]}]}},"_links":{"self":[{"href":"https:\/\/in-my-world.com\/5-jojo\/wp-json\/wp\/v2\/product\/1410"}],"collection":[{"href":"https:\/\/in-my-world.com\/5-jojo\/wp-json\/wp\/v2\/product"}],"about":[{"href":"https:\/\/in-my-world.com\/5-jojo\/wp-json\/wp\/v2\/types\/product"}],"replies":[{"embeddable":true,"href":"https:\/\/in-my-world.com\/5-jojo\/wp-json\/wp\/v2\/comments?post=1410"}],"wp:featuredmedia":[{"embeddable":true,"href":"https:\/\/in-my-world.com\/5-jojo\/wp-json\/wp\/v2\/media\/9702"}],"wp:attachment":[{"href":"https:\/\/in-my-world.com\/5-jojo\/wp-json\/wp\/v2\/media?parent=1410"}],"wp:term":[{"taxonomy":"product_cat","embeddable":true,"href":"https:\/\/in-my-world.com\/5-jojo\/wp-json\/wp\/v2\/product_cat?post=1410"},{"taxonomy":"product_tag","embeddable":true,"href":"https:\/\/in-my-world.com\/5-jojo\/wp-json\/wp\/v2\/product_tag?post=1410"}],"curies":[{"name":"wp","href":"https:\/\/api.w.org\/{rel}","templated":true}]}}