{"id":1190,"date":"2021-06-15T12:11:45","date_gmt":"2021-06-15T10:11:45","guid":{"rendered":"https:\/\/in-my-world.com\/5-jojo\/produit\/large-beauty-land\/"},"modified":"2024-01-17T08:43:35","modified_gmt":"2024-01-17T07:43:35","slug":"large-beauty-land","status":"publish","type":"product","link":"https:\/\/in-my-world.com\/5-jojo\/produit\/large-beauty-land\/","title":{"rendered":"LARGE BEAUTY LAND"},"content":{"rendered":"<p style=\"box-sizing: inherit; margin-top: 0px; margin-bottom: 1rem; font-size: 15px; font-family: Abel, sans-serif; text-align: left;\">en toile de polyester<\/p>\n<p style=\"box-sizing: inherit; margin-top: 0px; margin-bottom: 1rem; font-size: 15px; font-family: Abel, sans-serif; text-align: left;\">recycl\u00e9 RPET enduit au dos,<\/p>\n<p style=\"box-sizing: inherit; margin-top: 0px; margin-bottom: 1rem; font-size: 15px; font-family: Abel, sans-serif; text-align: left;\">poche int\u00e9rieure plaqu\u00e9e.<\/p>\n<p style=\"box-sizing: inherit; margin-top: 0px; margin-bottom: 1rem; font-size: 15px; font-family: Abel, sans-serif; text-align: left;\">taille 25cm x 18cm x 12cm<\/p>\n<p style=\"box-sizing: inherit; margin-top: 0px; margin-bottom: 1rem; font-size: 15px; font-family: Abel, sans-serif; text-align: left;\">Nettoyage \u00e0 sec conseill\u00e9 pour conserver les propri\u00e9t\u00e9s du produit. (couleur, enduction et finitions)<\/p>\n<p style=\"box-sizing: inherit; margin-top: 0px; margin-bottom: 1rem; font-size: 15px; font-family: Abel, sans-serif; text-align: left;\">Chaque produit Jojo Factory est d\u00e9sormais emball\u00e9 dans un pochon r\u00e9utilisable en coton bio.<\/p>\n<p style=\"box-sizing: inherit; margin-top: 0px; margin-bottom: 1rem; font-size: 15px; font-family: Abel, sans-serif; text-align: left;\">Jojo Factory a \u00e9limin\u00e9 le plastique de tous ses conditionnements.<\/p>\n","protected":false},"excerpt":{"rendered":"<p style=\"box-sizing: inherit; margin-top: 0px; margin-bottom: 1rem; font-size: 15px; font-family: Abel, sans-serif; text-align: left;\">Trousse de toilette zipp\u00e9e .<\/p>\n","protected":false},"featured_media":1181,"comment_status":"open","ping_status":"closed","template":"","meta":[],"product_cat":[30,36,180,182,72],"product_tag":[],"acf":[],"yoast_head":"<!-- This site is optimized with the Yoast SEO plugin v21.9 - https:\/\/yoast.com\/wordpress\/plugins\/seo\/ -->\n<title>LARGE BEAUTY LAND - JOJO Factory<\/title>\n<meta name=\"robots\" content=\"index, follow, max-snippet:-1, max-image-preview:large, max-video-preview:-1\" \/>\n<link rel=\"canonical\" href=\"https:\/\/in-my-world.com\/5-jojo\/produit\/large-beauty-land\/\" \/>\n<meta property=\"og:locale\" content=\"fr_FR\" \/>\n<meta property=\"og:type\" content=\"article\" \/>\n<meta property=\"og:title\" content=\"LARGE BEAUTY LAND - JOJO Factory\" \/>\n<meta property=\"og:description\" content=\"Trousse de toilette zipp\u00e9e .\" \/>\n<meta property=\"og:url\" content=\"https:\/\/in-my-world.com\/5-jojo\/produit\/large-beauty-land\/\" \/>\n<meta property=\"og:site_name\" content=\"JOJO Factory\" \/>\n<meta property=\"article:publisher\" content=\"https:\/\/www.facebook.com\/p\/Jojo-Factory-100067143638106\/\" \/>\n<meta property=\"article:modified_time\" content=\"2024-01-17T07:43:35+00:00\" \/>\n<meta property=\"og:image\" content=\"https:\/\/in-my-world.com\/5-jojo\/wp-content\/uploads\/2021\/06\/p_3_4_8_4_3484-LARGE-BEAUTY-LAND.jpg\" \/>\n\t<meta property=\"og:image:width\" content=\"1\" \/>\n\t<meta property=\"og:image:height\" content=\"1\" \/>\n\t<meta property=\"og:image:type\" content=\"image\/jpeg\" \/>\n<meta name=\"twitter:card\" content=\"summary_large_image\" \/>\n<script type=\"application\/ld+json\" class=\"yoast-schema-graph\">{\"@context\":\"https:\/\/schema.org\",\"@graph\":[{\"@type\":\"WebPage\",\"@id\":\"https:\/\/in-my-world.com\/5-jojo\/produit\/large-beauty-land\/\",\"url\":\"https:\/\/in-my-world.com\/5-jojo\/produit\/large-beauty-land\/\",\"name\":\"LARGE BEAUTY LAND - JOJO Factory\",\"isPartOf\":{\"@id\":\"https:\/\/in-my-world.com\/5-jojo\/#website\"},\"datePublished\":\"2021-06-15T10:11:45+00:00\",\"dateModified\":\"2024-01-17T07:43:35+00:00\",\"breadcrumb\":{\"@id\":\"https:\/\/in-my-world.com\/5-jojo\/produit\/large-beauty-land\/#breadcrumb\"},\"inLanguage\":\"fr-FR\",\"potentialAction\":[{\"@type\":\"ReadAction\",\"target\":[\"https:\/\/in-my-world.com\/5-jojo\/produit\/large-beauty-land\/\"]}]},{\"@type\":\"BreadcrumbList\",\"@id\":\"https:\/\/in-my-world.com\/5-jojo\/produit\/large-beauty-land\/#breadcrumb\",\"itemListElement\":[{\"@type\":\"ListItem\",\"position\":1,\"name\":\"Accueil\",\"item\":\"https:\/\/in-my-world.com\/5-jojo\/\"},{\"@type\":\"ListItem\",\"position\":2,\"name\":\"Boutique\",\"item\":\"https:\/\/in-my-world.com\/5-jojo\/boutique-2\/\"},{\"@type\":\"ListItem\",\"position\":3,\"name\":\"LARGE BEAUTY LAND\"}]},{\"@type\":\"WebSite\",\"@id\":\"https:\/\/in-my-world.com\/5-jojo\/#website\",\"url\":\"https:\/\/in-my-world.com\/5-jojo\/\",\"name\":\"JOJO Factory\",\"description\":\"\",\"publisher\":{\"@id\":\"https:\/\/in-my-world.com\/5-jojo\/#organization\"},\"potentialAction\":[{\"@type\":\"SearchAction\",\"target\":{\"@type\":\"EntryPoint\",\"urlTemplate\":\"https:\/\/in-my-world.com\/5-jojo\/?s={search_term_string}\"},\"query-input\":\"required name=search_term_string\"}],\"inLanguage\":\"fr-FR\"},{\"@type\":\"Organization\",\"@id\":\"https:\/\/in-my-world.com\/5-jojo\/#organization\",\"name\":\"JOJO Factory\",\"url\":\"https:\/\/in-my-world.com\/5-jojo\/\",\"logo\":{\"@type\":\"ImageObject\",\"inLanguage\":\"fr-FR\",\"@id\":\"https:\/\/in-my-world.com\/5-jojo\/#\/schema\/logo\/image\/\",\"url\":\"https:\/\/in-my-world.com\/5-jojo\/wp-content\/uploads\/2023\/11\/cropped-favicon-jojo-factory.jpg\",\"contentUrl\":\"https:\/\/in-my-world.com\/5-jojo\/wp-content\/uploads\/2023\/11\/cropped-favicon-jojo-factory.jpg\",\"width\":512,\"height\":512,\"caption\":\"JOJO Factory\"},\"image\":{\"@id\":\"https:\/\/in-my-world.com\/5-jojo\/#\/schema\/logo\/image\/\"},\"sameAs\":[\"https:\/\/www.facebook.com\/p\/Jojo-Factory-100067143638106\/\",\"https:\/\/www.instagram.com\/jojofactory\/\"]}]}<\/script>\n<!-- \/ Yoast SEO plugin. -->","yoast_head_json":{"title":"LARGE BEAUTY LAND - JOJO Factory","robots":{"index":"index","follow":"follow","max-snippet":"max-snippet:-1","max-image-preview":"max-image-preview:large","max-video-preview":"max-video-preview:-1"},"canonical":"https:\/\/in-my-world.com\/5-jojo\/produit\/large-beauty-land\/","og_locale":"fr_FR","og_type":"article","og_title":"LARGE BEAUTY LAND - JOJO Factory","og_description":"Trousse de toilette zipp\u00e9e .","og_url":"https:\/\/in-my-world.com\/5-jojo\/produit\/large-beauty-land\/","og_site_name":"JOJO Factory","article_publisher":"https:\/\/www.facebook.com\/p\/Jojo-Factory-100067143638106\/","article_modified_time":"2024-01-17T07:43:35+00:00","og_image":[{"url":"https:\/\/in-my-world.com\/5-jojo\/wp-content\/uploads\/2021\/06\/p_3_4_8_4_3484-LARGE-BEAUTY-LAND.jpg","width":1,"height":1,"type":"image\/jpeg"}],"twitter_card":"summary_large_image","schema":{"@context":"https:\/\/schema.org","@graph":[{"@type":"WebPage","@id":"https:\/\/in-my-world.com\/5-jojo\/produit\/large-beauty-land\/","url":"https:\/\/in-my-world.com\/5-jojo\/produit\/large-beauty-land\/","name":"LARGE BEAUTY LAND - JOJO Factory","isPartOf":{"@id":"https:\/\/in-my-world.com\/5-jojo\/#website"},"datePublished":"2021-06-15T10:11:45+00:00","dateModified":"2024-01-17T07:43:35+00:00","breadcrumb":{"@id":"https:\/\/in-my-world.com\/5-jojo\/produit\/large-beauty-land\/#breadcrumb"},"inLanguage":"fr-FR","potentialAction":[{"@type":"ReadAction","target":["https:\/\/in-my-world.com\/5-jojo\/produit\/large-beauty-land\/"]}]},{"@type":"BreadcrumbList","@id":"https:\/\/in-my-world.com\/5-jojo\/produit\/large-beauty-land\/#breadcrumb","itemListElement":[{"@type":"ListItem","position":1,"name":"Accueil","item":"https:\/\/in-my-world.com\/5-jojo\/"},{"@type":"ListItem","position":2,"name":"Boutique","item":"https:\/\/in-my-world.com\/5-jojo\/boutique-2\/"},{"@type":"ListItem","position":3,"name":"LARGE BEAUTY LAND"}]},{"@type":"WebSite","@id":"https:\/\/in-my-world.com\/5-jojo\/#website","url":"https:\/\/in-my-world.com\/5-jojo\/","name":"JOJO Factory","description":"","publisher":{"@id":"https:\/\/in-my-world.com\/5-jojo\/#organization"},"potentialAction":[{"@type":"SearchAction","target":{"@type":"EntryPoint","urlTemplate":"https:\/\/in-my-world.com\/5-jojo\/?s={search_term_string}"},"query-input":"required name=search_term_string"}],"inLanguage":"fr-FR"},{"@type":"Organization","@id":"https:\/\/in-my-world.com\/5-jojo\/#organization","name":"JOJO Factory","url":"https:\/\/in-my-world.com\/5-jojo\/","logo":{"@type":"ImageObject","inLanguage":"fr-FR","@id":"https:\/\/in-my-world.com\/5-jojo\/#\/schema\/logo\/image\/","url":"https:\/\/in-my-world.com\/5-jojo\/wp-content\/uploads\/2023\/11\/cropped-favicon-jojo-factory.jpg","contentUrl":"https:\/\/in-my-world.com\/5-jojo\/wp-content\/uploads\/2023\/11\/cropped-favicon-jojo-factory.jpg","width":512,"height":512,"caption":"JOJO Factory"},"image":{"@id":"https:\/\/in-my-world.com\/5-jojo\/#\/schema\/logo\/image\/"},"sameAs":["https:\/\/www.facebook.com\/p\/Jojo-Factory-100067143638106\/","https:\/\/www.instagram.com\/jojofactory\/"]}]}},"_links":{"self":[{"href":"https:\/\/in-my-world.com\/5-jojo\/wp-json\/wp\/v2\/product\/1190"}],"collection":[{"href":"https:\/\/in-my-world.com\/5-jojo\/wp-json\/wp\/v2\/product"}],"about":[{"href":"https:\/\/in-my-world.com\/5-jojo\/wp-json\/wp\/v2\/types\/product"}],"replies":[{"embeddable":true,"href":"https:\/\/in-my-world.com\/5-jojo\/wp-json\/wp\/v2\/comments?post=1190"}],"wp:featuredmedia":[{"embeddable":true,"href":"https:\/\/in-my-world.com\/5-jojo\/wp-json\/wp\/v2\/media\/1181"}],"wp:attachment":[{"href":"https:\/\/in-my-world.com\/5-jojo\/wp-json\/wp\/v2\/media?parent=1190"}],"wp:term":[{"taxonomy":"product_cat","embeddable":true,"href":"https:\/\/in-my-world.com\/5-jojo\/wp-json\/wp\/v2\/product_cat?post=1190"},{"taxonomy":"product_tag","embeddable":true,"href":"https:\/\/in-my-world.com\/5-jojo\/wp-json\/wp\/v2\/product_tag?post=1190"}],"curies":[{"name":"wp","href":"https:\/\/api.w.org\/{rel}","templated":true}]}}