{"id":7088,"date":"2023-09-28T16:17:01","date_gmt":"2023-09-28T14:17:01","guid":{"rendered":"http:\/\/cedric@mosaique-studio.com"},"modified":"2023-09-28T16:17:01","modified_gmt":"2023-09-28T14:17:01","slug":"aeu-legal-privacy-2","status":"publish","type":"page","link":"https:\/\/in-my-world.com\/5-jojo\/aeu-legal-privacy-2\/","title":{"rendered":"Politique de confidentialit\u00e9"},"content":{"rendered":"<p>Veuillez ins\u00e9rer ici votre contenu sur la confidentialit\u00e9. Si vous avez activ\u00e9 des modules li\u00e9s aux r\u00e9seaux sociaux, pensez \u00e0 indiquer les informations sur les donn\u00e9es collect\u00e9es par des tiers.<\/p>\n","protected":false},"excerpt":{"rendered":"<p>Veuillez ins\u00e9rer ici votre contenu sur la confidentialit\u00e9. Si vous avez activ\u00e9 des modules li\u00e9s aux r\u00e9seaux sociaux, pensez \u00e0 indiquer les informations sur les donn\u00e9es collect\u00e9es par des tiers.<\/p>\n","protected":false},"author":1,"featured_media":0,"parent":0,"menu_order":20,"comment_status":"closed","ping_status":"closed","template":"","meta":{"footnotes":""},"acf":[],"yoast_head":"<!-- This site is optimized with the Yoast SEO plugin v21.9 - https:\/\/yoast.com\/wordpress\/plugins\/seo\/ -->\n<title>Politique de confidentialit\u00e9<\/title>\n<meta name=\"robots\" content=\"noindex, follow\" \/>\n<meta property=\"og:locale\" content=\"fr_FR\" \/>\n<meta property=\"og:type\" content=\"article\" \/>\n<meta property=\"og:title\" content=\"Politique de confidentialit\u00e9\" \/>\n<meta property=\"og:description\" content=\"Veuillez ins\u00e9rer ici votre contenu sur la confidentialit\u00e9. Si vous avez activ\u00e9 des modules li\u00e9s aux r\u00e9seaux sociaux, pensez \u00e0 indiquer les informations sur les donn\u00e9es collect\u00e9es par des tiers.\" \/>\n<meta property=\"og:url\" content=\"https:\/\/in-my-world.com\/5-jojo\/aeu-legal-privacy-2\/\" \/>\n<meta property=\"og:site_name\" content=\"JOJO Factory\" \/>\n<meta property=\"article:publisher\" content=\"https:\/\/www.facebook.com\/p\/Jojo-Factory-100067143638106\/\" \/>\n<meta name=\"twitter:card\" content=\"summary_large_image\" \/>\n<script type=\"application\/ld+json\" class=\"yoast-schema-graph\">{\"@context\":\"https:\/\/schema.org\",\"@graph\":[{\"@type\":\"WebPage\",\"@id\":\"https:\/\/in-my-world.com\/5-jojo\/aeu-legal-privacy-2\/\",\"url\":\"https:\/\/in-my-world.com\/5-jojo\/aeu-legal-privacy-2\/\",\"name\":\"Politique de confidentialit\u00e9\",\"isPartOf\":{\"@id\":\"https:\/\/in-my-world.com\/5-jojo\/#website\"},\"datePublished\":\"2023-09-28T14:17:01+00:00\",\"dateModified\":\"2023-09-28T14:17:01+00:00\",\"breadcrumb\":{\"@id\":\"https:\/\/in-my-world.com\/5-jojo\/aeu-legal-privacy-2\/#breadcrumb\"},\"inLanguage\":\"fr-FR\",\"potentialAction\":[{\"@type\":\"ReadAction\",\"target\":[\"https:\/\/in-my-world.com\/5-jojo\/aeu-legal-privacy-2\/\"]}]},{\"@type\":\"BreadcrumbList\",\"@id\":\"https:\/\/in-my-world.com\/5-jojo\/aeu-legal-privacy-2\/#breadcrumb\",\"itemListElement\":[{\"@type\":\"ListItem\",\"position\":1,\"name\":\"Accueil\",\"item\":\"https:\/\/in-my-world.com\/5-jojo\/\"},{\"@type\":\"ListItem\",\"position\":2,\"name\":\"Politique de confidentialit\u00e9\"}]},{\"@type\":\"WebSite\",\"@id\":\"https:\/\/in-my-world.com\/5-jojo\/#website\",\"url\":\"https:\/\/in-my-world.com\/5-jojo\/\",\"name\":\"JOJO Factory\",\"description\":\"\",\"publisher\":{\"@id\":\"https:\/\/in-my-world.com\/5-jojo\/#organization\"},\"potentialAction\":[{\"@type\":\"SearchAction\",\"target\":{\"@type\":\"EntryPoint\",\"urlTemplate\":\"https:\/\/in-my-world.com\/5-jojo\/?s={search_term_string}\"},\"query-input\":\"required name=search_term_string\"}],\"inLanguage\":\"fr-FR\"},{\"@type\":\"Organization\",\"@id\":\"https:\/\/in-my-world.com\/5-jojo\/#organization\",\"name\":\"JOJO Factory\",\"url\":\"https:\/\/in-my-world.com\/5-jojo\/\",\"logo\":{\"@type\":\"ImageObject\",\"inLanguage\":\"fr-FR\",\"@id\":\"https:\/\/in-my-world.com\/5-jojo\/#\/schema\/logo\/image\/\",\"url\":\"https:\/\/in-my-world.com\/5-jojo\/wp-content\/uploads\/2023\/11\/cropped-favicon-jojo-factory.jpg\",\"contentUrl\":\"https:\/\/in-my-world.com\/5-jojo\/wp-content\/uploads\/2023\/11\/cropped-favicon-jojo-factory.jpg\",\"width\":512,\"height\":512,\"caption\":\"JOJO Factory\"},\"image\":{\"@id\":\"https:\/\/in-my-world.com\/5-jojo\/#\/schema\/logo\/image\/\"},\"sameAs\":[\"https:\/\/www.facebook.com\/p\/Jojo-Factory-100067143638106\/\",\"https:\/\/www.instagram.com\/jojofactory\/\"]}]}<\/script>\n<!-- \/ Yoast SEO plugin. -->","yoast_head_json":{"title":"Politique de confidentialit\u00e9","robots":{"index":"noindex","follow":"follow"},"og_locale":"fr_FR","og_type":"article","og_title":"Politique de confidentialit\u00e9","og_description":"Veuillez ins\u00e9rer ici votre contenu sur la confidentialit\u00e9. Si vous avez activ\u00e9 des modules li\u00e9s aux r\u00e9seaux sociaux, pensez \u00e0 indiquer les informations sur les donn\u00e9es collect\u00e9es par des tiers.","og_url":"https:\/\/in-my-world.com\/5-jojo\/aeu-legal-privacy-2\/","og_site_name":"JOJO Factory","article_publisher":"https:\/\/www.facebook.com\/p\/Jojo-Factory-100067143638106\/","twitter_card":"summary_large_image","schema":{"@context":"https:\/\/schema.org","@graph":[{"@type":"WebPage","@id":"https:\/\/in-my-world.com\/5-jojo\/aeu-legal-privacy-2\/","url":"https:\/\/in-my-world.com\/5-jojo\/aeu-legal-privacy-2\/","name":"Politique de confidentialit\u00e9","isPartOf":{"@id":"https:\/\/in-my-world.com\/5-jojo\/#website"},"datePublished":"2023-09-28T14:17:01+00:00","dateModified":"2023-09-28T14:17:01+00:00","breadcrumb":{"@id":"https:\/\/in-my-world.com\/5-jojo\/aeu-legal-privacy-2\/#breadcrumb"},"inLanguage":"fr-FR","potentialAction":[{"@type":"ReadAction","target":["https:\/\/in-my-world.com\/5-jojo\/aeu-legal-privacy-2\/"]}]},{"@type":"BreadcrumbList","@id":"https:\/\/in-my-world.com\/5-jojo\/aeu-legal-privacy-2\/#breadcrumb","itemListElement":[{"@type":"ListItem","position":1,"name":"Accueil","item":"https:\/\/in-my-world.com\/5-jojo\/"},{"@type":"ListItem","position":2,"name":"Politique de confidentialit\u00e9"}]},{"@type":"WebSite","@id":"https:\/\/in-my-world.com\/5-jojo\/#website","url":"https:\/\/in-my-world.com\/5-jojo\/","name":"JOJO Factory","description":"","publisher":{"@id":"https:\/\/in-my-world.com\/5-jojo\/#organization"},"potentialAction":[{"@type":"SearchAction","target":{"@type":"EntryPoint","urlTemplate":"https:\/\/in-my-world.com\/5-jojo\/?s={search_term_string}"},"query-input":"required name=search_term_string"}],"inLanguage":"fr-FR"},{"@type":"Organization","@id":"https:\/\/in-my-world.com\/5-jojo\/#organization","name":"JOJO Factory","url":"https:\/\/in-my-world.com\/5-jojo\/","logo":{"@type":"ImageObject","inLanguage":"fr-FR","@id":"https:\/\/in-my-world.com\/5-jojo\/#\/schema\/logo\/image\/","url":"https:\/\/in-my-world.com\/5-jojo\/wp-content\/uploads\/2023\/11\/cropped-favicon-jojo-factory.jpg","contentUrl":"https:\/\/in-my-world.com\/5-jojo\/wp-content\/uploads\/2023\/11\/cropped-favicon-jojo-factory.jpg","width":512,"height":512,"caption":"JOJO Factory"},"image":{"@id":"https:\/\/in-my-world.com\/5-jojo\/#\/schema\/logo\/image\/"},"sameAs":["https:\/\/www.facebook.com\/p\/Jojo-Factory-100067143638106\/","https:\/\/www.instagram.com\/jojofactory\/"]}]}},"_links":{"self":[{"href":"https:\/\/in-my-world.com\/5-jojo\/wp-json\/wp\/v2\/pages\/7088"}],"collection":[{"href":"https:\/\/in-my-world.com\/5-jojo\/wp-json\/wp\/v2\/pages"}],"about":[{"href":"https:\/\/in-my-world.com\/5-jojo\/wp-json\/wp\/v2\/types\/page"}],"author":[{"embeddable":true,"href":"https:\/\/in-my-world.com\/5-jojo\/wp-json\/wp\/v2\/users\/1"}],"replies":[{"embeddable":true,"href":"https:\/\/in-my-world.com\/5-jojo\/wp-json\/wp\/v2\/comments?post=7088"}],"version-history":[{"count":0,"href":"https:\/\/in-my-world.com\/5-jojo\/wp-json\/wp\/v2\/pages\/7088\/revisions"}],"wp:attachment":[{"href":"https:\/\/in-my-world.com\/5-jojo\/wp-json\/wp\/v2\/media?parent=7088"}],"curies":[{"name":"wp","href":"https:\/\/api.w.org\/{rel}","templated":true}]}}