{"id":42,"date":"2017-11-27T13:16:35","date_gmt":"2017-11-27T12:16:35","guid":{"rendered":"https:\/\/in-my-world.com\/5-jojo\/a-propos-2\/"},"modified":"2023-11-23T14:16:48","modified_gmt":"2023-11-23T13:16:48","slug":"a-propos","status":"publish","type":"page","link":"https:\/\/in-my-world.com\/5-jojo\/a-propos\/","title":{"rendered":"A PROPOS de Jojo Factory"},"content":{"rendered":"\t\t<div data-elementor-type=\"wp-page\" data-elementor-id=\"42\" class=\"elementor elementor-42\" data-elementor-post-type=\"page\">\n\t\t\t\t\t\t\t<div class=\"elementor-element elementor-element-70a9af18 e-con-full e-flex e-con e-parent\" data-id=\"70a9af18\" data-element_type=\"container\" data-settings=\"{&quot;content_width&quot;:&quot;full&quot;,&quot;container_type&quot;:&quot;flex&quot;}\" data-core-v316-plus=\"true\">\n\t\t\t\t<div class=\"elementor-element elementor-element-dd3815f elementor-widget elementor-widget-image\" data-id=\"dd3815f\" data-element_type=\"widget\" data-widget_type=\"image.default\">\n\t\t\t\t<div class=\"elementor-widget-container\">\n\t\t\t<style>\/*! elementor - v3.18.0 - 20-12-2023 *\/\n.elementor-widget-image{text-align:center}.elementor-widget-image a{display:inline-block}.elementor-widget-image a img[src$=\".svg\"]{width:48px}.elementor-widget-image img{vertical-align:middle;display:inline-block}<\/style>\t\t\t\t\t\t\t\t\t\t\t\t<img fetchpriority=\"high\" decoding=\"async\" width=\"2560\" height=\"950\" src=\"https:\/\/in-my-world.com\/5-jojo\/wp-content\/uploads\/2023\/11\/BANNER-A-PROPOS-scaled.jpg\" class=\"attachment-full size-full wp-image-10350\" alt=\"\" srcset=\"https:\/\/in-my-world.com\/5-jojo\/wp-content\/uploads\/2023\/11\/BANNER-A-PROPOS-scaled.jpg 2560w, https:\/\/in-my-world.com\/5-jojo\/wp-content\/uploads\/2023\/11\/BANNER-A-PROPOS-300x111.jpg 300w, https:\/\/in-my-world.com\/5-jojo\/wp-content\/uploads\/2023\/11\/BANNER-A-PROPOS-1024x380.jpg 1024w, https:\/\/in-my-world.com\/5-jojo\/wp-content\/uploads\/2023\/11\/BANNER-A-PROPOS-768x285.jpg 768w, https:\/\/in-my-world.com\/5-jojo\/wp-content\/uploads\/2023\/11\/BANNER-A-PROPOS-1536x570.jpg 1536w, https:\/\/in-my-world.com\/5-jojo\/wp-content\/uploads\/2023\/11\/BANNER-A-PROPOS-2048x760.jpg 2048w, https:\/\/in-my-world.com\/5-jojo\/wp-content\/uploads\/2023\/11\/BANNER-A-PROPOS-600x223.jpg 600w\" sizes=\"(max-width: 2560px) 100vw, 2560px\" \/>\t\t\t\t\t\t\t\t\t\t\t\t\t\t\t<\/div>\n\t\t\t\t<\/div>\n\t\t\t\t<\/div>\n\t\t<div class=\"elementor-element elementor-element-94b7c43 e-flex e-con-boxed e-con e-parent\" data-id=\"94b7c43\" data-element_type=\"container\" data-settings=\"{&quot;container_type&quot;:&quot;flex&quot;,&quot;content_width&quot;:&quot;boxed&quot;}\" data-core-v316-plus=\"true\">\n\t\t\t\t\t<div class=\"e-con-inner\">\n\t\t\t\t<div class=\"elementor-element elementor-element-2486389b elementor-widget elementor-widget-text-editor\" data-id=\"2486389b\" data-element_type=\"widget\" data-widget_type=\"text-editor.default\">\n\t\t\t\t<div class=\"elementor-widget-container\">\n\t\t\t<style>\/*! elementor - v3.18.0 - 20-12-2023 *\/\n.elementor-widget-text-editor.elementor-drop-cap-view-stacked .elementor-drop-cap{background-color:#69727d;color:#fff}.elementor-widget-text-editor.elementor-drop-cap-view-framed .elementor-drop-cap{color:#69727d;border:3px solid;background-color:transparent}.elementor-widget-text-editor:not(.elementor-drop-cap-view-default) .elementor-drop-cap{margin-top:8px}.elementor-widget-text-editor:not(.elementor-drop-cap-view-default) .elementor-drop-cap-letter{width:1em;height:1em}.elementor-widget-text-editor .elementor-drop-cap{float:left;text-align:center;line-height:1;font-size:50px}.elementor-widget-text-editor .elementor-drop-cap-letter{display:inline-block}<\/style>\t\t\t\t<p style=\"text-align: center;\">Les Jojos, c\u2019est le surnom que Vanessa donne \u00e0 ses enfants, Oscar et Thelma.<\/p><p style=\"text-align: center;\">Lorsque Vanessa Denicourt, styliste de mode de formation, dipl\u00f4m\u00e9e en design textile, d\u00e9cide d&#8217;acheter un sac pour son fils, elle constate que l\u2019offre est tr\u00e8s limit\u00e9e dans ce domaine.<\/p><p style=\"text-align: center;\">A la naissance de sa fille en 2018, elle s&#8217;allie au savoir-faire de son mari Florian Denicourt, cr\u00e9ateur de maroquinerie pour de grandes maisons, et lance une marque de sacs et d\u2019accessoires pour enfants, Jojo Factory. Une marque fraiche et accessible aux mati\u00e8res qualitatives.<\/p><p style=\"text-align: center;\">Vanessa pense Jojo Factory comme une po\u00e9sie, un conte pour enfants. Les collections sont d\u00e9cor\u00e9es d\u2019imprim\u00e9s exclusifs et mixtes, qui racontent une histoire, dans des tonalit\u00e9s douces et inspirantes.<\/p><p style=\"text-align: center;\">Elle d\u00e9veloppe des sacs \u00e0 dos, cartables, petites trousses, trousses de toilette, bananes\u2026 Sans oublier les essentiels de b\u00e9b\u00e9 et autres accessoires indispensables pour jouer ou simplement d\u00e9corer.<\/p><p style=\"text-align: center;\">Son oeil de styliste lui permet de d\u00e9tourner et d&#8217;embellir les objets pratiques du quotidien, loin des clich\u00e9s de la pu\u00e9riculture.<\/p><p style=\"text-align: center;\">Soucieux des questions environnementales, les cr\u00e9ateurs de Jojo Factory mettent tout en oeuvre pour mettre au point des produits respectueux :\u00a0 toutes les encres sont faites \u00e0 base d\u2019eau et les produits \u00e9tudi\u00e9s pour \u00eatre pratiques, r\u00e9sistants et respectueux \u00e0 la fois, sont issus du recyclage.<\/p><p style=\"text-align: center;\">Depuis la saison \u00c9t\u00e9 2020, chaque produit Jojo Factory est d\u00e9sormais emball\u00e9 dans un pochon r\u00e9utilisable en coton bio, le plastique a \u00e9t\u00e9 \u00e9limin\u00e9 de tous les conditionnements de la marque.<\/p>\t\t\t\t\t\t<\/div>\n\t\t\t\t<\/div>\n\t\t\t\t\t<\/div>\n\t\t\t\t<\/div>\n\t\t\t\t\t\t\t<\/div>\n\t\t","protected":false},"excerpt":{"rendered":"<p>Les Jojos, c\u2019est le surnom que Vanessa donne \u00e0 ses enfants, Oscar et Thelma. Lorsque Vanessa Denicourt, styliste de mode de formation, dipl\u00f4m\u00e9e en design textile, d\u00e9cide d&#8217;acheter un sac pour son fils, elle constate que l\u2019offre est tr\u00e8s limit\u00e9e dans ce domaine. A la naissance de sa fille en 2018, elle s&#8217;allie au savoir-faire [&hellip;]<\/p>\n","protected":false},"author":1,"featured_media":39,"parent":0,"menu_order":0,"comment_status":"closed","ping_status":"closed","template":"","meta":{"footnotes":""},"acf":[],"yoast_head":"<!-- This site is optimized with the Yoast SEO plugin v21.9 - https:\/\/yoast.com\/wordpress\/plugins\/seo\/ -->\n<title>A PROPOS de Jojo Factory<\/title>\n<meta name=\"robots\" content=\"index, follow, max-snippet:-1, max-image-preview:large, max-video-preview:-1\" \/>\n<link rel=\"canonical\" href=\"https:\/\/in-my-world.com\/5-jojo\/a-propos\/\" \/>\n<meta property=\"og:locale\" content=\"fr_FR\" \/>\n<meta property=\"og:type\" content=\"article\" \/>\n<meta property=\"og:title\" content=\"A PROPOS de Jojo Factory\" \/>\n<meta property=\"og:description\" content=\"Les Jojos, c\u2019est le surnom que Vanessa donne \u00e0 ses enfants, Oscar et Thelma. Lorsque Vanessa Denicourt, styliste de mode de formation, dipl\u00f4m\u00e9e en design textile, d\u00e9cide d&#8217;acheter un sac pour son fils, elle constate que l\u2019offre est tr\u00e8s limit\u00e9e dans ce domaine. A la naissance de sa fille en 2018, elle s&#8217;allie au savoir-faire [&hellip;]\" \/>\n<meta property=\"og:url\" content=\"https:\/\/in-my-world.com\/5-jojo\/a-propos\/\" \/>\n<meta property=\"og:site_name\" content=\"JOJO Factory\" \/>\n<meta property=\"article:publisher\" content=\"https:\/\/www.facebook.com\/p\/Jojo-Factory-100067143638106\/\" \/>\n<meta property=\"article:modified_time\" content=\"2023-11-23T13:16:48+00:00\" \/>\n<meta property=\"og:image\" content=\"https:\/\/in-my-world.com\/5-jojo\/wp-content\/uploads\/2017\/11\/cms_A-Propos_jojo-apropo-A-Propos-Jojo-Factory.jpg\" \/>\n\t<meta property=\"og:image:width\" content=\"1\" \/>\n\t<meta property=\"og:image:height\" content=\"1\" \/>\n\t<meta property=\"og:image:type\" content=\"image\/jpeg\" \/>\n<meta name=\"twitter:card\" content=\"summary_large_image\" \/>\n<meta name=\"twitter:label1\" content=\"Dur\u00e9e de lecture estim\u00e9e\" \/>\n\t<meta name=\"twitter:data1\" content=\"1 minute\" \/>\n<script type=\"application\/ld+json\" class=\"yoast-schema-graph\">{\"@context\":\"https:\/\/schema.org\",\"@graph\":[{\"@type\":\"WebPage\",\"@id\":\"https:\/\/in-my-world.com\/5-jojo\/a-propos\/\",\"url\":\"https:\/\/in-my-world.com\/5-jojo\/a-propos\/\",\"name\":\"A PROPOS de Jojo Factory\",\"isPartOf\":{\"@id\":\"https:\/\/in-my-world.com\/5-jojo\/#website\"},\"datePublished\":\"2017-11-27T12:16:35+00:00\",\"dateModified\":\"2023-11-23T13:16:48+00:00\",\"breadcrumb\":{\"@id\":\"https:\/\/in-my-world.com\/5-jojo\/a-propos\/#breadcrumb\"},\"inLanguage\":\"fr-FR\",\"potentialAction\":[{\"@type\":\"ReadAction\",\"target\":[\"https:\/\/in-my-world.com\/5-jojo\/a-propos\/\"]}]},{\"@type\":\"BreadcrumbList\",\"@id\":\"https:\/\/in-my-world.com\/5-jojo\/a-propos\/#breadcrumb\",\"itemListElement\":[{\"@type\":\"ListItem\",\"position\":1,\"name\":\"Accueil\",\"item\":\"https:\/\/in-my-world.com\/5-jojo\/\"},{\"@type\":\"ListItem\",\"position\":2,\"name\":\"A PROPOS de Jojo Factory\"}]},{\"@type\":\"WebSite\",\"@id\":\"https:\/\/in-my-world.com\/5-jojo\/#website\",\"url\":\"https:\/\/in-my-world.com\/5-jojo\/\",\"name\":\"JOJO Factory\",\"description\":\"\",\"publisher\":{\"@id\":\"https:\/\/in-my-world.com\/5-jojo\/#organization\"},\"potentialAction\":[{\"@type\":\"SearchAction\",\"target\":{\"@type\":\"EntryPoint\",\"urlTemplate\":\"https:\/\/in-my-world.com\/5-jojo\/?s={search_term_string}\"},\"query-input\":\"required name=search_term_string\"}],\"inLanguage\":\"fr-FR\"},{\"@type\":\"Organization\",\"@id\":\"https:\/\/in-my-world.com\/5-jojo\/#organization\",\"name\":\"JOJO Factory\",\"url\":\"https:\/\/in-my-world.com\/5-jojo\/\",\"logo\":{\"@type\":\"ImageObject\",\"inLanguage\":\"fr-FR\",\"@id\":\"https:\/\/in-my-world.com\/5-jojo\/#\/schema\/logo\/image\/\",\"url\":\"https:\/\/in-my-world.com\/5-jojo\/wp-content\/uploads\/2023\/11\/cropped-favicon-jojo-factory.jpg\",\"contentUrl\":\"https:\/\/in-my-world.com\/5-jojo\/wp-content\/uploads\/2023\/11\/cropped-favicon-jojo-factory.jpg\",\"width\":512,\"height\":512,\"caption\":\"JOJO Factory\"},\"image\":{\"@id\":\"https:\/\/in-my-world.com\/5-jojo\/#\/schema\/logo\/image\/\"},\"sameAs\":[\"https:\/\/www.facebook.com\/p\/Jojo-Factory-100067143638106\/\",\"https:\/\/www.instagram.com\/jojofactory\/\"]}]}<\/script>\n<!-- \/ Yoast SEO plugin. -->","yoast_head_json":{"title":"A PROPOS de Jojo Factory","robots":{"index":"index","follow":"follow","max-snippet":"max-snippet:-1","max-image-preview":"max-image-preview:large","max-video-preview":"max-video-preview:-1"},"canonical":"https:\/\/in-my-world.com\/5-jojo\/a-propos\/","og_locale":"fr_FR","og_type":"article","og_title":"A PROPOS de Jojo Factory","og_description":"Les Jojos, c\u2019est le surnom que Vanessa donne \u00e0 ses enfants, Oscar et Thelma. Lorsque Vanessa Denicourt, styliste de mode de formation, dipl\u00f4m\u00e9e en design textile, d\u00e9cide d&#8217;acheter un sac pour son fils, elle constate que l\u2019offre est tr\u00e8s limit\u00e9e dans ce domaine. A la naissance de sa fille en 2018, elle s&#8217;allie au savoir-faire [&hellip;]","og_url":"https:\/\/in-my-world.com\/5-jojo\/a-propos\/","og_site_name":"JOJO Factory","article_publisher":"https:\/\/www.facebook.com\/p\/Jojo-Factory-100067143638106\/","article_modified_time":"2023-11-23T13:16:48+00:00","og_image":[{"url":"https:\/\/in-my-world.com\/5-jojo\/wp-content\/uploads\/2017\/11\/cms_A-Propos_jojo-apropo-A-Propos-Jojo-Factory.jpg","width":1,"height":1,"type":"image\/jpeg"}],"twitter_card":"summary_large_image","twitter_misc":{"Dur\u00e9e de lecture estim\u00e9e":"1 minute"},"schema":{"@context":"https:\/\/schema.org","@graph":[{"@type":"WebPage","@id":"https:\/\/in-my-world.com\/5-jojo\/a-propos\/","url":"https:\/\/in-my-world.com\/5-jojo\/a-propos\/","name":"A PROPOS de Jojo Factory","isPartOf":{"@id":"https:\/\/in-my-world.com\/5-jojo\/#website"},"datePublished":"2017-11-27T12:16:35+00:00","dateModified":"2023-11-23T13:16:48+00:00","breadcrumb":{"@id":"https:\/\/in-my-world.com\/5-jojo\/a-propos\/#breadcrumb"},"inLanguage":"fr-FR","potentialAction":[{"@type":"ReadAction","target":["https:\/\/in-my-world.com\/5-jojo\/a-propos\/"]}]},{"@type":"BreadcrumbList","@id":"https:\/\/in-my-world.com\/5-jojo\/a-propos\/#breadcrumb","itemListElement":[{"@type":"ListItem","position":1,"name":"Accueil","item":"https:\/\/in-my-world.com\/5-jojo\/"},{"@type":"ListItem","position":2,"name":"A PROPOS de Jojo Factory"}]},{"@type":"WebSite","@id":"https:\/\/in-my-world.com\/5-jojo\/#website","url":"https:\/\/in-my-world.com\/5-jojo\/","name":"JOJO Factory","description":"","publisher":{"@id":"https:\/\/in-my-world.com\/5-jojo\/#organization"},"potentialAction":[{"@type":"SearchAction","target":{"@type":"EntryPoint","urlTemplate":"https:\/\/in-my-world.com\/5-jojo\/?s={search_term_string}"},"query-input":"required name=search_term_string"}],"inLanguage":"fr-FR"},{"@type":"Organization","@id":"https:\/\/in-my-world.com\/5-jojo\/#organization","name":"JOJO Factory","url":"https:\/\/in-my-world.com\/5-jojo\/","logo":{"@type":"ImageObject","inLanguage":"fr-FR","@id":"https:\/\/in-my-world.com\/5-jojo\/#\/schema\/logo\/image\/","url":"https:\/\/in-my-world.com\/5-jojo\/wp-content\/uploads\/2023\/11\/cropped-favicon-jojo-factory.jpg","contentUrl":"https:\/\/in-my-world.com\/5-jojo\/wp-content\/uploads\/2023\/11\/cropped-favicon-jojo-factory.jpg","width":512,"height":512,"caption":"JOJO Factory"},"image":{"@id":"https:\/\/in-my-world.com\/5-jojo\/#\/schema\/logo\/image\/"},"sameAs":["https:\/\/www.facebook.com\/p\/Jojo-Factory-100067143638106\/","https:\/\/www.instagram.com\/jojofactory\/"]}]}},"_links":{"self":[{"href":"https:\/\/in-my-world.com\/5-jojo\/wp-json\/wp\/v2\/pages\/42"}],"collection":[{"href":"https:\/\/in-my-world.com\/5-jojo\/wp-json\/wp\/v2\/pages"}],"about":[{"href":"https:\/\/in-my-world.com\/5-jojo\/wp-json\/wp\/v2\/types\/page"}],"author":[{"embeddable":true,"href":"https:\/\/in-my-world.com\/5-jojo\/wp-json\/wp\/v2\/users\/1"}],"replies":[{"embeddable":true,"href":"https:\/\/in-my-world.com\/5-jojo\/wp-json\/wp\/v2\/comments?post=42"}],"version-history":[{"count":23,"href":"https:\/\/in-my-world.com\/5-jojo\/wp-json\/wp\/v2\/pages\/42\/revisions"}],"predecessor-version":[{"id":10354,"href":"https:\/\/in-my-world.com\/5-jojo\/wp-json\/wp\/v2\/pages\/42\/revisions\/10354"}],"wp:featuredmedia":[{"embeddable":true,"href":"https:\/\/in-my-world.com\/5-jojo\/wp-json\/wp\/v2\/media\/39"}],"wp:attachment":[{"href":"https:\/\/in-my-world.com\/5-jojo\/wp-json\/wp\/v2\/media?parent=42"}],"curies":[{"name":"wp","href":"https:\/\/api.w.org\/{rel}","templated":true}]}}