{"id":4,"date":"2023-09-27T20:12:07","date_gmt":"2023-09-27T18:12:07","guid":{"rendered":"https:\/\/in-my-world.com\/5-jojo\/mon-compte\/"},"modified":"2023-10-06T12:27:18","modified_gmt":"2023-10-06T10:27:18","slug":"mon-compte","status":"publish","type":"page","link":"https:\/\/in-my-world.com\/5-jojo\/mon-compte\/","title":{"rendered":"Mon compte"},"content":{"rendered":"\t\t<div data-elementor-type=\"wp-page\" data-elementor-id=\"4\" class=\"elementor elementor-4\" data-elementor-post-type=\"page\">\n\t\t\t\t\t\t\t<div class=\"elementor-element elementor-element-57bcf3a e-flex e-con-boxed e-con e-parent\" data-id=\"57bcf3a\" data-element_type=\"container\" data-settings=\"{&quot;container_type&quot;:&quot;flex&quot;,&quot;content_width&quot;:&quot;boxed&quot;}\" data-core-v316-plus=\"true\">\n\t\t\t\t\t<div class=\"e-con-inner\">\n\t\t\t\t<div class=\"elementor-element elementor-element-df934e4 e-my-account-tabs-vertical elementor-widget elementor-widget-woocommerce-my-account\" data-id=\"df934e4\" data-element_type=\"widget\" data-widget_type=\"woocommerce-my-account.default\">\n\t\t\t\t<div class=\"elementor-widget-container\">\n\t\t\t<link rel=\"stylesheet\" href=\"https:\/\/in-my-world.com\/5-jojo\/wp-content\/plugins\/elementor-pro\/assets\/css\/widget-woocommerce.min.css\"><div class=\"e-my-account-tab e-my-account-tab__ \">\t\t\t<span class=\"elementor-hidden\">[woocommerce_my_account]<\/span>\n\t\t\t<div class=\"woocommerce\"><\/div>\t\t<\/div>\n\t\t\t\t<\/div>\n\t\t\t\t<\/div>\n\t\t\t\t\t<\/div>\n\t\t\t\t<\/div>\n\t\t\t\t\t\t\t<\/div>\n\t\t","protected":false},"excerpt":{"rendered":"<p>Tableau de bord Commandes T\u00e9l\u00e9chargements Adresses D\u00e9tails du compte D\u00e9connexion Bonjour cedric@mosaique-studio.com (vous n\u2019\u00eates pas cedric@mosaique-studio.com\u00a0? D\u00e9connexion) \u00c0 partir du tableau de bord de votre compte, vous pouvez visualiser vos commandes r\u00e9centes, g\u00e9rer vos adresses de livraison et de facturation ainsi que changer votre mot de passe et les d\u00e9tails de votre compte.<\/p>\n","protected":false},"author":1,"featured_media":0,"parent":0,"menu_order":0,"comment_status":"closed","ping_status":"closed","template":"","meta":{"footnotes":""},"acf":[],"yoast_head":"<!-- This site is optimized with the Yoast SEO plugin v21.9 - https:\/\/yoast.com\/wordpress\/plugins\/seo\/ -->\n<title>Mon compte - JOJO Factory<\/title>\n<meta name=\"robots\" content=\"index, follow, max-snippet:-1, max-image-preview:large, max-video-preview:-1\" \/>\n<link rel=\"canonical\" href=\"https:\/\/in-my-world.com\/5-jojo\/mon-compte\/\" \/>\n<meta property=\"og:locale\" content=\"fr_FR\" \/>\n<meta property=\"og:type\" content=\"article\" \/>\n<meta property=\"og:title\" content=\"Mon compte - JOJO Factory\" \/>\n<meta property=\"og:description\" content=\"Tableau de bord Commandes T\u00e9l\u00e9chargements Adresses D\u00e9tails du compte D\u00e9connexion Bonjour cedric@mosaique-studio.com (vous n\u2019\u00eates pas cedric@mosaique-studio.com\u00a0? D\u00e9connexion) \u00c0 partir du tableau de bord de votre compte, vous pouvez visualiser vos commandes r\u00e9centes, g\u00e9rer vos adresses de livraison et de facturation ainsi que changer votre mot de passe et les d\u00e9tails de votre compte.\" \/>\n<meta property=\"og:url\" content=\"https:\/\/in-my-world.com\/5-jojo\/mon-compte\/\" \/>\n<meta property=\"og:site_name\" content=\"JOJO Factory\" \/>\n<meta property=\"article:publisher\" content=\"https:\/\/www.facebook.com\/p\/Jojo-Factory-100067143638106\/\" \/>\n<meta property=\"article:modified_time\" content=\"2023-10-06T10:27:18+00:00\" \/>\n<meta name=\"twitter:card\" content=\"summary_large_image\" \/>\n<script type=\"application\/ld+json\" class=\"yoast-schema-graph\">{\"@context\":\"https:\/\/schema.org\",\"@graph\":[{\"@type\":\"WebPage\",\"@id\":\"https:\/\/in-my-world.com\/5-jojo\/mon-compte\/\",\"url\":\"https:\/\/in-my-world.com\/5-jojo\/mon-compte\/\",\"name\":\"Mon compte - JOJO Factory\",\"isPartOf\":{\"@id\":\"https:\/\/in-my-world.com\/5-jojo\/#website\"},\"datePublished\":\"2023-09-27T18:12:07+00:00\",\"dateModified\":\"2023-10-06T10:27:18+00:00\",\"breadcrumb\":{\"@id\":\"https:\/\/in-my-world.com\/5-jojo\/mon-compte\/#breadcrumb\"},\"inLanguage\":\"fr-FR\",\"potentialAction\":[{\"@type\":\"ReadAction\",\"target\":[\"https:\/\/in-my-world.com\/5-jojo\/mon-compte\/\"]}]},{\"@type\":\"BreadcrumbList\",\"@id\":\"https:\/\/in-my-world.com\/5-jojo\/mon-compte\/#breadcrumb\",\"itemListElement\":[{\"@type\":\"ListItem\",\"position\":1,\"name\":\"Accueil\",\"item\":\"https:\/\/in-my-world.com\/5-jojo\/\"},{\"@type\":\"ListItem\",\"position\":2,\"name\":\"Mon compte\"}]},{\"@type\":\"WebSite\",\"@id\":\"https:\/\/in-my-world.com\/5-jojo\/#website\",\"url\":\"https:\/\/in-my-world.com\/5-jojo\/\",\"name\":\"JOJO Factory\",\"description\":\"\",\"publisher\":{\"@id\":\"https:\/\/in-my-world.com\/5-jojo\/#organization\"},\"potentialAction\":[{\"@type\":\"SearchAction\",\"target\":{\"@type\":\"EntryPoint\",\"urlTemplate\":\"https:\/\/in-my-world.com\/5-jojo\/?s={search_term_string}\"},\"query-input\":\"required name=search_term_string\"}],\"inLanguage\":\"fr-FR\"},{\"@type\":\"Organization\",\"@id\":\"https:\/\/in-my-world.com\/5-jojo\/#organization\",\"name\":\"JOJO Factory\",\"url\":\"https:\/\/in-my-world.com\/5-jojo\/\",\"logo\":{\"@type\":\"ImageObject\",\"inLanguage\":\"fr-FR\",\"@id\":\"https:\/\/in-my-world.com\/5-jojo\/#\/schema\/logo\/image\/\",\"url\":\"https:\/\/in-my-world.com\/5-jojo\/wp-content\/uploads\/2023\/11\/cropped-favicon-jojo-factory.jpg\",\"contentUrl\":\"https:\/\/in-my-world.com\/5-jojo\/wp-content\/uploads\/2023\/11\/cropped-favicon-jojo-factory.jpg\",\"width\":512,\"height\":512,\"caption\":\"JOJO Factory\"},\"image\":{\"@id\":\"https:\/\/in-my-world.com\/5-jojo\/#\/schema\/logo\/image\/\"},\"sameAs\":[\"https:\/\/www.facebook.com\/p\/Jojo-Factory-100067143638106\/\",\"https:\/\/www.instagram.com\/jojofactory\/\"]}]}<\/script>\n<!-- \/ Yoast SEO plugin. -->","yoast_head_json":{"title":"Mon compte - JOJO Factory","robots":{"index":"index","follow":"follow","max-snippet":"max-snippet:-1","max-image-preview":"max-image-preview:large","max-video-preview":"max-video-preview:-1"},"canonical":"https:\/\/in-my-world.com\/5-jojo\/mon-compte\/","og_locale":"fr_FR","og_type":"article","og_title":"Mon compte - JOJO Factory","og_description":"Tableau de bord Commandes T\u00e9l\u00e9chargements Adresses D\u00e9tails du compte D\u00e9connexion Bonjour cedric@mosaique-studio.com (vous n\u2019\u00eates pas cedric@mosaique-studio.com\u00a0? D\u00e9connexion) \u00c0 partir du tableau de bord de votre compte, vous pouvez visualiser vos commandes r\u00e9centes, g\u00e9rer vos adresses de livraison et de facturation ainsi que changer votre mot de passe et les d\u00e9tails de votre compte.","og_url":"https:\/\/in-my-world.com\/5-jojo\/mon-compte\/","og_site_name":"JOJO Factory","article_publisher":"https:\/\/www.facebook.com\/p\/Jojo-Factory-100067143638106\/","article_modified_time":"2023-10-06T10:27:18+00:00","twitter_card":"summary_large_image","schema":{"@context":"https:\/\/schema.org","@graph":[{"@type":"WebPage","@id":"https:\/\/in-my-world.com\/5-jojo\/mon-compte\/","url":"https:\/\/in-my-world.com\/5-jojo\/mon-compte\/","name":"Mon compte - JOJO Factory","isPartOf":{"@id":"https:\/\/in-my-world.com\/5-jojo\/#website"},"datePublished":"2023-09-27T18:12:07+00:00","dateModified":"2023-10-06T10:27:18+00:00","breadcrumb":{"@id":"https:\/\/in-my-world.com\/5-jojo\/mon-compte\/#breadcrumb"},"inLanguage":"fr-FR","potentialAction":[{"@type":"ReadAction","target":["https:\/\/in-my-world.com\/5-jojo\/mon-compte\/"]}]},{"@type":"BreadcrumbList","@id":"https:\/\/in-my-world.com\/5-jojo\/mon-compte\/#breadcrumb","itemListElement":[{"@type":"ListItem","position":1,"name":"Accueil","item":"https:\/\/in-my-world.com\/5-jojo\/"},{"@type":"ListItem","position":2,"name":"Mon compte"}]},{"@type":"WebSite","@id":"https:\/\/in-my-world.com\/5-jojo\/#website","url":"https:\/\/in-my-world.com\/5-jojo\/","name":"JOJO Factory","description":"","publisher":{"@id":"https:\/\/in-my-world.com\/5-jojo\/#organization"},"potentialAction":[{"@type":"SearchAction","target":{"@type":"EntryPoint","urlTemplate":"https:\/\/in-my-world.com\/5-jojo\/?s={search_term_string}"},"query-input":"required name=search_term_string"}],"inLanguage":"fr-FR"},{"@type":"Organization","@id":"https:\/\/in-my-world.com\/5-jojo\/#organization","name":"JOJO Factory","url":"https:\/\/in-my-world.com\/5-jojo\/","logo":{"@type":"ImageObject","inLanguage":"fr-FR","@id":"https:\/\/in-my-world.com\/5-jojo\/#\/schema\/logo\/image\/","url":"https:\/\/in-my-world.com\/5-jojo\/wp-content\/uploads\/2023\/11\/cropped-favicon-jojo-factory.jpg","contentUrl":"https:\/\/in-my-world.com\/5-jojo\/wp-content\/uploads\/2023\/11\/cropped-favicon-jojo-factory.jpg","width":512,"height":512,"caption":"JOJO Factory"},"image":{"@id":"https:\/\/in-my-world.com\/5-jojo\/#\/schema\/logo\/image\/"},"sameAs":["https:\/\/www.facebook.com\/p\/Jojo-Factory-100067143638106\/","https:\/\/www.instagram.com\/jojofactory\/"]}]}},"_links":{"self":[{"href":"https:\/\/in-my-world.com\/5-jojo\/wp-json\/wp\/v2\/pages\/4"}],"collection":[{"href":"https:\/\/in-my-world.com\/5-jojo\/wp-json\/wp\/v2\/pages"}],"about":[{"href":"https:\/\/in-my-world.com\/5-jojo\/wp-json\/wp\/v2\/types\/page"}],"author":[{"embeddable":true,"href":"https:\/\/in-my-world.com\/5-jojo\/wp-json\/wp\/v2\/users\/1"}],"replies":[{"embeddable":true,"href":"https:\/\/in-my-world.com\/5-jojo\/wp-json\/wp\/v2\/comments?post=4"}],"version-history":[{"count":10,"href":"https:\/\/in-my-world.com\/5-jojo\/wp-json\/wp\/v2\/pages\/4\/revisions"}],"predecessor-version":[{"id":8450,"href":"https:\/\/in-my-world.com\/5-jojo\/wp-json\/wp\/v2\/pages\/4\/revisions\/8450"}],"wp:attachment":[{"href":"https:\/\/in-my-world.com\/5-jojo\/wp-json\/wp\/v2\/media?parent=4"}],"curies":[{"name":"wp","href":"https:\/\/api.w.org\/{rel}","templated":true}]}}