{"id":69,"date":"2019-05-18T11:31:21","date_gmt":"2019-05-18T09:31:21","guid":{"rendered":"https:\/\/in-my-world.com\/40-trentetrois\/?page_id=69"},"modified":"2019-11-25T16:54:51","modified_gmt":"2019-11-25T14:54:51","slug":"notre-equipe","status":"publish","type":"page","link":"https:\/\/in-my-world.com\/40-trentetrois\/notre-equipe\/","title":{"rendered":"Notre \u00e9quipe"},"content":{"rendered":"<div class=\"tmm tmm_team\"><div class=\"tmm_3_columns tmm_wrap tmm_theme_f\"><span class=\"tmm_two_containers_tablet\"><\/span><div class=\"tmm_container\"><div class=\"tmm_member\" style=\"border-top:#dd9933 solid 5px;\"><div class=\"tmm_photo tmm_pic_team_0\" style=\"background: url(https:\/\/in-my-world.com\/40-trentetrois\/wp-content\/uploads\/2020\/01\/39086362_2196053097340388_6375950028325781504_n.jpg); margin-left: auto; margin-right:auto; background-size:cover !important;\"><\/div><div class=\"tmm_textblock\"><div class=\"tmm_names\"><span class=\"tmm_fname\">Loris<\/span> <span class=\"tmm_lname\">Dikongue Tanga<\/span><\/div><div class=\"tmm_job\">Directeur G\u00e9n\u00e9ral<\/div><div class=\"tmm_scblock\"><a target=\"_blank\" class=\"tmm_sociallink\" href=\"https:\/\/www.instagram.com\/trentetroisdegres\/\" title=\"Instagram\"><img decoding=\"async\" alt=\"Instagram\" src=\"https:\/\/in-my-world.com\/40-trentetrois\/wp-content\/plugins\/team-members\/inc\/img\/links\/instagram.png\"\/><\/a><a target=\"_blank\" class=\"tmm_sociallink\" href=\"https:\/\/www.linkedin.com\/in\/loris-dikongue-tanga-8605a619b\" title=\"LinkedIn\"><img decoding=\"async\" alt=\"LinkedIn\" src=\"https:\/\/in-my-world.com\/40-trentetrois\/wp-content\/plugins\/team-members\/inc\/img\/links\/linkedin.png\"\/><\/a><\/div><\/div><\/div><div class=\"tmm_member\" style=\"border-top:#dd9933 solid 5px;\"><div class=\"tmm_photo tmm_pic_team_1\" style=\"background: url(https:\/\/in-my-world.com\/40-trentetrois\/wp-content\/uploads\/2019\/05\/IMG_4417.jpg); margin-left: auto; margin-right:auto; background-size:cover !important;\"><\/div><div class=\"tmm_textblock\"><div class=\"tmm_names\"><span class=\"tmm_fname\">Hugo<\/span> <span class=\"tmm_lname\">Belhouari<\/span><\/div><div class=\"tmm_job\">Pr\u00e9sident<\/div><div class=\"tmm_scblock\"><a target=\"_blank\" class=\"tmm_sociallink\" href=\"https:\/\/instagram.com\/spidacpoo\" title=\"Instagram\"><img decoding=\"async\" alt=\"Instagram\" src=\"https:\/\/in-my-world.com\/40-trentetrois\/wp-content\/plugins\/team-members\/inc\/img\/links\/instagram.png\"\/><\/a><a target=\"_blank\" class=\"tmm_sociallink\" href=\"https:\/\/www.linkedin.com\/in\/hugo-belhouari-8765a619b\" title=\"LinkedIn\"><img decoding=\"async\" alt=\"LinkedIn\" src=\"https:\/\/in-my-world.com\/40-trentetrois\/wp-content\/plugins\/team-members\/inc\/img\/links\/linkedin.png\"\/><\/a><\/div><\/div><\/div><span class=\"tmm_two_containers_tablet\"><\/span><div class=\"tmm_member\" style=\"border-top:#dd9933 solid 5px;\"><div class=\"tmm_photo tmm_pic_team_2\" style=\"background: url(https:\/\/in-my-world.com\/40-trentetrois\/wp-content\/uploads\/2021\/03\/7A088F0A-0BF3-4ECA-AEF8-888F00FDDE8D.jpeg); margin-left: auto; margin-right:auto; background-size:cover !important;\"><\/div><div class=\"tmm_textblock\"><div class=\"tmm_names\"><span class=\"tmm_fname\">Tony<\/span> <span class=\"tmm_lname\">Eang<\/span><\/div><div class=\"tmm_job\">Directeur G\u00e9n\u00e9ral Adjoint<\/div><div class=\"tmm_scblock\"><a target=\"_blank\" class=\"tmm_sociallink\" href=\"https:\/\/instagram.com\/tony.flame\" title=\"Instagram\"><img decoding=\"async\" alt=\"Instagram\" src=\"https:\/\/in-my-world.com\/40-trentetrois\/wp-content\/plugins\/team-members\/inc\/img\/links\/instagram.png\"\/><\/a><a target=\"_blank\" class=\"tmm_sociallink\" href=\"https:\/\/www.linkedin.com\/in\/tony-eang-3735a819b\/\" title=\"LinkedIn\"><img decoding=\"async\" alt=\"LinkedIn\" src=\"https:\/\/in-my-world.com\/40-trentetrois\/wp-content\/plugins\/team-members\/inc\/img\/links\/linkedin.png\"\/><\/a><\/div><\/div><\/div><\/div><span class=\"tmm_columns_containers_desktop\"><\/span><div class=\"tmm_container\"><div class=\"tmm_member\" style=\"border-top:#dd9933 solid 5px;\"><div class=\"tmm_photo tmm_pic_team_3\" style=\"background: url(https:\/\/in-my-world.com\/40-trentetrois\/wp-content\/uploads\/2021\/06\/louis.png); margin-left: auto; margin-right:auto; background-size:cover !important;\"><\/div><div class=\"tmm_textblock\"><div class=\"tmm_names\"><span class=\"tmm_fname\">Louis<\/span> <span class=\"tmm_lname\">Martins<\/span><\/div><div class=\"tmm_job\">R\u00e9dacteur en chef<\/div><div class=\"tmm_scblock\"><a target=\"_blank\" class=\"tmm_sociallink\" href=\"https:\/\/www.instagram.com\/louismrcc\/\" title=\"Instagram\"><img decoding=\"async\" alt=\"Instagram\" src=\"https:\/\/in-my-world.com\/40-trentetrois\/wp-content\/plugins\/team-members\/inc\/img\/links\/instagram.png\"\/><\/a><\/div><\/div><\/div><span class=\"tmm_two_containers_tablet\"><\/span><div class=\"tmm_member\" style=\"border-top:#dd9933 solid 5px;\"><div class=\"tmm_photo tmm_pic_team_4\" style=\"background: url(https:\/\/in-my-world.com\/40-trentetrois\/wp-content\/uploads\/2021\/09\/Darril-33.jpeg); margin-left: auto; margin-right:auto; background-size:cover !important;\"><\/div><div class=\"tmm_textblock\"><div class=\"tmm_names\"><span class=\"tmm_fname\">Daryl<\/span> <span class=\"tmm_lname\">Sarun<\/span><\/div><div class=\"tmm_job\">Directeur Artistique<\/div><div class=\"tmm_scblock\"><a target=\"_blank\" class=\"tmm_sociallink\" href=\"https:\/\/www.instagram.com\/freedadou\/\" title=\"Instagram\"><img decoding=\"async\" alt=\"Instagram\" src=\"https:\/\/in-my-world.com\/40-trentetrois\/wp-content\/plugins\/team-members\/inc\/img\/links\/instagram.png\"\/><\/a><\/div><\/div><\/div><div class=\"tmm_member\" style=\"border-top:#dd9933 solid 5px;\"><div class=\"tmm_photo tmm_pic_team_5\" style=\"background: url(https:\/\/in-my-world.com\/40-trentetrois\/wp-content\/uploads\/2020\/11\/97270395_245944166467660_2039921000566425236_n.jpg); margin-left: auto; margin-right:auto; background-size:cover !important;\"><\/div><div class=\"tmm_textblock\"><div class=\"tmm_names\"><span class=\"tmm_fname\">Tony<\/span> <span class=\"tmm_lname\">Minatchy<\/span><\/div><div class=\"tmm_job\">R\u00e9dacteur<\/div><div class=\"tmm_scblock\"><a target=\"_blank\" class=\"tmm_sociallink\" href=\"https:\/\/www.instagram.com\/_superdupertony\/\" title=\"Instagram\"><img decoding=\"async\" alt=\"Instagram\" src=\"https:\/\/in-my-world.com\/40-trentetrois\/wp-content\/plugins\/team-members\/inc\/img\/links\/instagram.png\"\/><\/a><a target=\"_blank\" class=\"tmm_sociallink\" href=\"https:\/\/www.linkedin.com\/in\/tony-minatchy\/\" title=\"LinkedIn\"><img decoding=\"async\" alt=\"LinkedIn\" src=\"https:\/\/in-my-world.com\/40-trentetrois\/wp-content\/plugins\/team-members\/inc\/img\/links\/linkedin.png\"\/><\/a><\/div><\/div><\/div><span class=\"tmm_two_containers_tablet\"><\/span><\/div><span class=\"tmm_columns_containers_desktop\"><\/span><div class=\"tmm_container\"><div class=\"tmm_member\" style=\"border-top:#dd9933 solid 5px;\"><div class=\"tmm_photo tmm_pic_team_6\" style=\"background: url(https:\/\/in-my-world.com\/40-trentetrois\/wp-content\/uploads\/2021\/09\/74117382-4DE3-4C89-911A-E6FAE41CA1D2.jpg); margin-left: auto; margin-right:auto; background-size:cover !important;\"><\/div><div class=\"tmm_textblock\"><div class=\"tmm_names\"><span class=\"tmm_fname\">Sarah<\/span> <span class=\"tmm_lname\">Chastan<\/span><\/div><div class=\"tmm_job\">R\u00e9dactrice<\/div><div class=\"tmm_scblock\"><a target=\"_blank\" class=\"tmm_sociallink\" href=\"https:\/\/www.instagram.com\/sarah_chastan\/\" title=\"Instagram\"><img decoding=\"async\" alt=\"Instagram\" src=\"https:\/\/in-my-world.com\/40-trentetrois\/wp-content\/plugins\/team-members\/inc\/img\/links\/instagram.png\"\/><\/a><\/div><\/div><\/div><div class=\"tmm_member\" style=\"border-top:#dd9933 solid 5px;\"><div class=\"tmm_photo tmm_pic_team_7\" style=\"background: url(https:\/\/in-my-world.com\/40-trentetrois\/wp-content\/uploads\/2024\/01\/FullSizeRender-preview.jpg); margin-left: auto; margin-right:auto; background-size:cover !important;\"><\/div><div class=\"tmm_textblock\"><div class=\"tmm_names\"><span class=\"tmm_fname\">Mathilde<\/span> <span class=\"tmm_lname\">Lamo<\/span><\/div><div class=\"tmm_job\">R\u00e9dactrice<\/div><div class=\"tmm_scblock\"><a target=\"_blank\" class=\"tmm_sociallink\" href=\"https:\/\/www.instagram.com\/math8lde\/\" title=\"Instagram\"><img decoding=\"async\" alt=\"Instagram\" src=\"https:\/\/in-my-world.com\/40-trentetrois\/wp-content\/plugins\/team-members\/inc\/img\/links\/instagram.png\"\/><\/a><\/div><\/div><\/div><span class=\"tmm_two_containers_tablet\"><\/span><div class=\"tmm_member\" style=\"border-top:#dd9933 solid 5px;\"><div class=\"tmm_photo tmm_pic_team_8\" style=\"background: url(https:\/\/in-my-world.com\/40-trentetrois\/wp-content\/uploads\/2021\/10\/IMG_8113.jpg); margin-left: auto; margin-right:auto; background-size:cover !important;\"><\/div><div class=\"tmm_textblock\"><div class=\"tmm_names\"><span class=\"tmm_fname\">Valentin<\/span> <span class=\"tmm_lname\">Bernard<\/span><\/div><div class=\"tmm_job\">R\u00e9dacteur<\/div><div class=\"tmm_scblock\"><a target=\"_blank\" class=\"tmm_sociallink\" href=\"https:\/\/www.instagram.com\/valentin.bnd91\/\" title=\"Instagram\"><img decoding=\"async\" alt=\"Instagram\" src=\"https:\/\/in-my-world.com\/40-trentetrois\/wp-content\/plugins\/team-members\/inc\/img\/links\/instagram.png\"\/><\/a><a target=\"_blank\" class=\"tmm_sociallink\" href=\"https:\/\/twitter.com\/BERNARD_Val23\" title=\"Twitter\"><img decoding=\"async\" alt=\"Twitter\" src=\"https:\/\/in-my-world.com\/40-trentetrois\/wp-content\/plugins\/team-members\/inc\/img\/links\/twitter.png\"\/><\/a><\/div><\/div><\/div><\/div><span class=\"tmm_columns_containers_desktop\"><\/span><div class=\"tmm_container\"><div class=\"tmm_member\" style=\"border-top:#dd9933 solid 5px;\"><div class=\"tmm_photo tmm_pic_team_9\" style=\"background: url(https:\/\/in-my-world.com\/40-trentetrois\/wp-content\/uploads\/2023\/10\/WhatsApp-Image-2023-10-22-at-21.51.40.jpeg); margin-left: auto; margin-right:auto; background-size:cover !important;\"><\/div><div class=\"tmm_textblock\"><div class=\"tmm_names\"><span class=\"tmm_fname\">Ilona<\/span> <span class=\"tmm_lname\">Galan<\/span><\/div><div class=\"tmm_job\">R\u00e9dactrice<\/div><div class=\"tmm_scblock\"><a target=\"_blank\" class=\"tmm_sociallink\" href=\"https:\/\/www.instagram.com\/ilonagln\/\" title=\"Instagram\"><img decoding=\"async\" alt=\"Instagram\" src=\"https:\/\/in-my-world.com\/40-trentetrois\/wp-content\/plugins\/team-members\/inc\/img\/links\/instagram.png\"\/><\/a><\/div><\/div><\/div><span class=\"tmm_two_containers_tablet\"><\/span><div class=\"tmm_member\" style=\"border-top:#dd9933 solid 5px;\"><div class=\"tmm_photo tmm_pic_team_10\" style=\"background: url(https:\/\/in-my-world.com\/40-trentetrois\/wp-content\/uploads\/2023\/10\/WhatsApp-Image-2023-10-22-at-19.57.40.jpeg); margin-left: auto; margin-right:auto; background-size:cover !important;\"><\/div><div class=\"tmm_textblock\"><div class=\"tmm_names\"><span class=\"tmm_fname\">Emma<\/span> <span class=\"tmm_lname\"> Srajek-Ussel<\/span><\/div><div class=\"tmm_job\">R\u00e9dactrice<\/div><div class=\"tmm_scblock\"><a target=\"_blank\" class=\"tmm_sociallink\" href=\"https:\/\/www.instagram.com\/emmasrajek\/\" title=\"Instagram\"><img decoding=\"async\" alt=\"Instagram\" src=\"https:\/\/in-my-world.com\/40-trentetrois\/wp-content\/plugins\/team-members\/inc\/img\/links\/instagram.png\"\/><\/a><\/div><\/div><\/div><div style=\"clear:both;\"><\/div><\/div><\/div><\/div>\n","protected":false},"excerpt":{"rendered":"","protected":false},"author":4,"featured_media":0,"parent":0,"menu_order":0,"comment_status":"closed","ping_status":"closed","template":"","meta":{"_lmt_disableupdate":"","_lmt_disable":"","footnotes":""},"yoast_head":"<!-- This site is optimized with the Yoast SEO plugin v24.5 - https:\/\/yoast.com\/wordpress\/plugins\/seo\/ -->\n<title>Notre \u00e9quipe - TrenteTroisDegr\u00e9s<\/title>\n<meta name=\"description\" content=\"TrenteTroisDegr\u00e9s est ravis de vous pr\u00e9senter son \u00e9quipe oeuvrant chaque jour pour vous apporter les derni\u00e8res actualit\u00e9s.\" \/>\n<meta name=\"robots\" content=\"index, follow, max-snippet:-1, max-image-preview:large, max-video-preview:-1\" \/>\n<link rel=\"canonical\" href=\"https:\/\/in-my-world.com\/40-trentetrois\/notre-equipe\/\" \/>\n<meta property=\"og:locale\" content=\"fr_FR\" \/>\n<meta property=\"og:type\" content=\"article\" \/>\n<meta property=\"og:title\" content=\"Notre \u00e9quipe - TrenteTroisDegr\u00e9s\" \/>\n<meta property=\"og:description\" content=\"TrenteTroisDegr\u00e9s est ravis de vous pr\u00e9senter son \u00e9quipe oeuvrant chaque jour pour vous apporter les derni\u00e8res actualit\u00e9s.\" \/>\n<meta property=\"og:url\" content=\"https:\/\/in-my-world.com\/40-trentetrois\/notre-equipe\/\" \/>\n<meta property=\"og:site_name\" content=\"Trente Trois Degr\u00e9s : Le m\u00e9dia de toute une g\u00e9n\u00e9ration\" \/>\n<meta property=\"article:publisher\" content=\"https:\/\/www.facebook.com\/33Degres\/\" \/>\n<meta property=\"article:modified_time\" content=\"2019-11-25T14:54:51+00:00\" \/>\n<meta name=\"twitter:card\" content=\"summary_large_image\" \/>\n<meta name=\"twitter:site\" content=\"@33Degres\" \/>\n<script type=\"application\/ld+json\" class=\"yoast-schema-graph\">{\"@context\":\"https:\/\/schema.org\",\"@graph\":[{\"@type\":\"WebPage\",\"@id\":\"https:\/\/in-my-world.com\/40-trentetrois\/notre-equipe\/\",\"url\":\"https:\/\/in-my-world.com\/40-trentetrois\/notre-equipe\/\",\"name\":\"Notre \u00e9quipe - TrenteTroisDegr\u00e9s\",\"isPartOf\":{\"@id\":\"https:\/\/in-my-world.com\/40-trentetrois\/#website\"},\"datePublished\":\"2019-05-18T09:31:21+00:00\",\"dateModified\":\"2019-11-25T14:54:51+00:00\",\"description\":\"TrenteTroisDegr\u00e9s est ravis de vous pr\u00e9senter son \u00e9quipe oeuvrant chaque jour pour vous apporter les derni\u00e8res actualit\u00e9s.\",\"breadcrumb\":{\"@id\":\"https:\/\/in-my-world.com\/40-trentetrois\/notre-equipe\/#breadcrumb\"},\"inLanguage\":\"fr-FR\",\"potentialAction\":[{\"@type\":\"ReadAction\",\"target\":[\"https:\/\/in-my-world.com\/40-trentetrois\/notre-equipe\/\"]}]},{\"@type\":\"BreadcrumbList\",\"@id\":\"https:\/\/in-my-world.com\/40-trentetrois\/notre-equipe\/#breadcrumb\",\"itemListElement\":[{\"@type\":\"ListItem\",\"position\":1,\"name\":\"Accueil\",\"item\":\"https:\/\/in-my-world.com\/40-trentetrois\/\"},{\"@type\":\"ListItem\",\"position\":2,\"name\":\"Notre \u00e9quipe\"}]},{\"@type\":\"WebSite\",\"@id\":\"https:\/\/in-my-world.com\/40-trentetrois\/#website\",\"url\":\"https:\/\/in-my-world.com\/40-trentetrois\/\",\"name\":\"Trente Trois Degr\u00e9s : Le m\u00e9dia de toute une g\u00e9n\u00e9ration\",\"description\":\"Le magazine qui suit l\u2019ascension de la culture urbaine et participe \u00e0 son \u00e9panouissement\",\"publisher\":{\"@id\":\"https:\/\/in-my-world.com\/40-trentetrois\/#organization\"},\"potentialAction\":[{\"@type\":\"SearchAction\",\"target\":{\"@type\":\"EntryPoint\",\"urlTemplate\":\"https:\/\/in-my-world.com\/40-trentetrois\/?s={search_term_string}\"},\"query-input\":{\"@type\":\"PropertyValueSpecification\",\"valueRequired\":true,\"valueName\":\"search_term_string\"}}],\"inLanguage\":\"fr-FR\"},{\"@type\":\"Organization\",\"@id\":\"https:\/\/in-my-world.com\/40-trentetrois\/#organization\",\"name\":\"Trente Trois Degr\u00e9s\",\"url\":\"https:\/\/in-my-world.com\/40-trentetrois\/\",\"logo\":{\"@type\":\"ImageObject\",\"inLanguage\":\"fr-FR\",\"@id\":\"https:\/\/in-my-world.com\/40-trentetrois\/#\/schema\/logo\/image\/\",\"url\":\"https:\/\/in-my-world.com\/40-trentetrois\/wp-content\/uploads\/2019\/09\/LOGO-BBR.jpg\",\"contentUrl\":\"https:\/\/in-my-world.com\/40-trentetrois\/wp-content\/uploads\/2019\/09\/LOGO-BBR.jpg\",\"width\":1000,\"height\":1000,\"caption\":\"Trente Trois Degr\u00e9s\"},\"image\":{\"@id\":\"https:\/\/in-my-world.com\/40-trentetrois\/#\/schema\/logo\/image\/\"},\"sameAs\":[\"https:\/\/www.facebook.com\/33Degres\/\",\"https:\/\/x.com\/33Degres\",\"https:\/\/www.instagram.com\/trentetroisdegres\/\",\"https:\/\/www.linkedin.com\/company\/trente-trois-degr\u00e9s\/about\/\",\"https:\/\/www.youtube.com\/channel\/UC026PSlK8Lidb7FfltdIqOQ\/featured\"]}]}<\/script>\n<!-- \/ Yoast SEO plugin. -->","yoast_head_json":{"title":"Notre \u00e9quipe - TrenteTroisDegr\u00e9s","description":"TrenteTroisDegr\u00e9s est ravis de vous pr\u00e9senter son \u00e9quipe oeuvrant chaque jour pour vous apporter les derni\u00e8res actualit\u00e9s.","robots":{"index":"index","follow":"follow","max-snippet":"max-snippet:-1","max-image-preview":"max-image-preview:large","max-video-preview":"max-video-preview:-1"},"canonical":"https:\/\/in-my-world.com\/40-trentetrois\/notre-equipe\/","og_locale":"fr_FR","og_type":"article","og_title":"Notre \u00e9quipe - TrenteTroisDegr\u00e9s","og_description":"TrenteTroisDegr\u00e9s est ravis de vous pr\u00e9senter son \u00e9quipe oeuvrant chaque jour pour vous apporter les derni\u00e8res actualit\u00e9s.","og_url":"https:\/\/in-my-world.com\/40-trentetrois\/notre-equipe\/","og_site_name":"Trente Trois Degr\u00e9s : Le m\u00e9dia de toute une g\u00e9n\u00e9ration","article_publisher":"https:\/\/www.facebook.com\/33Degres\/","article_modified_time":"2019-11-25T14:54:51+00:00","twitter_card":"summary_large_image","twitter_site":"@33Degres","schema":{"@context":"https:\/\/schema.org","@graph":[{"@type":"WebPage","@id":"https:\/\/in-my-world.com\/40-trentetrois\/notre-equipe\/","url":"https:\/\/in-my-world.com\/40-trentetrois\/notre-equipe\/","name":"Notre \u00e9quipe - TrenteTroisDegr\u00e9s","isPartOf":{"@id":"https:\/\/in-my-world.com\/40-trentetrois\/#website"},"datePublished":"2019-05-18T09:31:21+00:00","dateModified":"2019-11-25T14:54:51+00:00","description":"TrenteTroisDegr\u00e9s est ravis de vous pr\u00e9senter son \u00e9quipe oeuvrant chaque jour pour vous apporter les derni\u00e8res actualit\u00e9s.","breadcrumb":{"@id":"https:\/\/in-my-world.com\/40-trentetrois\/notre-equipe\/#breadcrumb"},"inLanguage":"fr-FR","potentialAction":[{"@type":"ReadAction","target":["https:\/\/in-my-world.com\/40-trentetrois\/notre-equipe\/"]}]},{"@type":"BreadcrumbList","@id":"https:\/\/in-my-world.com\/40-trentetrois\/notre-equipe\/#breadcrumb","itemListElement":[{"@type":"ListItem","position":1,"name":"Accueil","item":"https:\/\/in-my-world.com\/40-trentetrois\/"},{"@type":"ListItem","position":2,"name":"Notre \u00e9quipe"}]},{"@type":"WebSite","@id":"https:\/\/in-my-world.com\/40-trentetrois\/#website","url":"https:\/\/in-my-world.com\/40-trentetrois\/","name":"Trente Trois Degr\u00e9s : Le m\u00e9dia de toute une g\u00e9n\u00e9ration","description":"Le magazine qui suit l\u2019ascension de la culture urbaine et participe \u00e0 son \u00e9panouissement","publisher":{"@id":"https:\/\/in-my-world.com\/40-trentetrois\/#organization"},"potentialAction":[{"@type":"SearchAction","target":{"@type":"EntryPoint","urlTemplate":"https:\/\/in-my-world.com\/40-trentetrois\/?s={search_term_string}"},"query-input":{"@type":"PropertyValueSpecification","valueRequired":true,"valueName":"search_term_string"}}],"inLanguage":"fr-FR"},{"@type":"Organization","@id":"https:\/\/in-my-world.com\/40-trentetrois\/#organization","name":"Trente Trois Degr\u00e9s","url":"https:\/\/in-my-world.com\/40-trentetrois\/","logo":{"@type":"ImageObject","inLanguage":"fr-FR","@id":"https:\/\/in-my-world.com\/40-trentetrois\/#\/schema\/logo\/image\/","url":"https:\/\/in-my-world.com\/40-trentetrois\/wp-content\/uploads\/2019\/09\/LOGO-BBR.jpg","contentUrl":"https:\/\/in-my-world.com\/40-trentetrois\/wp-content\/uploads\/2019\/09\/LOGO-BBR.jpg","width":1000,"height":1000,"caption":"Trente Trois Degr\u00e9s"},"image":{"@id":"https:\/\/in-my-world.com\/40-trentetrois\/#\/schema\/logo\/image\/"},"sameAs":["https:\/\/www.facebook.com\/33Degres\/","https:\/\/x.com\/33Degres","https:\/\/www.instagram.com\/trentetroisdegres\/","https:\/\/www.linkedin.com\/company\/trente-trois-degr\u00e9s\/about\/","https:\/\/www.youtube.com\/channel\/UC026PSlK8Lidb7FfltdIqOQ\/featured"]}]}},"_links":{"self":[{"href":"https:\/\/in-my-world.com\/40-trentetrois\/wp-json\/wp\/v2\/pages\/69"}],"collection":[{"href":"https:\/\/in-my-world.com\/40-trentetrois\/wp-json\/wp\/v2\/pages"}],"about":[{"href":"https:\/\/in-my-world.com\/40-trentetrois\/wp-json\/wp\/v2\/types\/page"}],"author":[{"embeddable":true,"href":"https:\/\/in-my-world.com\/40-trentetrois\/wp-json\/wp\/v2\/users\/4"}],"replies":[{"embeddable":true,"href":"https:\/\/in-my-world.com\/40-trentetrois\/wp-json\/wp\/v2\/comments?post=69"}],"version-history":[{"count":0,"href":"https:\/\/in-my-world.com\/40-trentetrois\/wp-json\/wp\/v2\/pages\/69\/revisions"}],"wp:attachment":[{"href":"https:\/\/in-my-world.com\/40-trentetrois\/wp-json\/wp\/v2\/media?parent=69"}],"curies":[{"name":"wp","href":"https:\/\/api.w.org\/{rel}","templated":true}]}}