{"id":6035,"date":"2019-10-01T12:15:51","date_gmt":"2019-10-01T10:15:51","guid":{"rendered":"https:\/\/in-my-world.com\/40-trentetrois\/?page_id=6035"},"modified":"2022-11-10T12:02:32","modified_gmt":"2022-11-10T10:02:32","slug":"rejoindre-lequipe-trente-trois-degres","status":"publish","type":"page","link":"https:\/\/in-my-world.com\/40-trentetrois\/rejoindre-lequipe-trente-trois-degres\/","title":{"rendered":"Rejoindre l&rsquo;\u00e9quipe Trente Trois Degr\u00e9s"},"content":{"rendered":"<p>Tu souhaites rejoindre un m\u00e9dia en pleine expansion comme Trente Trois Degr\u00e9s ? Alors tu es sur la bonne page !<\/p>\n<div class=\"frm_forms  with_frm_style frm_style_style-formidable\" id=\"frm_form_3_container\" data-token=\"04478cf3a4e831080c4faf8eb8fa3ca0\">\n<form enctype=\"multipart\/form-data\" method=\"post\" class=\"frm-show-form \" id=\"form_rejoindre33\"  data-token=\"04478cf3a4e831080c4faf8eb8fa3ca0\">\n<div class=\"frm_form_fields \">\n<fieldset>\n<legend class=\"frm_screen_reader\">Rejoindre 33<\/legend>\r\n\r\n<div class=\"frm_fields_container\">\n<input type=\"hidden\" name=\"frm_action\" value=\"create\" \/>\n<input type=\"hidden\" name=\"form_id\" value=\"3\" \/>\n<input type=\"hidden\" name=\"frm_hide_fields_3\" id=\"frm_hide_fields_3\" value=\"\" \/>\n<input type=\"hidden\" name=\"form_key\" value=\"rejoindre33\" \/>\n<input type=\"hidden\" name=\"item_meta[0]\" value=\"\" \/>\n<input type=\"hidden\" id=\"frm_submit_entry_3\" name=\"frm_submit_entry_3\" value=\"6e913803b7\" \/><input type=\"hidden\" name=\"_wp_http_referer\" value=\"\/40-trentetrois\/wp-json\/wp\/v2\/pages\/6035\" \/><div id=\"frm_field_12_container\" class=\"frm_form_field form-field  frm_none_container\">\r\n    <label for=\"field_k5i0v\" id=\"field_k5i0v_label\" class=\"frm_primary_label\">Nom\/Pr\u00e9nom\r\n        <span class=\"frm_required\" aria-hidden=\"true\"><\/span>\r\n    <\/label>\r\n    <input type=\"text\" id=\"field_k5i0v\" name=\"item_meta[12]\" value=\"\"  style=\"width:500px\" placeholder=\"Nom\/Pr\u00e9nom\" data-invmsg=\"texte est non valide\" class=\"auto_width\" aria-invalid=\"false\"  \/>\r\n    \r\n    \r\n<\/div>\n<div id=\"frm_field_13_container\" class=\"frm_form_field form-field  frm_none_container\">\r\n    <label for=\"field_my660\" id=\"field_my660_label\" class=\"frm_primary_label\">Email\r\n        <span class=\"frm_required\" aria-hidden=\"true\"><\/span>\r\n    <\/label>\r\n    <input type=\"email\" id=\"field_my660\" name=\"item_meta[13]\" value=\"\"  style=\"width:500px\" placeholder=\"Email\" data-invmsg=\"Email est non valide\" class=\"auto_width\" aria-invalid=\"false\"  \/>\r\n    \r\n    \r\n<\/div>\n<div id=\"frm_field_14_container\" class=\"frm_form_field form-field  frm_none_container\">\r\n    <label for=\"field_u33a5\" id=\"field_u33a5_label\" class=\"frm_primary_label\">Poste\r\n        <span class=\"frm_required\" aria-hidden=\"true\"><\/span>\r\n    <\/label>\r\n    \t\t<select name=\"item_meta[14]\" id=\"field_u33a5\"  data-frmval=\"Nouvelle Option\" data-invmsg=\"Poste est non valide\" class=\"auto_width\" aria-invalid=\"false\"  >\n\t\t<option  value=\"WordPress Master (H\/F)\">WordPress Master (H\/F)<\/option><option  value=\"Community Manager (H\/F)\">Community Manager (H\/F)<\/option><option  value=\"R\u00e9dacteur (H\/F)\">R\u00e9dacteur (H\/F)<\/option>\t<\/select>\n\t\r\n    \r\n    \r\n<\/div>\n<div id=\"frm_field_15_container\" class=\"frm_form_field form-field  frm_none_container\">\r\n    <label for=\"field_erpgb\" id=\"field_erpgb_label\" class=\"frm_primary_label\">Paragraphe\r\n        <span class=\"frm_required\" aria-hidden=\"true\"><\/span>\r\n    <\/label>\r\n    <textarea name=\"item_meta[15]\" id=\"field_erpgb\" rows=\"5\"  placeholder=\"Pr\u00e9sentez-vous\" data-invmsg=\"Paragraphe est non valide\" aria-invalid=\"false\"  ><\/textarea>\r\n    \r\n    \r\n<\/div>\n\t<input type=\"hidden\" name=\"item_key\" value=\"\" \/>\n\t\t\t\t<div class=\"frm__65479ed2915cd\">\n\t\t\t\t<label for=\"frm_email_3\" >\n\t\t\t\t\tSi vous \u00eates un humain, ne remplissez pas ce champ.\t\t\t\t<\/label>\n\t\t\t\t<input  id=\"frm_email_3\" type=\"text\" class=\"frm_verify\" name=\"frm__65479ed2915cd\" value=\"\" autocomplete=\"off\"  \/>\n\t\t\t<\/div>\n\t\t<div class=\"frm_submit\">\r\n\r\n<button class=\"frm_button_submit\" type=\"submit\"  >Partager ma candidature<\/button>\r\n\r\n<\/div><\/div>\n<\/fieldset>\n<\/div>\n<p style=\"display: none !important;\" class=\"akismet-fields-container\" data-prefix=\"ak_\"><label>&#916;<textarea name=\"ak_hp_textarea\" cols=\"45\" rows=\"8\" maxlength=\"100\"><\/textarea><\/label><input type=\"hidden\" id=\"ak_js_1\" name=\"ak_js\" value=\"94\"\/><script type=\"text\/javascript\">\n\/* <![CDATA[ *\/\ndocument.getElementById( \"ak_js_1\" ).setAttribute( \"value\", ( new Date() ).getTime() );\n\/* ]]> *\/\n<\/script>\n<\/p><\/form>\n<\/div>\n\n","protected":false},"excerpt":{"rendered":"<p>Tu souhaites rejoindre un m\u00e9dia en pleine expansion comme Trente Trois Degr\u00e9s ? Alors&hellip;<\/p>\n","protected":false},"author":4,"featured_media":0,"parent":0,"menu_order":0,"comment_status":"closed","ping_status":"closed","template":"","meta":{"_lmt_disableupdate":"","_lmt_disable":"","footnotes":""},"yoast_head":"<!-- This site is optimized with the Yoast SEO plugin v24.5 - https:\/\/yoast.com\/wordpress\/plugins\/seo\/ -->\n<title>Rejoindre l&#039;\u00e9quipe Trente Trois Degr\u00e9s<\/title>\n<meta name=\"description\" content=\"Tu souhaites rejoindre un m\u00e9dia en pleine expansion ? Tu penses pouvoir mettre ton talent au service de Trente Trois Degr\u00e9s ? Alors clique sur cette page.\" \/>\n<meta name=\"robots\" content=\"index, follow, max-snippet:-1, max-image-preview:large, max-video-preview:-1\" \/>\n<link rel=\"canonical\" href=\"https:\/\/in-my-world.com\/40-trentetrois\/rejoindre-lequipe-trente-trois-degres\/\" \/>\n<meta property=\"og:locale\" content=\"fr_FR\" \/>\n<meta property=\"og:type\" content=\"article\" \/>\n<meta property=\"og:title\" content=\"Rejoindre l&#039;\u00e9quipe Trente Trois Degr\u00e9s\" \/>\n<meta property=\"og:description\" content=\"Tu souhaites rejoindre un m\u00e9dia en pleine expansion ? Tu penses pouvoir mettre ton talent au service de Trente Trois Degr\u00e9s ? Alors clique sur cette page.\" \/>\n<meta property=\"og:url\" content=\"https:\/\/in-my-world.com\/40-trentetrois\/rejoindre-lequipe-trente-trois-degres\/\" \/>\n<meta property=\"og:site_name\" content=\"Trente Trois Degr\u00e9s : Le m\u00e9dia de toute une g\u00e9n\u00e9ration\" \/>\n<meta property=\"article:publisher\" content=\"https:\/\/www.facebook.com\/33Degres\/\" \/>\n<meta property=\"article:modified_time\" content=\"2022-11-10T10:02:32+00:00\" \/>\n<meta name=\"twitter:card\" content=\"summary_large_image\" \/>\n<meta name=\"twitter:site\" content=\"@33Degres\" \/>\n<meta name=\"twitter:label1\" content=\"Dur\u00e9e de lecture estim\u00e9e\" \/>\n\t<meta name=\"twitter:data1\" content=\"1 minute\" \/>\n<script type=\"application\/ld+json\" class=\"yoast-schema-graph\">{\"@context\":\"https:\/\/schema.org\",\"@graph\":[{\"@type\":[\"WebPage\",\"ContactPage\"],\"@id\":\"https:\/\/in-my-world.com\/40-trentetrois\/rejoindre-lequipe-trente-trois-degres\/\",\"url\":\"https:\/\/in-my-world.com\/40-trentetrois\/rejoindre-lequipe-trente-trois-degres\/\",\"name\":\"Rejoindre l'\u00e9quipe Trente Trois Degr\u00e9s\",\"isPartOf\":{\"@id\":\"https:\/\/in-my-world.com\/40-trentetrois\/#website\"},\"datePublished\":\"2019-10-01T10:15:51+00:00\",\"dateModified\":\"2022-11-10T10:02:32+00:00\",\"description\":\"Tu souhaites rejoindre un m\u00e9dia en pleine expansion ? Tu penses pouvoir mettre ton talent au service de Trente Trois Degr\u00e9s ? Alors clique sur cette page.\",\"breadcrumb\":{\"@id\":\"https:\/\/in-my-world.com\/40-trentetrois\/rejoindre-lequipe-trente-trois-degres\/#breadcrumb\"},\"inLanguage\":\"fr-FR\",\"potentialAction\":[{\"@type\":\"ReadAction\",\"target\":[\"https:\/\/in-my-world.com\/40-trentetrois\/rejoindre-lequipe-trente-trois-degres\/\"]}]},{\"@type\":\"BreadcrumbList\",\"@id\":\"https:\/\/in-my-world.com\/40-trentetrois\/rejoindre-lequipe-trente-trois-degres\/#breadcrumb\",\"itemListElement\":[{\"@type\":\"ListItem\",\"position\":1,\"name\":\"Accueil\",\"item\":\"https:\/\/in-my-world.com\/40-trentetrois\/\"},{\"@type\":\"ListItem\",\"position\":2,\"name\":\"Rejoindre l&rsquo;\u00e9quipe Trente Trois Degr\u00e9s\"}]},{\"@type\":\"WebSite\",\"@id\":\"https:\/\/in-my-world.com\/40-trentetrois\/#website\",\"url\":\"https:\/\/in-my-world.com\/40-trentetrois\/\",\"name\":\"Trente Trois Degr\u00e9s : Le m\u00e9dia de toute une g\u00e9n\u00e9ration\",\"description\":\"Le magazine qui suit l\u2019ascension de la culture urbaine et participe \u00e0 son \u00e9panouissement\",\"publisher\":{\"@id\":\"https:\/\/in-my-world.com\/40-trentetrois\/#organization\"},\"potentialAction\":[{\"@type\":\"SearchAction\",\"target\":{\"@type\":\"EntryPoint\",\"urlTemplate\":\"https:\/\/in-my-world.com\/40-trentetrois\/?s={search_term_string}\"},\"query-input\":{\"@type\":\"PropertyValueSpecification\",\"valueRequired\":true,\"valueName\":\"search_term_string\"}}],\"inLanguage\":\"fr-FR\"},{\"@type\":\"Organization\",\"@id\":\"https:\/\/in-my-world.com\/40-trentetrois\/#organization\",\"name\":\"Trente Trois Degr\u00e9s\",\"url\":\"https:\/\/in-my-world.com\/40-trentetrois\/\",\"logo\":{\"@type\":\"ImageObject\",\"inLanguage\":\"fr-FR\",\"@id\":\"https:\/\/in-my-world.com\/40-trentetrois\/#\/schema\/logo\/image\/\",\"url\":\"https:\/\/in-my-world.com\/40-trentetrois\/wp-content\/uploads\/2019\/09\/LOGO-BBR.jpg\",\"contentUrl\":\"https:\/\/in-my-world.com\/40-trentetrois\/wp-content\/uploads\/2019\/09\/LOGO-BBR.jpg\",\"width\":1000,\"height\":1000,\"caption\":\"Trente Trois Degr\u00e9s\"},\"image\":{\"@id\":\"https:\/\/in-my-world.com\/40-trentetrois\/#\/schema\/logo\/image\/\"},\"sameAs\":[\"https:\/\/www.facebook.com\/33Degres\/\",\"https:\/\/x.com\/33Degres\",\"https:\/\/www.instagram.com\/trentetroisdegres\/\",\"https:\/\/www.linkedin.com\/company\/trente-trois-degr\u00e9s\/about\/\",\"https:\/\/www.youtube.com\/channel\/UC026PSlK8Lidb7FfltdIqOQ\/featured\"]}]}<\/script>\n<!-- \/ Yoast SEO plugin. -->","yoast_head_json":{"title":"Rejoindre l'\u00e9quipe Trente Trois Degr\u00e9s","description":"Tu souhaites rejoindre un m\u00e9dia en pleine expansion ? Tu penses pouvoir mettre ton talent au service de Trente Trois Degr\u00e9s ? Alors clique sur cette page.","robots":{"index":"index","follow":"follow","max-snippet":"max-snippet:-1","max-image-preview":"max-image-preview:large","max-video-preview":"max-video-preview:-1"},"canonical":"https:\/\/in-my-world.com\/40-trentetrois\/rejoindre-lequipe-trente-trois-degres\/","og_locale":"fr_FR","og_type":"article","og_title":"Rejoindre l'\u00e9quipe Trente Trois Degr\u00e9s","og_description":"Tu souhaites rejoindre un m\u00e9dia en pleine expansion ? Tu penses pouvoir mettre ton talent au service de Trente Trois Degr\u00e9s ? Alors clique sur cette page.","og_url":"https:\/\/in-my-world.com\/40-trentetrois\/rejoindre-lequipe-trente-trois-degres\/","og_site_name":"Trente Trois Degr\u00e9s : Le m\u00e9dia de toute une g\u00e9n\u00e9ration","article_publisher":"https:\/\/www.facebook.com\/33Degres\/","article_modified_time":"2022-11-10T10:02:32+00:00","twitter_card":"summary_large_image","twitter_site":"@33Degres","twitter_misc":{"Dur\u00e9e de lecture estim\u00e9e":"1 minute"},"schema":{"@context":"https:\/\/schema.org","@graph":[{"@type":["WebPage","ContactPage"],"@id":"https:\/\/in-my-world.com\/40-trentetrois\/rejoindre-lequipe-trente-trois-degres\/","url":"https:\/\/in-my-world.com\/40-trentetrois\/rejoindre-lequipe-trente-trois-degres\/","name":"Rejoindre l'\u00e9quipe Trente Trois Degr\u00e9s","isPartOf":{"@id":"https:\/\/in-my-world.com\/40-trentetrois\/#website"},"datePublished":"2019-10-01T10:15:51+00:00","dateModified":"2022-11-10T10:02:32+00:00","description":"Tu souhaites rejoindre un m\u00e9dia en pleine expansion ? Tu penses pouvoir mettre ton talent au service de Trente Trois Degr\u00e9s ? Alors clique sur cette page.","breadcrumb":{"@id":"https:\/\/in-my-world.com\/40-trentetrois\/rejoindre-lequipe-trente-trois-degres\/#breadcrumb"},"inLanguage":"fr-FR","potentialAction":[{"@type":"ReadAction","target":["https:\/\/in-my-world.com\/40-trentetrois\/rejoindre-lequipe-trente-trois-degres\/"]}]},{"@type":"BreadcrumbList","@id":"https:\/\/in-my-world.com\/40-trentetrois\/rejoindre-lequipe-trente-trois-degres\/#breadcrumb","itemListElement":[{"@type":"ListItem","position":1,"name":"Accueil","item":"https:\/\/in-my-world.com\/40-trentetrois\/"},{"@type":"ListItem","position":2,"name":"Rejoindre l&rsquo;\u00e9quipe Trente Trois Degr\u00e9s"}]},{"@type":"WebSite","@id":"https:\/\/in-my-world.com\/40-trentetrois\/#website","url":"https:\/\/in-my-world.com\/40-trentetrois\/","name":"Trente Trois Degr\u00e9s : Le m\u00e9dia de toute une g\u00e9n\u00e9ration","description":"Le magazine qui suit l\u2019ascension de la culture urbaine et participe \u00e0 son \u00e9panouissement","publisher":{"@id":"https:\/\/in-my-world.com\/40-trentetrois\/#organization"},"potentialAction":[{"@type":"SearchAction","target":{"@type":"EntryPoint","urlTemplate":"https:\/\/in-my-world.com\/40-trentetrois\/?s={search_term_string}"},"query-input":{"@type":"PropertyValueSpecification","valueRequired":true,"valueName":"search_term_string"}}],"inLanguage":"fr-FR"},{"@type":"Organization","@id":"https:\/\/in-my-world.com\/40-trentetrois\/#organization","name":"Trente Trois Degr\u00e9s","url":"https:\/\/in-my-world.com\/40-trentetrois\/","logo":{"@type":"ImageObject","inLanguage":"fr-FR","@id":"https:\/\/in-my-world.com\/40-trentetrois\/#\/schema\/logo\/image\/","url":"https:\/\/in-my-world.com\/40-trentetrois\/wp-content\/uploads\/2019\/09\/LOGO-BBR.jpg","contentUrl":"https:\/\/in-my-world.com\/40-trentetrois\/wp-content\/uploads\/2019\/09\/LOGO-BBR.jpg","width":1000,"height":1000,"caption":"Trente Trois Degr\u00e9s"},"image":{"@id":"https:\/\/in-my-world.com\/40-trentetrois\/#\/schema\/logo\/image\/"},"sameAs":["https:\/\/www.facebook.com\/33Degres\/","https:\/\/x.com\/33Degres","https:\/\/www.instagram.com\/trentetroisdegres\/","https:\/\/www.linkedin.com\/company\/trente-trois-degr\u00e9s\/about\/","https:\/\/www.youtube.com\/channel\/UC026PSlK8Lidb7FfltdIqOQ\/featured"]}]}},"_links":{"self":[{"href":"https:\/\/in-my-world.com\/40-trentetrois\/wp-json\/wp\/v2\/pages\/6035"}],"collection":[{"href":"https:\/\/in-my-world.com\/40-trentetrois\/wp-json\/wp\/v2\/pages"}],"about":[{"href":"https:\/\/in-my-world.com\/40-trentetrois\/wp-json\/wp\/v2\/types\/page"}],"author":[{"embeddable":true,"href":"https:\/\/in-my-world.com\/40-trentetrois\/wp-json\/wp\/v2\/users\/4"}],"replies":[{"embeddable":true,"href":"https:\/\/in-my-world.com\/40-trentetrois\/wp-json\/wp\/v2\/comments?post=6035"}],"version-history":[{"count":0,"href":"https:\/\/in-my-world.com\/40-trentetrois\/wp-json\/wp\/v2\/pages\/6035\/revisions"}],"wp:attachment":[{"href":"https:\/\/in-my-world.com\/40-trentetrois\/wp-json\/wp\/v2\/media?parent=6035"}],"curies":[{"name":"wp","href":"https:\/\/api.w.org\/{rel}","templated":true}]}}