{"id":24903,"date":"2021-10-28T11:20:03","date_gmt":"2021-10-28T09:20:03","guid":{"rendered":"https:\/\/in-my-world.com\/40-trentetrois\/?page_id=24903"},"modified":"2022-02-03T17:32:22","modified_gmt":"2022-02-03T15:32:22","slug":"nous-partager-sa-musique","status":"publish","type":"page","link":"https:\/\/in-my-world.com\/40-trentetrois\/nous-partager-sa-musique\/","title":{"rendered":"Nous partager sa musique"},"content":{"rendered":"<p>Cette page est d\u00e9di\u00e9e aux <strong>artistes ind\u00e9pendants, labels, RP ou maisons de disque<\/strong> souhaitant nous faire part une oeuvre musicale afin de l&rsquo;int\u00e9grer dans l&rsquo;un de nos diff\u00e9rents formats.<\/p>\n<p>Nous tenons \u00e0 pr\u00e9ciser qu&rsquo;il n&rsquo;est pas possible de partager tous les titres que nous recevons.<\/p>\n<div class=\"frm_forms  with_frm_style frm_style_style-formidable\" id=\"frm_form_4_container\" data-token=\"04478cf3a4e831080c4faf8eb8fa3ca0\">\n<form enctype=\"multipart\/form-data\" method=\"post\" class=\"frm-show-form \" id=\"form_partagersamusique\"  data-token=\"04478cf3a4e831080c4faf8eb8fa3ca0\">\n<div class=\"frm_form_fields \">\n<fieldset>\n<legend class=\"frm_screen_reader\">Partager sa musique<\/legend>\r\n\r\n<div class=\"frm_fields_container\">\n<input type=\"hidden\" name=\"frm_action\" value=\"create\" \/>\n<input type=\"hidden\" name=\"form_id\" value=\"4\" \/>\n<input type=\"hidden\" name=\"frm_hide_fields_4\" id=\"frm_hide_fields_4\" value=\"\" \/>\n<input type=\"hidden\" name=\"form_key\" value=\"partagersamusique\" \/>\n<input type=\"hidden\" name=\"item_meta[0]\" value=\"\" \/>\n<input type=\"hidden\" id=\"frm_submit_entry_4\" name=\"frm_submit_entry_4\" value=\"6e913803b7\" \/><input type=\"hidden\" name=\"_wp_http_referer\" value=\"\/40-trentetrois\/wp-json\/wp\/v2\/pages\/24903\" \/><div id=\"frm_field_16_container\" class=\"frm_form_field form-field  frm_required_field frm_none_container\">\r\n    <label for=\"field_8ldl\" id=\"field_8ldl_label\" class=\"frm_primary_label\">Nom\/Pr\u00e9nom\r\n        <span class=\"frm_required\" aria-hidden=\"true\">*<\/span>\r\n    <\/label>\r\n    <input type=\"text\" id=\"field_8ldl\" name=\"item_meta[16]\" value=\"\"  style=\"width:500px\" placeholder=\"Nom\/Pr\u00e9nom\" data-reqmsg=\"Nom\/Pr\u00e9nom ne peut pas \u00eatre vide.\" aria-required=\"true\" data-invmsg=\"texte est non valide\" class=\"auto_width\" aria-invalid=\"false\"  \/>\r\n    \r\n    \r\n<\/div>\n<div id=\"frm_field_17_container\" class=\"frm_form_field form-field  frm_required_field frm_none_container\">\r\n    <label for=\"field_wxx9g\" id=\"field_wxx9g_label\" class=\"frm_primary_label\">Email\r\n        <span class=\"frm_required\" aria-hidden=\"true\">*<\/span>\r\n    <\/label>\r\n    <input type=\"email\" id=\"field_wxx9g\" name=\"item_meta[17]\" value=\"\"  style=\"width:500px\" placeholder=\"Email\" data-reqmsg=\"Email ne peut pas \u00eatre vide.\" aria-required=\"true\" data-invmsg=\"Email est non valide\" class=\"auto_width\" aria-invalid=\"false\"  \/>\r\n    \r\n    \r\n<\/div>\n<div id=\"frm_field_18_container\" class=\"frm_form_field form-field  frm_required_field frm_none_container\">\r\n    <label for=\"field_hihmh\" id=\"field_hihmh_label\" class=\"frm_primary_label\">R\u00f4le\r\n        <span class=\"frm_required\" aria-hidden=\"true\">*<\/span>\r\n    <\/label>\r\n    \t\t<select name=\"item_meta[18]\" id=\"field_hihmh\"  data-reqmsg=\"R\u00f4le ne peut pas \u00eatre vide.\" aria-required=\"true\" data-invmsg=\"R\u00f4le est non valide\" class=\"auto_width\" aria-invalid=\"false\"  >\n\t\t<option  value=\"Artiste\">Artiste<\/option><option  value=\"Label\">Label<\/option><option  value=\"Manageur\">Manageur<\/option><option  value=\"Maison de disque\">Maison de disque<\/option><option  value=\"RP\">RP<\/option>\t<\/select>\n\t\r\n    \r\n    \r\n<\/div>\n<div id=\"frm_field_19_container\" class=\"frm_form_field form-field  frm_required_field frm_none_container frm_first vertical_radio\">\r\n    <div  id=\"field_ipa7c_label\" class=\"frm_primary_label\">Votre souhait\r\n        <span class=\"frm_required\" aria-hidden=\"true\">*<\/span>\r\n    <\/div>\r\n    <div class=\"frm_opt_container\" aria-labelledby=\"field_ipa7c_label\" role=\"group\">\t\t<div class=\"frm_checkbox\" id=\"frm_checkbox_19-0\"><label for=\"field_ipa7c-0\"><input type=\"checkbox\" name=\"item_meta[19][]\" id=\"field_ipa7c-0\" value=\"Passer en playlist\"  data-reqmsg=\"Ce champ ne peut pas \u00eatre vide\" data-invmsg=\"Votre souhait est non valide\" aria-invalid=\"false\"   aria-required=\"true\"  \/> Passer en playlist<\/label><\/div>\n\t\t<div class=\"frm_checkbox\" id=\"frm_checkbox_19-1\"><label for=\"field_ipa7c-1\"><input type=\"checkbox\" name=\"item_meta[19][]\" id=\"field_ipa7c-1\" value=\"Avoir un article\"  data-reqmsg=\"Ce champ ne peut pas \u00eatre vide\" data-invmsg=\"Votre souhait est non valide\" aria-invalid=\"false\"   \/> Avoir un article<\/label><\/div>\n\t\t<div class=\"frm_checkbox\" id=\"frm_checkbox_19-2\"><label for=\"field_ipa7c-2\"><input type=\"checkbox\" name=\"item_meta[19][]\" id=\"field_ipa7c-2\" value=\"Avoir une interview\"  data-reqmsg=\"Ce champ ne peut pas \u00eatre vide\" data-invmsg=\"Votre souhait est non valide\" aria-invalid=\"false\"   \/> Avoir une interview<\/label><\/div>\n<\/div>\r\n    \r\n    \r\n<\/div>\n<div id=\"frm_field_20_container\" class=\"frm_form_field form-field  frm_none_container frm_first frm_half\">\r\n    <label for=\"field_j1vhg\" id=\"field_j1vhg_label\" class=\"frm_primary_label\">Paragraphe\r\n        <span class=\"frm_required\" aria-hidden=\"true\"><\/span>\r\n    <\/label>\r\n    <textarea name=\"item_meta[20]\" id=\"field_j1vhg\" rows=\"5\"  placeholder=\"D\u00e9crivez bri\u00e8vement votre requ\u00eate (Recommand\u00e9)\" data-invmsg=\"Paragraphe est non valide\" aria-invalid=\"false\"  ><\/textarea>\r\n    \r\n    \r\n<\/div>\n\t<input type=\"hidden\" name=\"item_key\" value=\"\" \/>\n\t\t\t\t<div class=\"frm__65479ed2915cd\">\n\t\t\t\t<label for=\"frm_email_4\" >\n\t\t\t\t\tSi vous \u00eates un humain, ne remplissez pas ce champ.\t\t\t\t<\/label>\n\t\t\t\t<input  id=\"frm_email_4\" type=\"text\" class=\"frm_verify\" name=\"frm__65479ed2915cd\" value=\"\" autocomplete=\"off\"  \/>\n\t\t\t<\/div>\n\t\t<div class=\"frm_submit\">\r\n\r\n<button class=\"frm_button_submit\" type=\"submit\"  >Envoyer<\/button>\r\n\r\n<\/div><\/div>\n<\/fieldset>\n<\/div>\n<p style=\"display: none !important;\" class=\"akismet-fields-container\" data-prefix=\"ak_\"><label>&#916;<textarea name=\"ak_hp_textarea\" cols=\"45\" rows=\"8\" maxlength=\"100\"><\/textarea><\/label><input type=\"hidden\" id=\"ak_js_1\" name=\"ak_js\" value=\"8\"\/><script type=\"text\/javascript\">\n\/* <![CDATA[ *\/\ndocument.getElementById( \"ak_js_1\" ).setAttribute( \"value\", ( new Date() ).getTime() );\n\/* ]]> *\/\n<\/script>\n<\/p><\/form>\n<\/div>\n\n","protected":false},"excerpt":{"rendered":"<p>Cette page est d\u00e9di\u00e9e aux artistes ind\u00e9pendants, labels, RP ou maisons de disque souhaitant&hellip;<\/p>\n","protected":false},"author":4,"featured_media":0,"parent":0,"menu_order":0,"comment_status":"closed","ping_status":"closed","template":"","meta":{"_lmt_disableupdate":"","_lmt_disable":"","footnotes":""},"yoast_head":"<!-- This site is optimized with the Yoast SEO plugin v24.5 - https:\/\/yoast.com\/wordpress\/plugins\/seo\/ -->\n<title>Nous partager sa musique - Trente Trois Degr\u00e9s<\/title>\n<meta name=\"description\" content=\"Un album, un EP, une mixtape ou un simple titre ? Envoyez-nous vos sons sur cette page pour nous faire d\u00e9couvrir votre travail.\" \/>\n<meta name=\"robots\" content=\"index, follow, max-snippet:-1, max-image-preview:large, max-video-preview:-1\" \/>\n<link rel=\"canonical\" href=\"https:\/\/in-my-world.com\/40-trentetrois\/nous-partager-sa-musique\/\" \/>\n<meta property=\"og:locale\" content=\"fr_FR\" \/>\n<meta property=\"og:type\" content=\"article\" \/>\n<meta property=\"og:title\" content=\"Nous partager sa musique - Trente Trois Degr\u00e9s\" \/>\n<meta property=\"og:description\" content=\"Un album, un EP, une mixtape ou un simple titre ? Envoyez-nous vos sons sur cette page pour nous faire d\u00e9couvrir votre travail.\" \/>\n<meta property=\"og:url\" content=\"https:\/\/in-my-world.com\/40-trentetrois\/nous-partager-sa-musique\/\" \/>\n<meta property=\"og:site_name\" content=\"Trente Trois Degr\u00e9s : Le m\u00e9dia de toute une g\u00e9n\u00e9ration\" \/>\n<meta property=\"article:publisher\" content=\"https:\/\/www.facebook.com\/33Degres\/\" \/>\n<meta property=\"article:modified_time\" content=\"2022-02-03T15:32:22+00:00\" \/>\n<meta name=\"twitter:card\" content=\"summary_large_image\" \/>\n<meta name=\"twitter:site\" content=\"@33Degres\" \/>\n<meta name=\"twitter:label1\" content=\"Dur\u00e9e de lecture estim\u00e9e\" \/>\n\t<meta name=\"twitter:data1\" content=\"1 minute\" \/>\n<script type=\"application\/ld+json\" class=\"yoast-schema-graph\">{\"@context\":\"https:\/\/schema.org\",\"@graph\":[{\"@type\":\"WebPage\",\"@id\":\"https:\/\/in-my-world.com\/40-trentetrois\/nous-partager-sa-musique\/\",\"url\":\"https:\/\/in-my-world.com\/40-trentetrois\/nous-partager-sa-musique\/\",\"name\":\"Nous partager sa musique - Trente Trois Degr\u00e9s\",\"isPartOf\":{\"@id\":\"https:\/\/in-my-world.com\/40-trentetrois\/#website\"},\"datePublished\":\"2021-10-28T09:20:03+00:00\",\"dateModified\":\"2022-02-03T15:32:22+00:00\",\"description\":\"Un album, un EP, une mixtape ou un simple titre ? Envoyez-nous vos sons sur cette page pour nous faire d\u00e9couvrir votre travail.\",\"breadcrumb\":{\"@id\":\"https:\/\/in-my-world.com\/40-trentetrois\/nous-partager-sa-musique\/#breadcrumb\"},\"inLanguage\":\"fr-FR\",\"potentialAction\":[{\"@type\":\"ReadAction\",\"target\":[\"https:\/\/in-my-world.com\/40-trentetrois\/nous-partager-sa-musique\/\"]}]},{\"@type\":\"BreadcrumbList\",\"@id\":\"https:\/\/in-my-world.com\/40-trentetrois\/nous-partager-sa-musique\/#breadcrumb\",\"itemListElement\":[{\"@type\":\"ListItem\",\"position\":1,\"name\":\"Accueil\",\"item\":\"https:\/\/in-my-world.com\/40-trentetrois\/\"},{\"@type\":\"ListItem\",\"position\":2,\"name\":\"Nous partager sa musique\"}]},{\"@type\":\"WebSite\",\"@id\":\"https:\/\/in-my-world.com\/40-trentetrois\/#website\",\"url\":\"https:\/\/in-my-world.com\/40-trentetrois\/\",\"name\":\"Trente Trois Degr\u00e9s : Le m\u00e9dia de toute une g\u00e9n\u00e9ration\",\"description\":\"Le magazine qui suit l\u2019ascension de la culture urbaine et participe \u00e0 son \u00e9panouissement\",\"publisher\":{\"@id\":\"https:\/\/in-my-world.com\/40-trentetrois\/#organization\"},\"potentialAction\":[{\"@type\":\"SearchAction\",\"target\":{\"@type\":\"EntryPoint\",\"urlTemplate\":\"https:\/\/in-my-world.com\/40-trentetrois\/?s={search_term_string}\"},\"query-input\":{\"@type\":\"PropertyValueSpecification\",\"valueRequired\":true,\"valueName\":\"search_term_string\"}}],\"inLanguage\":\"fr-FR\"},{\"@type\":\"Organization\",\"@id\":\"https:\/\/in-my-world.com\/40-trentetrois\/#organization\",\"name\":\"Trente Trois Degr\u00e9s\",\"url\":\"https:\/\/in-my-world.com\/40-trentetrois\/\",\"logo\":{\"@type\":\"ImageObject\",\"inLanguage\":\"fr-FR\",\"@id\":\"https:\/\/in-my-world.com\/40-trentetrois\/#\/schema\/logo\/image\/\",\"url\":\"https:\/\/in-my-world.com\/40-trentetrois\/wp-content\/uploads\/2019\/09\/LOGO-BBR.jpg\",\"contentUrl\":\"https:\/\/in-my-world.com\/40-trentetrois\/wp-content\/uploads\/2019\/09\/LOGO-BBR.jpg\",\"width\":1000,\"height\":1000,\"caption\":\"Trente Trois Degr\u00e9s\"},\"image\":{\"@id\":\"https:\/\/in-my-world.com\/40-trentetrois\/#\/schema\/logo\/image\/\"},\"sameAs\":[\"https:\/\/www.facebook.com\/33Degres\/\",\"https:\/\/x.com\/33Degres\",\"https:\/\/www.instagram.com\/trentetroisdegres\/\",\"https:\/\/www.linkedin.com\/company\/trente-trois-degr\u00e9s\/about\/\",\"https:\/\/www.youtube.com\/channel\/UC026PSlK8Lidb7FfltdIqOQ\/featured\"]}]}<\/script>\n<!-- \/ Yoast SEO plugin. -->","yoast_head_json":{"title":"Nous partager sa musique - Trente Trois Degr\u00e9s","description":"Un album, un EP, une mixtape ou un simple titre ? Envoyez-nous vos sons sur cette page pour nous faire d\u00e9couvrir votre travail.","robots":{"index":"index","follow":"follow","max-snippet":"max-snippet:-1","max-image-preview":"max-image-preview:large","max-video-preview":"max-video-preview:-1"},"canonical":"https:\/\/in-my-world.com\/40-trentetrois\/nous-partager-sa-musique\/","og_locale":"fr_FR","og_type":"article","og_title":"Nous partager sa musique - Trente Trois Degr\u00e9s","og_description":"Un album, un EP, une mixtape ou un simple titre ? Envoyez-nous vos sons sur cette page pour nous faire d\u00e9couvrir votre travail.","og_url":"https:\/\/in-my-world.com\/40-trentetrois\/nous-partager-sa-musique\/","og_site_name":"Trente Trois Degr\u00e9s : Le m\u00e9dia de toute une g\u00e9n\u00e9ration","article_publisher":"https:\/\/www.facebook.com\/33Degres\/","article_modified_time":"2022-02-03T15:32:22+00:00","twitter_card":"summary_large_image","twitter_site":"@33Degres","twitter_misc":{"Dur\u00e9e de lecture estim\u00e9e":"1 minute"},"schema":{"@context":"https:\/\/schema.org","@graph":[{"@type":"WebPage","@id":"https:\/\/in-my-world.com\/40-trentetrois\/nous-partager-sa-musique\/","url":"https:\/\/in-my-world.com\/40-trentetrois\/nous-partager-sa-musique\/","name":"Nous partager sa musique - Trente Trois Degr\u00e9s","isPartOf":{"@id":"https:\/\/in-my-world.com\/40-trentetrois\/#website"},"datePublished":"2021-10-28T09:20:03+00:00","dateModified":"2022-02-03T15:32:22+00:00","description":"Un album, un EP, une mixtape ou un simple titre ? Envoyez-nous vos sons sur cette page pour nous faire d\u00e9couvrir votre travail.","breadcrumb":{"@id":"https:\/\/in-my-world.com\/40-trentetrois\/nous-partager-sa-musique\/#breadcrumb"},"inLanguage":"fr-FR","potentialAction":[{"@type":"ReadAction","target":["https:\/\/in-my-world.com\/40-trentetrois\/nous-partager-sa-musique\/"]}]},{"@type":"BreadcrumbList","@id":"https:\/\/in-my-world.com\/40-trentetrois\/nous-partager-sa-musique\/#breadcrumb","itemListElement":[{"@type":"ListItem","position":1,"name":"Accueil","item":"https:\/\/in-my-world.com\/40-trentetrois\/"},{"@type":"ListItem","position":2,"name":"Nous partager sa musique"}]},{"@type":"WebSite","@id":"https:\/\/in-my-world.com\/40-trentetrois\/#website","url":"https:\/\/in-my-world.com\/40-trentetrois\/","name":"Trente Trois Degr\u00e9s : Le m\u00e9dia de toute une g\u00e9n\u00e9ration","description":"Le magazine qui suit l\u2019ascension de la culture urbaine et participe \u00e0 son \u00e9panouissement","publisher":{"@id":"https:\/\/in-my-world.com\/40-trentetrois\/#organization"},"potentialAction":[{"@type":"SearchAction","target":{"@type":"EntryPoint","urlTemplate":"https:\/\/in-my-world.com\/40-trentetrois\/?s={search_term_string}"},"query-input":{"@type":"PropertyValueSpecification","valueRequired":true,"valueName":"search_term_string"}}],"inLanguage":"fr-FR"},{"@type":"Organization","@id":"https:\/\/in-my-world.com\/40-trentetrois\/#organization","name":"Trente Trois Degr\u00e9s","url":"https:\/\/in-my-world.com\/40-trentetrois\/","logo":{"@type":"ImageObject","inLanguage":"fr-FR","@id":"https:\/\/in-my-world.com\/40-trentetrois\/#\/schema\/logo\/image\/","url":"https:\/\/in-my-world.com\/40-trentetrois\/wp-content\/uploads\/2019\/09\/LOGO-BBR.jpg","contentUrl":"https:\/\/in-my-world.com\/40-trentetrois\/wp-content\/uploads\/2019\/09\/LOGO-BBR.jpg","width":1000,"height":1000,"caption":"Trente Trois Degr\u00e9s"},"image":{"@id":"https:\/\/in-my-world.com\/40-trentetrois\/#\/schema\/logo\/image\/"},"sameAs":["https:\/\/www.facebook.com\/33Degres\/","https:\/\/x.com\/33Degres","https:\/\/www.instagram.com\/trentetroisdegres\/","https:\/\/www.linkedin.com\/company\/trente-trois-degr\u00e9s\/about\/","https:\/\/www.youtube.com\/channel\/UC026PSlK8Lidb7FfltdIqOQ\/featured"]}]}},"_links":{"self":[{"href":"https:\/\/in-my-world.com\/40-trentetrois\/wp-json\/wp\/v2\/pages\/24903"}],"collection":[{"href":"https:\/\/in-my-world.com\/40-trentetrois\/wp-json\/wp\/v2\/pages"}],"about":[{"href":"https:\/\/in-my-world.com\/40-trentetrois\/wp-json\/wp\/v2\/types\/page"}],"author":[{"embeddable":true,"href":"https:\/\/in-my-world.com\/40-trentetrois\/wp-json\/wp\/v2\/users\/4"}],"replies":[{"embeddable":true,"href":"https:\/\/in-my-world.com\/40-trentetrois\/wp-json\/wp\/v2\/comments?post=24903"}],"version-history":[{"count":0,"href":"https:\/\/in-my-world.com\/40-trentetrois\/wp-json\/wp\/v2\/pages\/24903\/revisions"}],"wp:attachment":[{"href":"https:\/\/in-my-world.com\/40-trentetrois\/wp-json\/wp\/v2\/media?parent=24903"}],"curies":[{"name":"wp","href":"https:\/\/api.w.org\/{rel}","templated":true}]}}