{"id":39796,"date":"2022-11-03T01:09:25","date_gmt":"2022-11-03T00:09:25","guid":{"rendered":"https:\/\/in-my-world.com\/2-ludipilates\/?post_type=product&#038;p=39796"},"modified":"2023-04-17T09:07:44","modified_gmt":"2023-04-17T07:07:44","slug":"summer-pack-pilates-2022-5-videos-30-minutes","status":"publish","type":"product","link":"https:\/\/in-my-world.com\/2-ludipilates\/produit\/summer-pack-pilates-2022-5-videos-30-minutes\/","title":{"rendered":"Summer Pack Pilates 2022 &#8211; 5 vid\u00e9os 30 minutes"},"content":{"rendered":"<p class=\"_04xlpA direction-ltr align-justify para-style-body\">Dans ce pack de vid\u00e9os, on reste sur le m\u00eame principe que j&rsquo;affectionne beaucoup : des vid\u00e9os de 30mns maximum \u00e0 faire le plus r\u00e9guli\u00e8rement possible pour en ressentir les bienfaits. Je vous ai pr\u00e9vu un bonus de Yoga Nidra, \u00e0 faire quand vous voulez dans la semaine mais id\u00e9alement avant d&rsquo;aller vous coucher !<\/p>\n<p class=\"_04xlpA direction-ltr align-justify para-style-body\">Au programme :<\/p>\n<ul>\n<li>vid\u00e9o warm up (10mns) : \u00e0 faire seul ou avant une autre s\u00e9ance propos\u00e9e ici<\/li>\n<li>vid\u00e9o \u00ab strong legs \u00bb (20mns) : renforcement des jambes et mobilit\u00e9 des hanches!<\/li>\n<li>vid\u00e9o \u00ab abdos flow \u00bb (31 mins) : s\u00e9ance de Pilates avec focus sur les abdos profonds<\/li>\n<li>vid\u00e9o \u00ab pilates chaise \u00bb (30mns) : pour varier les plaisirs avec une chaise que tout le monde a chez soi<\/li>\n<li>\u00a0vid\u00e9o \u00ab pilates petits bras \u00bb (30mns) : le titre est vraiment trompeur je vous assure !<\/li>\n<li>vid\u00e9o \u00ab full pilates \u00bb (28mns) : vid\u00e9o \u00e0 faire et refaire une fois que les autres sont bien ma\u00eetris\u00e9es ! C\u2019est la routine parfaite !<\/li>\n<li>vid\u00e9o BONUS : yoga nidra de 20 mins. Id\u00e9al en fin de journ\u00e9e ou avant d\u2019aller se coucher<\/li>\n<\/ul>\n<p>Comme disait Joseph Pilates, la premi\u00e8re condition du bonheur est l&rsquo;exercice physique ! Alors, entrainez vous d\u00e8s que vous avez un instant, engagez vous envers vous m\u00eame pour vous faire du bien ! Prendre soin de son corps pour prendre soin de son esprit !<\/p>\n<p>Pour toute question, n&rsquo;h\u00e9sitez pas \u00e0 m&rsquo;\u00e9crire sur <strong>lmeytre@gmail.com<\/strong><\/p>\n<p>R\u00e9galez vous bien ! et \u00e0 tr\u00e8s vite !<\/p>\n","protected":false},"excerpt":{"rendered":"<p>Dans ce nouveau pack de vid\u00e9os, vous trouverez 5 s\u00e9ances de 30 minutes pour travailler son corps en entier !<\/p>\n<p>Une fois la commande pass\u00e9e, vous recevrez sous 24 h un mail contenant les liens Zoom en acc\u00e8s illimit\u00e9<\/p>\n","protected":false},"featured_media":39828,"template":"","meta":{"_price":"35","_stock":"","_tribe_ticket_header":"","_tribe_default_ticket_provider":"","_tribe_ticket_capacity":"0","_ticket_start_date":"","_ticket_end_date":"","_tribe_ticket_show_description":"","_tribe_ticket_show_not_going":false,"_tribe_ticket_use_global_stock":"","_tribe_ticket_global_stock_level":"","_global_stock_mode":"","_global_stock_cap":"","_tribe_rsvp_for_event":"","_tribe_ticket_going_count":"","_tribe_ticket_not_going_count":"","_tribe_tickets_list":[],"_tribe_ticket_has_attendee_info_fields":false},"product_cat":[114,117],"product_tag":[],"class_list":["post-39796","product","type-product","status-publish","has-post-thumbnail","hentry","product_cat-evenement","product_cat-pack"],"yoast_head":"<!-- This site is optimized with the Yoast SEO plugin v19.9 - https:\/\/yoast.com\/wordpress\/plugins\/seo\/ -->\n<title>Summer Pack Pilates 2022 - 5 vid\u00e9os 30 minutes - Ludipilates<\/title>\n<meta name=\"robots\" content=\"index, follow, max-snippet:-1, max-image-preview:large, max-video-preview:-1\" \/>\n<link rel=\"canonical\" href=\"https:\/\/in-my-world.com\/2-ludipilates\/produit\/summer-pack-pilates-2022-5-videos-30-minutes\/\" \/>\n<meta property=\"og:locale\" content=\"fr_FR\" \/>\n<meta property=\"og:type\" content=\"article\" \/>\n<meta property=\"og:title\" content=\"Summer Pack Pilates 2022 - 5 vid\u00e9os 30 minutes - Ludipilates\" \/>\n<meta property=\"og:description\" content=\"Dans ce nouveau pack de vid\u00e9os, vous trouverez 5 s\u00e9ances de 30 minutes pour travailler son corps en entier !  Une fois la commande pass\u00e9e, vous recevrez sous 24 h un mail contenant les liens Zoom en acc\u00e8s illimit\u00e9\" \/>\n<meta property=\"og:url\" content=\"https:\/\/in-my-world.com\/2-ludipilates\/produit\/summer-pack-pilates-2022-5-videos-30-minutes\/\" \/>\n<meta property=\"og:site_name\" content=\"Ludipilates\" \/>\n<meta property=\"article:publisher\" content=\"https:\/\/fr-fr.facebook.com\/lugdivinemeytre\" \/>\n<meta property=\"article:modified_time\" content=\"2023-04-17T07:07:44+00:00\" \/>\n<meta property=\"og:image\" content=\"https:\/\/in-my-world.com\/2-ludipilates\/wp-content\/uploads\/2022\/11\/photo_2022-10-19_13-29-30.jpg\" \/>\n\t<meta property=\"og:image:width\" content=\"1280\" \/>\n\t<meta property=\"og:image:height\" content=\"853\" \/>\n\t<meta property=\"og:image:type\" content=\"image\/jpeg\" \/>\n<meta name=\"twitter:card\" content=\"summary_large_image\" \/>\n<meta name=\"twitter:label1\" content=\"Dur\u00e9e de lecture estim\u00e9e\" \/>\n\t<meta name=\"twitter:data1\" content=\"2 minutes\" \/>\n<script type=\"application\/ld+json\" class=\"yoast-schema-graph\">{\"@context\":\"https:\/\/schema.org\",\"@graph\":[{\"@type\":\"WebPage\",\"@id\":\"https:\/\/in-my-world.com\/2-ludipilates\/produit\/summer-pack-pilates-2022-5-videos-30-minutes\/\",\"url\":\"https:\/\/in-my-world.com\/2-ludipilates\/produit\/summer-pack-pilates-2022-5-videos-30-minutes\/\",\"name\":\"Summer Pack Pilates 2022 - 5 vid\u00e9os 30 minutes - Ludipilates\",\"isPartOf\":{\"@id\":\"https:\/\/in-my-world.com\/2-ludipilates\/#website\"},\"datePublished\":\"2022-11-03T00:09:25+00:00\",\"dateModified\":\"2023-04-17T07:07:44+00:00\",\"breadcrumb\":{\"@id\":\"https:\/\/in-my-world.com\/2-ludipilates\/produit\/summer-pack-pilates-2022-5-videos-30-minutes\/#breadcrumb\"},\"inLanguage\":\"fr-FR\",\"potentialAction\":[{\"@type\":\"ReadAction\",\"target\":[\"https:\/\/in-my-world.com\/2-ludipilates\/produit\/summer-pack-pilates-2022-5-videos-30-minutes\/\"]}]},{\"@type\":\"BreadcrumbList\",\"@id\":\"https:\/\/in-my-world.com\/2-ludipilates\/produit\/summer-pack-pilates-2022-5-videos-30-minutes\/#breadcrumb\",\"itemListElement\":[{\"@type\":\"ListItem\",\"position\":1,\"name\":\"Home\",\"item\":\"https:\/\/in-my-world.com\/2-ludipilates\/\"},{\"@type\":\"ListItem\",\"position\":2,\"name\":\"Shop\",\"item\":\"https:\/\/in-my-world.com\/2-ludipilates\/shop-2\/\"},{\"@type\":\"ListItem\",\"position\":3,\"name\":\"Summer Pack Pilates 2022 &#8211; 5 vid\u00e9os 30 minutes\"}]},{\"@type\":\"WebSite\",\"@id\":\"https:\/\/in-my-world.com\/2-ludipilates\/#website\",\"url\":\"https:\/\/in-my-world.com\/2-ludipilates\/\",\"name\":\"Ludipilates\",\"description\":\"Pilates instructor Balanced Body &amp; Classique\",\"publisher\":{\"@id\":\"https:\/\/in-my-world.com\/2-ludipilates\/#organization\"},\"potentialAction\":[{\"@type\":\"SearchAction\",\"target\":{\"@type\":\"EntryPoint\",\"urlTemplate\":\"https:\/\/in-my-world.com\/2-ludipilates\/?s={search_term_string}\"},\"query-input\":\"required name=search_term_string\"}],\"inLanguage\":\"fr-FR\"},{\"@type\":\"Organization\",\"@id\":\"https:\/\/in-my-world.com\/2-ludipilates\/#organization\",\"name\":\"Ludipilates\",\"url\":\"https:\/\/in-my-world.com\/2-ludipilates\/\",\"logo\":{\"@type\":\"ImageObject\",\"inLanguage\":\"fr-FR\",\"@id\":\"https:\/\/in-my-world.com\/2-ludipilates\/#\/schema\/logo\/image\/\",\"url\":\"https:\/\/in-my-world.com\/2-ludipilates\/wp-content\/uploads\/2022\/10\/0922_Ludi@Kwerk_17-scaled.jpg\",\"contentUrl\":\"https:\/\/in-my-world.com\/2-ludipilates\/wp-content\/uploads\/2022\/10\/0922_Ludi@Kwerk_17-scaled.jpg\",\"width\":2560,\"height\":1707,\"caption\":\"Ludipilates\"},\"image\":{\"@id\":\"https:\/\/in-my-world.com\/2-ludipilates\/#\/schema\/logo\/image\/\"},\"sameAs\":[\"https:\/\/www.instagram.com\/ludipilates\/\",\"https:\/\/fr.linkedin.com\/in\/lugdivine-meytre-1a36b2\",\"https:\/\/fr-fr.facebook.com\/lugdivinemeytre\"]}]}<\/script>\n<!-- \/ Yoast SEO plugin. -->","yoast_head_json":{"title":"Summer Pack Pilates 2022 - 5 vid\u00e9os 30 minutes - Ludipilates","robots":{"index":"index","follow":"follow","max-snippet":"max-snippet:-1","max-image-preview":"max-image-preview:large","max-video-preview":"max-video-preview:-1"},"canonical":"https:\/\/in-my-world.com\/2-ludipilates\/produit\/summer-pack-pilates-2022-5-videos-30-minutes\/","og_locale":"fr_FR","og_type":"article","og_title":"Summer Pack Pilates 2022 - 5 vid\u00e9os 30 minutes - Ludipilates","og_description":"Dans ce nouveau pack de vid\u00e9os, vous trouverez 5 s\u00e9ances de 30 minutes pour travailler son corps en entier !  Une fois la commande pass\u00e9e, vous recevrez sous 24 h un mail contenant les liens Zoom en acc\u00e8s illimit\u00e9","og_url":"https:\/\/in-my-world.com\/2-ludipilates\/produit\/summer-pack-pilates-2022-5-videos-30-minutes\/","og_site_name":"Ludipilates","article_publisher":"https:\/\/fr-fr.facebook.com\/lugdivinemeytre","article_modified_time":"2023-04-17T07:07:44+00:00","og_image":[{"width":1280,"height":853,"url":"https:\/\/in-my-world.com\/2-ludipilates\/wp-content\/uploads\/2022\/11\/photo_2022-10-19_13-29-30.jpg","type":"image\/jpeg"}],"twitter_card":"summary_large_image","twitter_misc":{"Dur\u00e9e de lecture estim\u00e9e":"2 minutes"},"schema":{"@context":"https:\/\/schema.org","@graph":[{"@type":"WebPage","@id":"https:\/\/in-my-world.com\/2-ludipilates\/produit\/summer-pack-pilates-2022-5-videos-30-minutes\/","url":"https:\/\/in-my-world.com\/2-ludipilates\/produit\/summer-pack-pilates-2022-5-videos-30-minutes\/","name":"Summer Pack Pilates 2022 - 5 vid\u00e9os 30 minutes - Ludipilates","isPartOf":{"@id":"https:\/\/in-my-world.com\/2-ludipilates\/#website"},"datePublished":"2022-11-03T00:09:25+00:00","dateModified":"2023-04-17T07:07:44+00:00","breadcrumb":{"@id":"https:\/\/in-my-world.com\/2-ludipilates\/produit\/summer-pack-pilates-2022-5-videos-30-minutes\/#breadcrumb"},"inLanguage":"fr-FR","potentialAction":[{"@type":"ReadAction","target":["https:\/\/in-my-world.com\/2-ludipilates\/produit\/summer-pack-pilates-2022-5-videos-30-minutes\/"]}]},{"@type":"BreadcrumbList","@id":"https:\/\/in-my-world.com\/2-ludipilates\/produit\/summer-pack-pilates-2022-5-videos-30-minutes\/#breadcrumb","itemListElement":[{"@type":"ListItem","position":1,"name":"Home","item":"https:\/\/in-my-world.com\/2-ludipilates\/"},{"@type":"ListItem","position":2,"name":"Shop","item":"https:\/\/in-my-world.com\/2-ludipilates\/shop-2\/"},{"@type":"ListItem","position":3,"name":"Summer Pack Pilates 2022 &#8211; 5 vid\u00e9os 30 minutes"}]},{"@type":"WebSite","@id":"https:\/\/in-my-world.com\/2-ludipilates\/#website","url":"https:\/\/in-my-world.com\/2-ludipilates\/","name":"Ludipilates","description":"Pilates instructor Balanced Body &amp; Classique","publisher":{"@id":"https:\/\/in-my-world.com\/2-ludipilates\/#organization"},"potentialAction":[{"@type":"SearchAction","target":{"@type":"EntryPoint","urlTemplate":"https:\/\/in-my-world.com\/2-ludipilates\/?s={search_term_string}"},"query-input":"required name=search_term_string"}],"inLanguage":"fr-FR"},{"@type":"Organization","@id":"https:\/\/in-my-world.com\/2-ludipilates\/#organization","name":"Ludipilates","url":"https:\/\/in-my-world.com\/2-ludipilates\/","logo":{"@type":"ImageObject","inLanguage":"fr-FR","@id":"https:\/\/in-my-world.com\/2-ludipilates\/#\/schema\/logo\/image\/","url":"https:\/\/in-my-world.com\/2-ludipilates\/wp-content\/uploads\/2022\/10\/0922_Ludi@Kwerk_17-scaled.jpg","contentUrl":"https:\/\/in-my-world.com\/2-ludipilates\/wp-content\/uploads\/2022\/10\/0922_Ludi@Kwerk_17-scaled.jpg","width":2560,"height":1707,"caption":"Ludipilates"},"image":{"@id":"https:\/\/in-my-world.com\/2-ludipilates\/#\/schema\/logo\/image\/"},"sameAs":["https:\/\/www.instagram.com\/ludipilates\/","https:\/\/fr.linkedin.com\/in\/lugdivine-meytre-1a36b2","https:\/\/fr-fr.facebook.com\/lugdivinemeytre"]}]}},"_links":{"self":[{"href":"https:\/\/in-my-world.com\/2-ludipilates\/wp-json\/wp\/v2\/product\/39796","targetHints":{"allow":["GET"]}}],"collection":[{"href":"https:\/\/in-my-world.com\/2-ludipilates\/wp-json\/wp\/v2\/product"}],"about":[{"href":"https:\/\/in-my-world.com\/2-ludipilates\/wp-json\/wp\/v2\/types\/product"}],"version-history":[{"count":7,"href":"https:\/\/in-my-world.com\/2-ludipilates\/wp-json\/wp\/v2\/product\/39796\/revisions"}],"predecessor-version":[{"id":46005,"href":"https:\/\/in-my-world.com\/2-ludipilates\/wp-json\/wp\/v2\/product\/39796\/revisions\/46005"}],"wp:featuredmedia":[{"embeddable":true,"href":"https:\/\/in-my-world.com\/2-ludipilates\/wp-json\/wp\/v2\/media\/39828"}],"wp:attachment":[{"href":"https:\/\/in-my-world.com\/2-ludipilates\/wp-json\/wp\/v2\/media?parent=39796"}],"wp:term":[{"taxonomy":"product_cat","embeddable":true,"href":"https:\/\/in-my-world.com\/2-ludipilates\/wp-json\/wp\/v2\/product_cat?post=39796"},{"taxonomy":"product_tag","embeddable":true,"href":"https:\/\/in-my-world.com\/2-ludipilates\/wp-json\/wp\/v2\/product_tag?post=39796"}],"curies":[{"name":"wp","href":"https:\/\/api.w.org\/{rel}","templated":true}]}}