{"id":39714,"date":"2022-11-03T01:08:47","date_gmt":"2022-11-03T00:08:47","guid":{"rendered":"https:\/\/in-my-world.com\/2-ludipilates\/?post_type=product&#038;p=39714"},"modified":"2022-11-03T01:09:23","modified_gmt":"2022-11-03T00:09:23","slug":"escapade-pilates-a-essaouira","status":"publish","type":"product","link":"https:\/\/in-my-world.com\/2-ludipilates\/produit\/escapade-pilates-a-essaouira\/","title":{"rendered":"Escapade Pilates \u00e0 Essaouira"},"content":{"rendered":"<h5>Au programme :<\/h5>\n<ul>\n<li>Un long week-end parfait pour entrer en douceur dans l\u2019\u00e9t\u00e9, prendre soin de son corps et de sa t\u00eate dans un cadre r\u00eav\u00e9<\/li>\n<li>Deux classes de Pilates\u00a0deux fois par jour, sur tapis et dans la piscine \u00e0 d\u00e9bordement (17 m sur 7 avec 1,50 m de profondeur)<\/li>\n<li>D\u00e9tente au bord de la piscine ou \u00e0 la plage (Sidi kaouki est \u00e0 30mns)<\/li>\n<li>Relaxation sous la tente berb\u00e8re de 40\u2009m2 situ\u00e9 dans l&rsquo;oliveraie, un espace ombrag\u00e9 id\u00e9al pour les fins de journ\u00e9e. Le toit terrasse de 250\u2009m2 offre une vue \u00e0 360 degr\u00e9s sur la campagne environnante et sera \u00e9galement propice pour un moment de d\u00e9tente \u2026. Ou de fiesta !!!!!<\/li>\n<li>Les repas seront pr\u00e9par\u00e9s par un chef local avec des produits de saison, sains et gourmands\u00a0!<\/li>\n<li>Une cuisine inventive, di\u00e9t\u00e9tique, au go\u00fbt subtil et aux saveurs orientales. Plats pr\u00e9par\u00e9s avec l\u2019huile d\u2019olive biologique du domaine. Confitures maison, \u0153ufs du poulailler<\/li>\n<li>Des massages peuvent \u00eatre r\u00e9serv\u00e9s en plus pour celles qui le souhaitent (\u00e0 r\u00e9server \u00e0 part)<\/li>\n<\/ul>\n<h5>Les tarifs :<\/h5>\n<ul>\n<li>\u00c0 partir de 680 \u20ac par personne<\/li>\n<li>H\u00e9bergement, pension compl\u00e8te et l\u2019ensemble des cours de Pilates inclus.<\/li>\n<li>Non compris\u00a0: les transports<\/li>\n<\/ul>\n<h5>Le lieu :<\/h5>\n<ul>\n<li>Le domaine la Colline des Oliviers est situ\u00e9 \u00e0 20 minutes de l&rsquo;a\u00e9roport international d&rsquo;Essaouira. Il est situ\u00e9 situ\u00e9e \u00e0 20 minutes de la m\u00e9dina, de la plage, et du port.<\/li>\n<li>Le golf de Mogador se trouve \u00e0 15 min.<\/li>\n<li>Pour les surfeurs, kite surfeurs et amoureux des plages sauvages, Sidi Kaouki est \u00e0 une demi-heure.<\/li>\n<li><a href=\"http:\/\/www.lacollinedesoliviers.com\/\" target=\"_blank\" rel=\"noopener\">Cliquez ici pour d\u00e9couvrir le lieu<\/a><\/li>\n<\/ul>\n","protected":false},"excerpt":{"rendered":"<p><strong>Offrez une carte cadeau pour participer \u00e0 une escapade Pilates \u00e0 Essaouira<\/strong>, qui se d\u00e9roulera du 9 au 13 juin 2022 !\u00a0 4 jours pour se d\u00e9penser sur son tapis, am\u00e9liorer sa pratique, respirer en conscience, \u2026 bref : 4 jours pour se faire du bien tout simplement !<\/p>\n","protected":false},"featured_media":39745,"template":"","meta":{"_price":"100","_stock":"5","_tribe_ticket_header":"","_tribe_default_ticket_provider":"","_tribe_ticket_capacity":"5","_ticket_start_date":"","_ticket_end_date":"","_tribe_ticket_show_description":"","_tribe_ticket_show_not_going":false,"_tribe_ticket_use_global_stock":"","_tribe_ticket_global_stock_level":"","_global_stock_mode":"","_global_stock_cap":"","_tribe_rsvp_for_event":"","_tribe_ticket_going_count":"","_tribe_ticket_not_going_count":"","_tribe_tickets_list":[],"_tribe_ticket_has_attendee_info_fields":false},"product_cat":[114],"product_tag":[],"class_list":["post-39714","product","type-product","status-publish","has-post-thumbnail","hentry","product_cat-evenement"],"yoast_head":"<!-- This site is optimized with the Yoast SEO plugin v19.9 - https:\/\/yoast.com\/wordpress\/plugins\/seo\/ -->\n<title>Escapade Pilates \u00e0 Essaouira - Ludipilates<\/title>\n<meta name=\"robots\" content=\"index, follow, max-snippet:-1, max-image-preview:large, max-video-preview:-1\" \/>\n<link rel=\"canonical\" href=\"https:\/\/in-my-world.com\/2-ludipilates\/produit\/escapade-pilates-a-essaouira\/\" \/>\n<meta property=\"og:locale\" content=\"fr_FR\" \/>\n<meta property=\"og:type\" content=\"article\" \/>\n<meta property=\"og:title\" content=\"Escapade Pilates \u00e0 Essaouira - Ludipilates\" \/>\n<meta property=\"og:description\" content=\"Offrez une carte cadeau pour participer \u00e0 une escapade Pilates \u00e0 Essaouira, qui se d\u00e9roulera du 9 au 13 juin 2022 !\u00a0 4 jours pour se d\u00e9penser sur son tapis, am\u00e9liorer sa pratique, respirer en conscience, \u2026 bref : 4 jours pour se faire du bien tout simplement !\" \/>\n<meta property=\"og:url\" content=\"https:\/\/in-my-world.com\/2-ludipilates\/produit\/escapade-pilates-a-essaouira\/\" \/>\n<meta property=\"og:site_name\" content=\"Ludipilates\" \/>\n<meta property=\"article:publisher\" content=\"https:\/\/fr-fr.facebook.com\/lugdivinemeytre\" \/>\n<meta property=\"article:modified_time\" content=\"2022-11-03T00:09:23+00:00\" \/>\n<meta property=\"og:image\" content=\"https:\/\/in-my-world.com\/2-ludipilates\/wp-content\/uploads\/2022\/11\/essaouira-retraite-pdf.jpg\" \/>\n\t<meta property=\"og:image:width\" content=\"1614\" \/>\n\t<meta property=\"og:image:height\" content=\"1493\" \/>\n\t<meta property=\"og:image:type\" content=\"image\/jpeg\" \/>\n<meta name=\"twitter:card\" content=\"summary_large_image\" \/>\n<meta name=\"twitter:label1\" content=\"Dur\u00e9e de lecture estim\u00e9e\" \/>\n\t<meta name=\"twitter:data1\" content=\"1 minute\" \/>\n<script type=\"application\/ld+json\" class=\"yoast-schema-graph\">{\"@context\":\"https:\/\/schema.org\",\"@graph\":[{\"@type\":\"WebPage\",\"@id\":\"https:\/\/in-my-world.com\/2-ludipilates\/produit\/escapade-pilates-a-essaouira\/\",\"url\":\"https:\/\/in-my-world.com\/2-ludipilates\/produit\/escapade-pilates-a-essaouira\/\",\"name\":\"Escapade Pilates \u00e0 Essaouira - Ludipilates\",\"isPartOf\":{\"@id\":\"https:\/\/in-my-world.com\/2-ludipilates\/#website\"},\"datePublished\":\"2022-11-03T00:08:47+00:00\",\"dateModified\":\"2022-11-03T00:09:23+00:00\",\"breadcrumb\":{\"@id\":\"https:\/\/in-my-world.com\/2-ludipilates\/produit\/escapade-pilates-a-essaouira\/#breadcrumb\"},\"inLanguage\":\"fr-FR\",\"potentialAction\":[{\"@type\":\"ReadAction\",\"target\":[\"https:\/\/in-my-world.com\/2-ludipilates\/produit\/escapade-pilates-a-essaouira\/\"]}]},{\"@type\":\"BreadcrumbList\",\"@id\":\"https:\/\/in-my-world.com\/2-ludipilates\/produit\/escapade-pilates-a-essaouira\/#breadcrumb\",\"itemListElement\":[{\"@type\":\"ListItem\",\"position\":1,\"name\":\"Home\",\"item\":\"https:\/\/in-my-world.com\/2-ludipilates\/\"},{\"@type\":\"ListItem\",\"position\":2,\"name\":\"Shop\",\"item\":\"https:\/\/in-my-world.com\/2-ludipilates\/shop-2\/\"},{\"@type\":\"ListItem\",\"position\":3,\"name\":\"Escapade Pilates \u00e0 Essaouira\"}]},{\"@type\":\"WebSite\",\"@id\":\"https:\/\/in-my-world.com\/2-ludipilates\/#website\",\"url\":\"https:\/\/in-my-world.com\/2-ludipilates\/\",\"name\":\"Ludipilates\",\"description\":\"Pilates instructor Balanced Body &amp; Classique\",\"publisher\":{\"@id\":\"https:\/\/in-my-world.com\/2-ludipilates\/#organization\"},\"potentialAction\":[{\"@type\":\"SearchAction\",\"target\":{\"@type\":\"EntryPoint\",\"urlTemplate\":\"https:\/\/in-my-world.com\/2-ludipilates\/?s={search_term_string}\"},\"query-input\":\"required name=search_term_string\"}],\"inLanguage\":\"fr-FR\"},{\"@type\":\"Organization\",\"@id\":\"https:\/\/in-my-world.com\/2-ludipilates\/#organization\",\"name\":\"Ludipilates\",\"url\":\"https:\/\/in-my-world.com\/2-ludipilates\/\",\"logo\":{\"@type\":\"ImageObject\",\"inLanguage\":\"fr-FR\",\"@id\":\"https:\/\/in-my-world.com\/2-ludipilates\/#\/schema\/logo\/image\/\",\"url\":\"https:\/\/in-my-world.com\/2-ludipilates\/wp-content\/uploads\/2022\/10\/0922_Ludi@Kwerk_17-scaled.jpg\",\"contentUrl\":\"https:\/\/in-my-world.com\/2-ludipilates\/wp-content\/uploads\/2022\/10\/0922_Ludi@Kwerk_17-scaled.jpg\",\"width\":2560,\"height\":1707,\"caption\":\"Ludipilates\"},\"image\":{\"@id\":\"https:\/\/in-my-world.com\/2-ludipilates\/#\/schema\/logo\/image\/\"},\"sameAs\":[\"https:\/\/www.instagram.com\/ludipilates\/\",\"https:\/\/fr.linkedin.com\/in\/lugdivine-meytre-1a36b2\",\"https:\/\/fr-fr.facebook.com\/lugdivinemeytre\"]}]}<\/script>\n<!-- \/ Yoast SEO plugin. -->","yoast_head_json":{"title":"Escapade Pilates \u00e0 Essaouira - Ludipilates","robots":{"index":"index","follow":"follow","max-snippet":"max-snippet:-1","max-image-preview":"max-image-preview:large","max-video-preview":"max-video-preview:-1"},"canonical":"https:\/\/in-my-world.com\/2-ludipilates\/produit\/escapade-pilates-a-essaouira\/","og_locale":"fr_FR","og_type":"article","og_title":"Escapade Pilates \u00e0 Essaouira - Ludipilates","og_description":"Offrez une carte cadeau pour participer \u00e0 une escapade Pilates \u00e0 Essaouira, qui se d\u00e9roulera du 9 au 13 juin 2022 !\u00a0 4 jours pour se d\u00e9penser sur son tapis, am\u00e9liorer sa pratique, respirer en conscience, \u2026 bref : 4 jours pour se faire du bien tout simplement !","og_url":"https:\/\/in-my-world.com\/2-ludipilates\/produit\/escapade-pilates-a-essaouira\/","og_site_name":"Ludipilates","article_publisher":"https:\/\/fr-fr.facebook.com\/lugdivinemeytre","article_modified_time":"2022-11-03T00:09:23+00:00","og_image":[{"width":1614,"height":1493,"url":"https:\/\/in-my-world.com\/2-ludipilates\/wp-content\/uploads\/2022\/11\/essaouira-retraite-pdf.jpg","type":"image\/jpeg"}],"twitter_card":"summary_large_image","twitter_misc":{"Dur\u00e9e de lecture estim\u00e9e":"1 minute"},"schema":{"@context":"https:\/\/schema.org","@graph":[{"@type":"WebPage","@id":"https:\/\/in-my-world.com\/2-ludipilates\/produit\/escapade-pilates-a-essaouira\/","url":"https:\/\/in-my-world.com\/2-ludipilates\/produit\/escapade-pilates-a-essaouira\/","name":"Escapade Pilates \u00e0 Essaouira - Ludipilates","isPartOf":{"@id":"https:\/\/in-my-world.com\/2-ludipilates\/#website"},"datePublished":"2022-11-03T00:08:47+00:00","dateModified":"2022-11-03T00:09:23+00:00","breadcrumb":{"@id":"https:\/\/in-my-world.com\/2-ludipilates\/produit\/escapade-pilates-a-essaouira\/#breadcrumb"},"inLanguage":"fr-FR","potentialAction":[{"@type":"ReadAction","target":["https:\/\/in-my-world.com\/2-ludipilates\/produit\/escapade-pilates-a-essaouira\/"]}]},{"@type":"BreadcrumbList","@id":"https:\/\/in-my-world.com\/2-ludipilates\/produit\/escapade-pilates-a-essaouira\/#breadcrumb","itemListElement":[{"@type":"ListItem","position":1,"name":"Home","item":"https:\/\/in-my-world.com\/2-ludipilates\/"},{"@type":"ListItem","position":2,"name":"Shop","item":"https:\/\/in-my-world.com\/2-ludipilates\/shop-2\/"},{"@type":"ListItem","position":3,"name":"Escapade Pilates \u00e0 Essaouira"}]},{"@type":"WebSite","@id":"https:\/\/in-my-world.com\/2-ludipilates\/#website","url":"https:\/\/in-my-world.com\/2-ludipilates\/","name":"Ludipilates","description":"Pilates instructor Balanced Body &amp; Classique","publisher":{"@id":"https:\/\/in-my-world.com\/2-ludipilates\/#organization"},"potentialAction":[{"@type":"SearchAction","target":{"@type":"EntryPoint","urlTemplate":"https:\/\/in-my-world.com\/2-ludipilates\/?s={search_term_string}"},"query-input":"required name=search_term_string"}],"inLanguage":"fr-FR"},{"@type":"Organization","@id":"https:\/\/in-my-world.com\/2-ludipilates\/#organization","name":"Ludipilates","url":"https:\/\/in-my-world.com\/2-ludipilates\/","logo":{"@type":"ImageObject","inLanguage":"fr-FR","@id":"https:\/\/in-my-world.com\/2-ludipilates\/#\/schema\/logo\/image\/","url":"https:\/\/in-my-world.com\/2-ludipilates\/wp-content\/uploads\/2022\/10\/0922_Ludi@Kwerk_17-scaled.jpg","contentUrl":"https:\/\/in-my-world.com\/2-ludipilates\/wp-content\/uploads\/2022\/10\/0922_Ludi@Kwerk_17-scaled.jpg","width":2560,"height":1707,"caption":"Ludipilates"},"image":{"@id":"https:\/\/in-my-world.com\/2-ludipilates\/#\/schema\/logo\/image\/"},"sameAs":["https:\/\/www.instagram.com\/ludipilates\/","https:\/\/fr.linkedin.com\/in\/lugdivine-meytre-1a36b2","https:\/\/fr-fr.facebook.com\/lugdivinemeytre"]}]}},"_links":{"self":[{"href":"https:\/\/in-my-world.com\/2-ludipilates\/wp-json\/wp\/v2\/product\/39714","targetHints":{"allow":["GET"]}}],"collection":[{"href":"https:\/\/in-my-world.com\/2-ludipilates\/wp-json\/wp\/v2\/product"}],"about":[{"href":"https:\/\/in-my-world.com\/2-ludipilates\/wp-json\/wp\/v2\/types\/product"}],"version-history":[{"count":1,"href":"https:\/\/in-my-world.com\/2-ludipilates\/wp-json\/wp\/v2\/product\/39714\/revisions"}],"predecessor-version":[{"id":39746,"href":"https:\/\/in-my-world.com\/2-ludipilates\/wp-json\/wp\/v2\/product\/39714\/revisions\/39746"}],"wp:featuredmedia":[{"embeddable":true,"href":"https:\/\/in-my-world.com\/2-ludipilates\/wp-json\/wp\/v2\/media\/39745"}],"wp:attachment":[{"href":"https:\/\/in-my-world.com\/2-ludipilates\/wp-json\/wp\/v2\/media?parent=39714"}],"wp:term":[{"taxonomy":"product_cat","embeddable":true,"href":"https:\/\/in-my-world.com\/2-ludipilates\/wp-json\/wp\/v2\/product_cat?post=39714"},{"taxonomy":"product_tag","embeddable":true,"href":"https:\/\/in-my-world.com\/2-ludipilates\/wp-json\/wp\/v2\/product_tag?post=39714"}],"curies":[{"name":"wp","href":"https:\/\/api.w.org\/{rel}","templated":true}]}}