{"id":39713,"date":"2022-11-03T01:08:46","date_gmt":"2022-11-03T00:08:46","guid":{"rendered":"https:\/\/in-my-world.com\/2-ludipilates\/?post_type=product&#038;p=39713"},"modified":"2022-11-03T01:09:23","modified_gmt":"2022-11-03T00:09:23","slug":"escapade-pilates-a-etretat","status":"publish","type":"product","link":"https:\/\/in-my-world.com\/2-ludipilates\/produit\/escapade-pilates-a-etretat\/","title":{"rendered":"Escapade Pilates \u00e0 \u00c9tretat"},"content":{"rendered":"<h5>Au programme :<\/h5>\n<ul>\n<li>Du pilates deux fois par jour : une session de 2 h le matin tr\u00e8s dynamique avec utilisation des bandes et des petits ballons pour challenger et renforcer en profondeur la sangle abdominale et une session de \u00ab\u00a0pilates flow\u00a0\u00bb d\u20191 h le soir plus soft pour terminer la journ\u00e9e en douceur !<\/li>\n<li>Une s\u00e9ance de running pour les plus motiv\u00e9es et les plus matinales (sur demande !)<\/li>\n<li>Des marches dans la nature \u00e9poustouflante d\u2019\u00c9tretat<\/li>\n<li>2 repas par jour v\u00e9g\u00e9tariens, sains et gourmands, pr\u00e9par\u00e9s par la chef priv\u00e9e de la maison<\/li>\n<li>Des soins de massage ou visage pour celles qui le souhaitent (\u00e0 r\u00e9server \u00e0 part)<\/li>\n<li>Du temps pour soi, entre filles, pour lire, faire la sieste, \u00e9changer au coin du feu et ralentir<\/li>\n<\/ul>\n<h5>Les tarifs :<\/h5>\n<ul>\n<li>\u00c0 partir de 595 \u20ac par personne pour 3 jours et 2 nuits<\/li>\n<li>H\u00e9bergement, pension compl\u00e8te et cours de Pilates inclus<\/li>\n<li>Transport non compris<\/li>\n<\/ul>\n<h5>Le lieu :<\/h5>\n<ul>\n<li>L&rsquo;h\u00f4tel particulier \u00ab\u00a0Les Tilleuls\u00a0\u00bb est une maison bourgeoise d&rsquo;\u00e9poque, construite en 1738<\/li>\n<li>Ce lieu privil\u00e9gi\u00e9 est situ\u00e9 dans un nid de verdure en plein c\u0153ur d&rsquo;\u00c9tretat \u00e0 300 m\u00e8tres des falaises<\/li>\n<li>Un v\u00e9ritable havre de paix qui invite au \u00ab\u00a0slow living\u00a0\u00bb et au bien-\u00eatre, enti\u00e8rement privatis\u00e9 pour l&rsquo;occasion<\/li>\n<li><a href=\"https:\/\/lestilleulsetretat.com\/\" target=\"_blank\" rel=\"noopener\">Cliquez ici pour d\u00e9couvrir le lieu<\/a><\/li>\n<\/ul>\n","protected":false},"excerpt":{"rendered":"<p><strong>Offrez une carte cadeau pour participer \u00e0 une escapade Pilates \u00e0 \u00c9tretat<\/strong>, qui se d\u00e9roulera du 19 au 21 juin 2022 !\u00a0 3 jours pour se d\u00e9penser sur son tapis, am\u00e9liorer sa pratique, respirer en conscience, \u2026 bref : 3 jours pour se faire du bien tout simplement !<\/p>\n","protected":false},"featured_media":39743,"template":"","meta":{"_price":"100","_stock":"12","_tribe_ticket_header":"","_tribe_default_ticket_provider":"","_tribe_ticket_capacity":"12","_ticket_start_date":"","_ticket_end_date":"","_tribe_ticket_show_description":"","_tribe_ticket_show_not_going":false,"_tribe_ticket_use_global_stock":"","_tribe_ticket_global_stock_level":"","_global_stock_mode":"","_global_stock_cap":"","_tribe_rsvp_for_event":"","_tribe_ticket_going_count":"","_tribe_ticket_not_going_count":"","_tribe_tickets_list":[],"_tribe_ticket_has_attendee_info_fields":false},"product_cat":[114],"product_tag":[],"class_list":["post-39713","product","type-product","status-publish","has-post-thumbnail","hentry","product_cat-evenement"],"yoast_head":"<!-- This site is optimized with the Yoast SEO plugin v19.9 - https:\/\/yoast.com\/wordpress\/plugins\/seo\/ -->\n<title>Escapade Pilates \u00e0 \u00c9tretat - Ludipilates<\/title>\n<meta name=\"robots\" content=\"index, follow, max-snippet:-1, max-image-preview:large, max-video-preview:-1\" \/>\n<link rel=\"canonical\" href=\"https:\/\/in-my-world.com\/2-ludipilates\/produit\/escapade-pilates-a-etretat\/\" \/>\n<meta property=\"og:locale\" content=\"fr_FR\" \/>\n<meta property=\"og:type\" content=\"article\" \/>\n<meta property=\"og:title\" content=\"Escapade Pilates \u00e0 \u00c9tretat - Ludipilates\" \/>\n<meta property=\"og:description\" content=\"Offrez une carte cadeau pour participer \u00e0 une escapade Pilates \u00e0 \u00c9tretat, qui se d\u00e9roulera du 19 au 21 juin 2022 !\u00a0 3 jours pour se d\u00e9penser sur son tapis, am\u00e9liorer sa pratique, respirer en conscience, \u2026 bref : 3 jours pour se faire du bien tout simplement !\" \/>\n<meta property=\"og:url\" content=\"https:\/\/in-my-world.com\/2-ludipilates\/produit\/escapade-pilates-a-etretat\/\" \/>\n<meta property=\"og:site_name\" content=\"Ludipilates\" \/>\n<meta property=\"article:publisher\" content=\"https:\/\/fr-fr.facebook.com\/lugdivinemeytre\" \/>\n<meta property=\"article:modified_time\" content=\"2022-11-03T00:09:23+00:00\" \/>\n<meta property=\"og:image\" content=\"https:\/\/in-my-world.com\/2-ludipilates\/wp-content\/uploads\/2022\/11\/Fichier-5-1-pdf.jpg\" \/>\n\t<meta property=\"og:image:width\" content=\"1614\" \/>\n\t<meta property=\"og:image:height\" content=\"1493\" \/>\n\t<meta property=\"og:image:type\" content=\"image\/jpeg\" \/>\n<meta name=\"twitter:card\" content=\"summary_large_image\" \/>\n<meta name=\"twitter:label1\" content=\"Dur\u00e9e de lecture estim\u00e9e\" \/>\n\t<meta name=\"twitter:data1\" content=\"1 minute\" \/>\n<script type=\"application\/ld+json\" class=\"yoast-schema-graph\">{\"@context\":\"https:\/\/schema.org\",\"@graph\":[{\"@type\":\"WebPage\",\"@id\":\"https:\/\/in-my-world.com\/2-ludipilates\/produit\/escapade-pilates-a-etretat\/\",\"url\":\"https:\/\/in-my-world.com\/2-ludipilates\/produit\/escapade-pilates-a-etretat\/\",\"name\":\"Escapade Pilates \u00e0 \u00c9tretat - Ludipilates\",\"isPartOf\":{\"@id\":\"https:\/\/in-my-world.com\/2-ludipilates\/#website\"},\"datePublished\":\"2022-11-03T00:08:46+00:00\",\"dateModified\":\"2022-11-03T00:09:23+00:00\",\"breadcrumb\":{\"@id\":\"https:\/\/in-my-world.com\/2-ludipilates\/produit\/escapade-pilates-a-etretat\/#breadcrumb\"},\"inLanguage\":\"fr-FR\",\"potentialAction\":[{\"@type\":\"ReadAction\",\"target\":[\"https:\/\/in-my-world.com\/2-ludipilates\/produit\/escapade-pilates-a-etretat\/\"]}]},{\"@type\":\"BreadcrumbList\",\"@id\":\"https:\/\/in-my-world.com\/2-ludipilates\/produit\/escapade-pilates-a-etretat\/#breadcrumb\",\"itemListElement\":[{\"@type\":\"ListItem\",\"position\":1,\"name\":\"Home\",\"item\":\"https:\/\/in-my-world.com\/2-ludipilates\/\"},{\"@type\":\"ListItem\",\"position\":2,\"name\":\"Shop\",\"item\":\"https:\/\/in-my-world.com\/2-ludipilates\/shop-2\/\"},{\"@type\":\"ListItem\",\"position\":3,\"name\":\"Escapade Pilates \u00e0 \u00c9tretat\"}]},{\"@type\":\"WebSite\",\"@id\":\"https:\/\/in-my-world.com\/2-ludipilates\/#website\",\"url\":\"https:\/\/in-my-world.com\/2-ludipilates\/\",\"name\":\"Ludipilates\",\"description\":\"Pilates instructor Balanced Body &amp; Classique\",\"publisher\":{\"@id\":\"https:\/\/in-my-world.com\/2-ludipilates\/#organization\"},\"potentialAction\":[{\"@type\":\"SearchAction\",\"target\":{\"@type\":\"EntryPoint\",\"urlTemplate\":\"https:\/\/in-my-world.com\/2-ludipilates\/?s={search_term_string}\"},\"query-input\":\"required name=search_term_string\"}],\"inLanguage\":\"fr-FR\"},{\"@type\":\"Organization\",\"@id\":\"https:\/\/in-my-world.com\/2-ludipilates\/#organization\",\"name\":\"Ludipilates\",\"url\":\"https:\/\/in-my-world.com\/2-ludipilates\/\",\"logo\":{\"@type\":\"ImageObject\",\"inLanguage\":\"fr-FR\",\"@id\":\"https:\/\/in-my-world.com\/2-ludipilates\/#\/schema\/logo\/image\/\",\"url\":\"https:\/\/in-my-world.com\/2-ludipilates\/wp-content\/uploads\/2022\/10\/0922_Ludi@Kwerk_17-scaled.jpg\",\"contentUrl\":\"https:\/\/in-my-world.com\/2-ludipilates\/wp-content\/uploads\/2022\/10\/0922_Ludi@Kwerk_17-scaled.jpg\",\"width\":2560,\"height\":1707,\"caption\":\"Ludipilates\"},\"image\":{\"@id\":\"https:\/\/in-my-world.com\/2-ludipilates\/#\/schema\/logo\/image\/\"},\"sameAs\":[\"https:\/\/www.instagram.com\/ludipilates\/\",\"https:\/\/fr.linkedin.com\/in\/lugdivine-meytre-1a36b2\",\"https:\/\/fr-fr.facebook.com\/lugdivinemeytre\"]}]}<\/script>\n<!-- \/ Yoast SEO plugin. -->","yoast_head_json":{"title":"Escapade Pilates \u00e0 \u00c9tretat - Ludipilates","robots":{"index":"index","follow":"follow","max-snippet":"max-snippet:-1","max-image-preview":"max-image-preview:large","max-video-preview":"max-video-preview:-1"},"canonical":"https:\/\/in-my-world.com\/2-ludipilates\/produit\/escapade-pilates-a-etretat\/","og_locale":"fr_FR","og_type":"article","og_title":"Escapade Pilates \u00e0 \u00c9tretat - Ludipilates","og_description":"Offrez une carte cadeau pour participer \u00e0 une escapade Pilates \u00e0 \u00c9tretat, qui se d\u00e9roulera du 19 au 21 juin 2022 !\u00a0 3 jours pour se d\u00e9penser sur son tapis, am\u00e9liorer sa pratique, respirer en conscience, \u2026 bref : 3 jours pour se faire du bien tout simplement !","og_url":"https:\/\/in-my-world.com\/2-ludipilates\/produit\/escapade-pilates-a-etretat\/","og_site_name":"Ludipilates","article_publisher":"https:\/\/fr-fr.facebook.com\/lugdivinemeytre","article_modified_time":"2022-11-03T00:09:23+00:00","og_image":[{"width":1614,"height":1493,"url":"https:\/\/in-my-world.com\/2-ludipilates\/wp-content\/uploads\/2022\/11\/Fichier-5-1-pdf.jpg","type":"image\/jpeg"}],"twitter_card":"summary_large_image","twitter_misc":{"Dur\u00e9e de lecture estim\u00e9e":"1 minute"},"schema":{"@context":"https:\/\/schema.org","@graph":[{"@type":"WebPage","@id":"https:\/\/in-my-world.com\/2-ludipilates\/produit\/escapade-pilates-a-etretat\/","url":"https:\/\/in-my-world.com\/2-ludipilates\/produit\/escapade-pilates-a-etretat\/","name":"Escapade Pilates \u00e0 \u00c9tretat - Ludipilates","isPartOf":{"@id":"https:\/\/in-my-world.com\/2-ludipilates\/#website"},"datePublished":"2022-11-03T00:08:46+00:00","dateModified":"2022-11-03T00:09:23+00:00","breadcrumb":{"@id":"https:\/\/in-my-world.com\/2-ludipilates\/produit\/escapade-pilates-a-etretat\/#breadcrumb"},"inLanguage":"fr-FR","potentialAction":[{"@type":"ReadAction","target":["https:\/\/in-my-world.com\/2-ludipilates\/produit\/escapade-pilates-a-etretat\/"]}]},{"@type":"BreadcrumbList","@id":"https:\/\/in-my-world.com\/2-ludipilates\/produit\/escapade-pilates-a-etretat\/#breadcrumb","itemListElement":[{"@type":"ListItem","position":1,"name":"Home","item":"https:\/\/in-my-world.com\/2-ludipilates\/"},{"@type":"ListItem","position":2,"name":"Shop","item":"https:\/\/in-my-world.com\/2-ludipilates\/shop-2\/"},{"@type":"ListItem","position":3,"name":"Escapade Pilates \u00e0 \u00c9tretat"}]},{"@type":"WebSite","@id":"https:\/\/in-my-world.com\/2-ludipilates\/#website","url":"https:\/\/in-my-world.com\/2-ludipilates\/","name":"Ludipilates","description":"Pilates instructor Balanced Body &amp; Classique","publisher":{"@id":"https:\/\/in-my-world.com\/2-ludipilates\/#organization"},"potentialAction":[{"@type":"SearchAction","target":{"@type":"EntryPoint","urlTemplate":"https:\/\/in-my-world.com\/2-ludipilates\/?s={search_term_string}"},"query-input":"required name=search_term_string"}],"inLanguage":"fr-FR"},{"@type":"Organization","@id":"https:\/\/in-my-world.com\/2-ludipilates\/#organization","name":"Ludipilates","url":"https:\/\/in-my-world.com\/2-ludipilates\/","logo":{"@type":"ImageObject","inLanguage":"fr-FR","@id":"https:\/\/in-my-world.com\/2-ludipilates\/#\/schema\/logo\/image\/","url":"https:\/\/in-my-world.com\/2-ludipilates\/wp-content\/uploads\/2022\/10\/0922_Ludi@Kwerk_17-scaled.jpg","contentUrl":"https:\/\/in-my-world.com\/2-ludipilates\/wp-content\/uploads\/2022\/10\/0922_Ludi@Kwerk_17-scaled.jpg","width":2560,"height":1707,"caption":"Ludipilates"},"image":{"@id":"https:\/\/in-my-world.com\/2-ludipilates\/#\/schema\/logo\/image\/"},"sameAs":["https:\/\/www.instagram.com\/ludipilates\/","https:\/\/fr.linkedin.com\/in\/lugdivine-meytre-1a36b2","https:\/\/fr-fr.facebook.com\/lugdivinemeytre"]}]}},"_links":{"self":[{"href":"https:\/\/in-my-world.com\/2-ludipilates\/wp-json\/wp\/v2\/product\/39713","targetHints":{"allow":["GET"]}}],"collection":[{"href":"https:\/\/in-my-world.com\/2-ludipilates\/wp-json\/wp\/v2\/product"}],"about":[{"href":"https:\/\/in-my-world.com\/2-ludipilates\/wp-json\/wp\/v2\/types\/product"}],"version-history":[{"count":1,"href":"https:\/\/in-my-world.com\/2-ludipilates\/wp-json\/wp\/v2\/product\/39713\/revisions"}],"predecessor-version":[{"id":39744,"href":"https:\/\/in-my-world.com\/2-ludipilates\/wp-json\/wp\/v2\/product\/39713\/revisions\/39744"}],"wp:featuredmedia":[{"embeddable":true,"href":"https:\/\/in-my-world.com\/2-ludipilates\/wp-json\/wp\/v2\/media\/39743"}],"wp:attachment":[{"href":"https:\/\/in-my-world.com\/2-ludipilates\/wp-json\/wp\/v2\/media?parent=39713"}],"wp:term":[{"taxonomy":"product_cat","embeddable":true,"href":"https:\/\/in-my-world.com\/2-ludipilates\/wp-json\/wp\/v2\/product_cat?post=39713"},{"taxonomy":"product_tag","embeddable":true,"href":"https:\/\/in-my-world.com\/2-ludipilates\/wp-json\/wp\/v2\/product_tag?post=39713"}],"curies":[{"name":"wp","href":"https:\/\/api.w.org\/{rel}","templated":true}]}}