{"id":39515,"date":"2022-11-03T01:07:43","date_gmt":"2022-11-03T00:07:43","guid":{"rendered":"https:\/\/in-my-world.com\/2-ludipilates\/?post_type=product&#038;p=39515"},"modified":"2022-11-08T18:02:02","modified_gmt":"2022-11-08T17:02:02","slug":"carnet-de-5-ou-10-cours","status":"publish","type":"product","link":"https:\/\/in-my-world.com\/2-ludipilates\/produit\/carnet-de-5-ou-10-cours\/","title":{"rendered":"Carnet de 10 cours"},"content":{"rendered":"<p>Un carnet de 10 cours de PILATES en ligne, \u00e0 offrir ou \u00e0 s&rsquo;offrir. Une fois votre achat effectu\u00e9, vous recevez le code de votre \u00ab\u00a0carte cadeau\u00a0\u00bb par e-mail \u00e0 renseigner lors des r\u00e9servations de vos prochaines s\u00e9ances.<\/p>\n","protected":false},"excerpt":{"rendered":"<p>Un carnet de 10 cours de PILATES en ligne, \u00e0 offrir ou \u00e0 s&rsquo;offrir.<\/p>\n<p><strong>Comment \u00e7a marche ?<\/strong> Une fois votre achat effectu\u00e9, vous recevez un e-mail intitul\u00e9 \u00ab\u00a0Vos cours de Pilates\u00a0\u00bb, contenant le code de votre carte cadeau \u00e0 renseigner lors des r\u00e9servations de vos prochaines s\u00e9ances. Cet e-mail est g\u00e9n\u00e9r\u00e9 automatiquement lors de votre paiement, pensez \u00e0 v\u00e9rifier votre courrier ind\u00e9sirable s&rsquo;il n&rsquo;appara\u00eet pas dans votre bo\u00eete de r\u00e9ception.<\/p>\n","protected":false},"featured_media":39545,"template":"","meta":{"_price":"80","_stock":"","_tribe_ticket_header":"","_tribe_default_ticket_provider":"","_tribe_ticket_capacity":"0","_ticket_start_date":"","_ticket_end_date":"","_tribe_ticket_show_description":"","_tribe_ticket_show_not_going":false,"_tribe_ticket_use_global_stock":"","_tribe_ticket_global_stock_level":"","_global_stock_mode":"","_global_stock_cap":"","_tribe_rsvp_for_event":"","_tribe_ticket_going_count":"","_tribe_ticket_not_going_count":"","_tribe_tickets_list":[],"_tribe_ticket_has_attendee_info_fields":false},"product_cat":[114],"product_tag":[],"class_list":["post-39515","product","type-product","status-publish","has-post-thumbnail","hentry","product_cat-evenement"],"yoast_head":"<!-- This site is optimized with the Yoast SEO plugin v19.9 - https:\/\/yoast.com\/wordpress\/plugins\/seo\/ -->\n<title>Carnet de 10 cours - Ludipilates<\/title>\n<meta name=\"robots\" content=\"index, follow, max-snippet:-1, max-image-preview:large, max-video-preview:-1\" \/>\n<link rel=\"canonical\" href=\"https:\/\/in-my-world.com\/2-ludipilates\/produit\/carnet-de-5-ou-10-cours\/\" \/>\n<meta property=\"og:locale\" content=\"fr_FR\" \/>\n<meta property=\"og:type\" content=\"article\" \/>\n<meta property=\"og:title\" content=\"Carnet de 10 cours - Ludipilates\" \/>\n<meta property=\"og:description\" content=\"Un carnet de 10 cours de PILATES en ligne, \u00e0 offrir ou \u00e0 s&#039;offrir.  Comment \u00e7a marche ? Une fois votre achat effectu\u00e9, vous recevez un e-mail intitul\u00e9 &quot;Vos cours de Pilates&quot;, contenant le code de votre carte cadeau \u00e0 renseigner lors des r\u00e9servations de vos prochaines s\u00e9ances. Cet e-mail est g\u00e9n\u00e9r\u00e9 automatiquement lors de votre paiement, pensez \u00e0 v\u00e9rifier votre courrier ind\u00e9sirable s&#039;il n&#039;appara\u00eet pas dans votre bo\u00eete de r\u00e9ception.\" \/>\n<meta property=\"og:url\" content=\"https:\/\/in-my-world.com\/2-ludipilates\/produit\/carnet-de-5-ou-10-cours\/\" \/>\n<meta property=\"og:site_name\" content=\"Ludipilates\" \/>\n<meta property=\"article:publisher\" content=\"https:\/\/fr-fr.facebook.com\/lugdivinemeytre\" \/>\n<meta property=\"article:modified_time\" content=\"2022-11-08T17:02:02+00:00\" \/>\n<meta property=\"og:image\" content=\"https:\/\/in-my-world.com\/2-ludipilates\/wp-content\/uploads\/2022\/11\/0922_Ludi@Kwerk_12-scaled-1.jpg\" \/>\n\t<meta property=\"og:image:width\" content=\"1707\" \/>\n\t<meta property=\"og:image:height\" content=\"2560\" \/>\n\t<meta property=\"og:image:type\" content=\"image\/jpeg\" \/>\n<meta name=\"twitter:card\" content=\"summary_large_image\" \/>\n<meta name=\"twitter:label1\" content=\"Dur\u00e9e de lecture estim\u00e9e\" \/>\n\t<meta name=\"twitter:data1\" content=\"1 minute\" \/>\n<script type=\"application\/ld+json\" class=\"yoast-schema-graph\">{\"@context\":\"https:\/\/schema.org\",\"@graph\":[{\"@type\":\"WebPage\",\"@id\":\"https:\/\/in-my-world.com\/2-ludipilates\/produit\/carnet-de-5-ou-10-cours\/\",\"url\":\"https:\/\/in-my-world.com\/2-ludipilates\/produit\/carnet-de-5-ou-10-cours\/\",\"name\":\"Carnet de 10 cours - Ludipilates\",\"isPartOf\":{\"@id\":\"https:\/\/in-my-world.com\/2-ludipilates\/#website\"},\"datePublished\":\"2022-11-03T00:07:43+00:00\",\"dateModified\":\"2022-11-08T17:02:02+00:00\",\"breadcrumb\":{\"@id\":\"https:\/\/in-my-world.com\/2-ludipilates\/produit\/carnet-de-5-ou-10-cours\/#breadcrumb\"},\"inLanguage\":\"fr-FR\",\"potentialAction\":[{\"@type\":\"ReadAction\",\"target\":[\"https:\/\/in-my-world.com\/2-ludipilates\/produit\/carnet-de-5-ou-10-cours\/\"]}]},{\"@type\":\"BreadcrumbList\",\"@id\":\"https:\/\/in-my-world.com\/2-ludipilates\/produit\/carnet-de-5-ou-10-cours\/#breadcrumb\",\"itemListElement\":[{\"@type\":\"ListItem\",\"position\":1,\"name\":\"Home\",\"item\":\"https:\/\/in-my-world.com\/2-ludipilates\/\"},{\"@type\":\"ListItem\",\"position\":2,\"name\":\"Shop\",\"item\":\"https:\/\/in-my-world.com\/2-ludipilates\/shop-2\/\"},{\"@type\":\"ListItem\",\"position\":3,\"name\":\"Carnet de 10 cours\"}]},{\"@type\":\"WebSite\",\"@id\":\"https:\/\/in-my-world.com\/2-ludipilates\/#website\",\"url\":\"https:\/\/in-my-world.com\/2-ludipilates\/\",\"name\":\"Ludipilates\",\"description\":\"Pilates instructor Balanced Body &amp; Classique\",\"publisher\":{\"@id\":\"https:\/\/in-my-world.com\/2-ludipilates\/#organization\"},\"potentialAction\":[{\"@type\":\"SearchAction\",\"target\":{\"@type\":\"EntryPoint\",\"urlTemplate\":\"https:\/\/in-my-world.com\/2-ludipilates\/?s={search_term_string}\"},\"query-input\":\"required name=search_term_string\"}],\"inLanguage\":\"fr-FR\"},{\"@type\":\"Organization\",\"@id\":\"https:\/\/in-my-world.com\/2-ludipilates\/#organization\",\"name\":\"Ludipilates\",\"url\":\"https:\/\/in-my-world.com\/2-ludipilates\/\",\"logo\":{\"@type\":\"ImageObject\",\"inLanguage\":\"fr-FR\",\"@id\":\"https:\/\/in-my-world.com\/2-ludipilates\/#\/schema\/logo\/image\/\",\"url\":\"https:\/\/in-my-world.com\/2-ludipilates\/wp-content\/uploads\/2022\/10\/0922_Ludi@Kwerk_17-scaled.jpg\",\"contentUrl\":\"https:\/\/in-my-world.com\/2-ludipilates\/wp-content\/uploads\/2022\/10\/0922_Ludi@Kwerk_17-scaled.jpg\",\"width\":2560,\"height\":1707,\"caption\":\"Ludipilates\"},\"image\":{\"@id\":\"https:\/\/in-my-world.com\/2-ludipilates\/#\/schema\/logo\/image\/\"},\"sameAs\":[\"https:\/\/www.instagram.com\/ludipilates\/\",\"https:\/\/fr.linkedin.com\/in\/lugdivine-meytre-1a36b2\",\"https:\/\/fr-fr.facebook.com\/lugdivinemeytre\"]}]}<\/script>\n<!-- \/ Yoast SEO plugin. -->","yoast_head_json":{"title":"Carnet de 10 cours - Ludipilates","robots":{"index":"index","follow":"follow","max-snippet":"max-snippet:-1","max-image-preview":"max-image-preview:large","max-video-preview":"max-video-preview:-1"},"canonical":"https:\/\/in-my-world.com\/2-ludipilates\/produit\/carnet-de-5-ou-10-cours\/","og_locale":"fr_FR","og_type":"article","og_title":"Carnet de 10 cours - Ludipilates","og_description":"Un carnet de 10 cours de PILATES en ligne, \u00e0 offrir ou \u00e0 s'offrir.  Comment \u00e7a marche ? Une fois votre achat effectu\u00e9, vous recevez un e-mail intitul\u00e9 \"Vos cours de Pilates\", contenant le code de votre carte cadeau \u00e0 renseigner lors des r\u00e9servations de vos prochaines s\u00e9ances. Cet e-mail est g\u00e9n\u00e9r\u00e9 automatiquement lors de votre paiement, pensez \u00e0 v\u00e9rifier votre courrier ind\u00e9sirable s'il n'appara\u00eet pas dans votre bo\u00eete de r\u00e9ception.","og_url":"https:\/\/in-my-world.com\/2-ludipilates\/produit\/carnet-de-5-ou-10-cours\/","og_site_name":"Ludipilates","article_publisher":"https:\/\/fr-fr.facebook.com\/lugdivinemeytre","article_modified_time":"2022-11-08T17:02:02+00:00","og_image":[{"width":1707,"height":2560,"url":"https:\/\/in-my-world.com\/2-ludipilates\/wp-content\/uploads\/2022\/11\/0922_Ludi@Kwerk_12-scaled-1.jpg","type":"image\/jpeg"}],"twitter_card":"summary_large_image","twitter_misc":{"Dur\u00e9e de lecture estim\u00e9e":"1 minute"},"schema":{"@context":"https:\/\/schema.org","@graph":[{"@type":"WebPage","@id":"https:\/\/in-my-world.com\/2-ludipilates\/produit\/carnet-de-5-ou-10-cours\/","url":"https:\/\/in-my-world.com\/2-ludipilates\/produit\/carnet-de-5-ou-10-cours\/","name":"Carnet de 10 cours - Ludipilates","isPartOf":{"@id":"https:\/\/in-my-world.com\/2-ludipilates\/#website"},"datePublished":"2022-11-03T00:07:43+00:00","dateModified":"2022-11-08T17:02:02+00:00","breadcrumb":{"@id":"https:\/\/in-my-world.com\/2-ludipilates\/produit\/carnet-de-5-ou-10-cours\/#breadcrumb"},"inLanguage":"fr-FR","potentialAction":[{"@type":"ReadAction","target":["https:\/\/in-my-world.com\/2-ludipilates\/produit\/carnet-de-5-ou-10-cours\/"]}]},{"@type":"BreadcrumbList","@id":"https:\/\/in-my-world.com\/2-ludipilates\/produit\/carnet-de-5-ou-10-cours\/#breadcrumb","itemListElement":[{"@type":"ListItem","position":1,"name":"Home","item":"https:\/\/in-my-world.com\/2-ludipilates\/"},{"@type":"ListItem","position":2,"name":"Shop","item":"https:\/\/in-my-world.com\/2-ludipilates\/shop-2\/"},{"@type":"ListItem","position":3,"name":"Carnet de 10 cours"}]},{"@type":"WebSite","@id":"https:\/\/in-my-world.com\/2-ludipilates\/#website","url":"https:\/\/in-my-world.com\/2-ludipilates\/","name":"Ludipilates","description":"Pilates instructor Balanced Body &amp; Classique","publisher":{"@id":"https:\/\/in-my-world.com\/2-ludipilates\/#organization"},"potentialAction":[{"@type":"SearchAction","target":{"@type":"EntryPoint","urlTemplate":"https:\/\/in-my-world.com\/2-ludipilates\/?s={search_term_string}"},"query-input":"required name=search_term_string"}],"inLanguage":"fr-FR"},{"@type":"Organization","@id":"https:\/\/in-my-world.com\/2-ludipilates\/#organization","name":"Ludipilates","url":"https:\/\/in-my-world.com\/2-ludipilates\/","logo":{"@type":"ImageObject","inLanguage":"fr-FR","@id":"https:\/\/in-my-world.com\/2-ludipilates\/#\/schema\/logo\/image\/","url":"https:\/\/in-my-world.com\/2-ludipilates\/wp-content\/uploads\/2022\/10\/0922_Ludi@Kwerk_17-scaled.jpg","contentUrl":"https:\/\/in-my-world.com\/2-ludipilates\/wp-content\/uploads\/2022\/10\/0922_Ludi@Kwerk_17-scaled.jpg","width":2560,"height":1707,"caption":"Ludipilates"},"image":{"@id":"https:\/\/in-my-world.com\/2-ludipilates\/#\/schema\/logo\/image\/"},"sameAs":["https:\/\/www.instagram.com\/ludipilates\/","https:\/\/fr.linkedin.com\/in\/lugdivine-meytre-1a36b2","https:\/\/fr-fr.facebook.com\/lugdivinemeytre"]}]}},"_links":{"self":[{"href":"https:\/\/in-my-world.com\/2-ludipilates\/wp-json\/wp\/v2\/product\/39515","targetHints":{"allow":["GET"]}}],"collection":[{"href":"https:\/\/in-my-world.com\/2-ludipilates\/wp-json\/wp\/v2\/product"}],"about":[{"href":"https:\/\/in-my-world.com\/2-ludipilates\/wp-json\/wp\/v2\/types\/product"}],"version-history":[{"count":5,"href":"https:\/\/in-my-world.com\/2-ludipilates\/wp-json\/wp\/v2\/product\/39515\/revisions"}],"predecessor-version":[{"id":43082,"href":"https:\/\/in-my-world.com\/2-ludipilates\/wp-json\/wp\/v2\/product\/39515\/revisions\/43082"}],"wp:featuredmedia":[{"embeddable":true,"href":"https:\/\/in-my-world.com\/2-ludipilates\/wp-json\/wp\/v2\/media\/39545"}],"wp:attachment":[{"href":"https:\/\/in-my-world.com\/2-ludipilates\/wp-json\/wp\/v2\/media?parent=39515"}],"wp:term":[{"taxonomy":"product_cat","embeddable":true,"href":"https:\/\/in-my-world.com\/2-ludipilates\/wp-json\/wp\/v2\/product_cat?post=39515"},{"taxonomy":"product_tag","embeddable":true,"href":"https:\/\/in-my-world.com\/2-ludipilates\/wp-json\/wp\/v2\/product_tag?post=39515"}],"curies":[{"name":"wp","href":"https:\/\/api.w.org\/{rel}","templated":true}]}}