{"id":7584,"date":"2022-08-06T16:45:25","date_gmt":"2022-08-06T16:45:25","guid":{"rendered":"https:\/\/ludipilates.develop\/?page_id=7584"},"modified":"2022-10-26T16:56:14","modified_gmt":"2022-10-26T14:56:14","slug":"offre-entreprise","status":"publish","type":"page","link":"https:\/\/in-my-world.com\/2-ludipilates\/offre-entreprise\/","title":{"rendered":"Offre entreprise"},"content":{"rendered":"\t\t<div data-elementor-type=\"wp-page\" data-elementor-id=\"7584\" class=\"elementor elementor-7584\">\n\t\t\t\t\t\t\t\t\t<section class=\"elementor-section elementor-top-section elementor-element elementor-element-7fee57cc elementor-section-full_width elementor-section-stretched elementor-section-height-default elementor-section-height-default\" data-id=\"7fee57cc\" data-element_type=\"section\" data-settings=\"{&quot;stretch_section&quot;:&quot;section-stretched&quot;}\">\n\t\t\t\t\t\t<div class=\"elementor-container elementor-column-gap-default\">\n\t\t\t\t\t<div class=\"elementor-column elementor-col-50 elementor-top-column elementor-element elementor-element-7fd9e957\" data-id=\"7fd9e957\" data-element_type=\"column\">\n\t\t\t<div class=\"elementor-widget-wrap elementor-element-populated\">\n\t\t\t\t\t\t\t\t<div class=\"elementor-element elementor-element-17d3965c page-title elementor-align-left elementor-widget elementor-widget-woolentor-archive-title-addons\" data-id=\"17d3965c\" data-element_type=\"widget\" data-widget_type=\"woolentor-archive-title-addons.default\">\n\t\t\t\t<div class=\"elementor-widget-container\">\n\t\t\t            <div class=\"woolentor-archive-data-area\">\n                              <\/div>\n        \t\t<\/div>\n\t\t\t\t<\/div>\n\t\t\t\t\t<\/div>\n\t\t<\/div>\n\t\t\t\t<div class=\"elementor-column elementor-col-50 elementor-top-column elementor-element elementor-element-2375837a elementor-hidden-mobile\" data-id=\"2375837a\" data-element_type=\"column\">\n\t\t\t<div class=\"elementor-widget-wrap elementor-element-populated\">\n\t\t\t\t\t\t\t\t<div class=\"elementor-element elementor-element-79f851a0 elementor-align-right elementor-align--mobileleft elementor-widget elementor-widget-woolentor-breadcrumbs-addons\" data-id=\"79f851a0\" data-element_type=\"widget\" data-widget_type=\"woolentor-breadcrumbs-addons.default\">\n\t\t\t\t<div class=\"elementor-widget-container\">\n\t\t\t<div class=\"woolentor-breadcrumb\"><nav class=\"woocommerce-breadcrumb\">Home<\/nav><\/div>\t\t<\/div>\n\t\t\t\t<\/div>\n\t\t\t\t\t<\/div>\n\t\t<\/div>\n\t\t\t\t\t\t\t<\/div>\n\t\t<\/section>\n\t\t\t\t<section class=\"elementor-section elementor-top-section elementor-element elementor-element-68c334c elementor-section-full_width elementor-section-stretched elementor-section-height-default elementor-section-height-default\" data-id=\"68c334c\" data-element_type=\"section\" data-settings=\"{&quot;stretch_section&quot;:&quot;section-stretched&quot;}\">\n\t\t\t\t\t\t<div class=\"elementor-container elementor-column-gap-default\">\n\t\t\t\t\t<div class=\"elementor-column elementor-col-100 elementor-top-column elementor-element elementor-element-7c59379\" data-id=\"7c59379\" data-element_type=\"column\">\n\t\t\t<div class=\"elementor-widget-wrap elementor-element-populated\">\n\t\t\t\t\t\t\t\t<section class=\"elementor-section elementor-inner-section elementor-element elementor-element-fbcff58 elementor-section-full_width elementor-section-height-default elementor-section-height-default\" data-id=\"fbcff58\" data-element_type=\"section\">\n\t\t\t\t\t\t<div class=\"elementor-container elementor-column-gap-default\">\n\t\t\t\t\t<div class=\"elementor-column elementor-col-25 elementor-inner-column elementor-element elementor-element-6c76a31\" data-id=\"6c76a31\" data-element_type=\"column\">\n\t\t\t<div class=\"elementor-widget-wrap elementor-element-populated\">\n\t\t\t\t\t\t\t\t<div class=\"elementor-element elementor-element-12386d1 elementor-widget elementor-widget-image\" data-id=\"12386d1\" data-element_type=\"widget\" data-widget_type=\"image.default\">\n\t\t\t\t<div class=\"elementor-widget-container\">\n\t\t\t<style>\/*! elementor - v3.8.0 - 30-10-2022 *\/\n.elementor-widget-image{text-align:center}.elementor-widget-image a{display:inline-block}.elementor-widget-image a img[src$=\".svg\"]{width:48px}.elementor-widget-image img{vertical-align:middle;display:inline-block}<\/style>        <div class=\"elementor-image\">\n                                            <a href=\"https:\/\/ludipilates.develop\/wp-content\/uploads\/2022\/08\/offre_entreprise.jpg\" data-elementor-open-lightbox=\"yes\">\n                                        <img loading=\"lazy\" decoding=\"async\" width=\"522\" height=\"667\" src=\"https:\/\/in-my-world.com\/2-ludipilates\/wp-content\/uploads\/2022\/08\/offre_entreprise.jpg\" class=\"attachment-full size-full\" alt=\"\" srcset=\"https:\/\/in-my-world.com\/2-ludipilates\/wp-content\/uploads\/2022\/08\/offre_entreprise.jpg 522w, https:\/\/in-my-world.com\/2-ludipilates\/wp-content\/uploads\/2022\/08\/offre_entreprise-117x150.jpg 117w, https:\/\/in-my-world.com\/2-ludipilates\/wp-content\/uploads\/2022\/08\/offre_entreprise-235x300.jpg 235w, https:\/\/in-my-world.com\/2-ludipilates\/wp-content\/uploads\/2022\/08\/offre_entreprise-400x511.jpg 400w\" sizes=\"auto, (max-width: 522px) 100vw, 522px\" \/>                                    <\/a>\n                                                    <\/div>\n        \t\t<\/div>\n\t\t\t\t<\/div>\n\t\t\t\t\t<\/div>\n\t\t<\/div>\n\t\t\t\t<div class=\"elementor-column elementor-col-25 elementor-inner-column elementor-element elementor-element-824c2a5\" data-id=\"824c2a5\" data-element_type=\"column\">\n\t\t\t<div class=\"elementor-widget-wrap elementor-element-populated\">\n\t\t\t\t\t\t\t\t<div class=\"elementor-element elementor-element-5556381 elementor-widget elementor-widget-heading\" data-id=\"5556381\" data-element_type=\"widget\" data-widget_type=\"heading.default\">\n\t\t\t\t<div class=\"elementor-widget-container\">\n\t\t\t<style>\/*! elementor - v3.8.0 - 30-10-2022 *\/\n.elementor-heading-title{padding:0;margin:0;line-height:1}.elementor-widget-heading .elementor-heading-title[class*=elementor-size-]>a{color:inherit;font-size:inherit;line-height:inherit}.elementor-widget-heading .elementor-heading-title.elementor-size-small{font-size:15px}.elementor-widget-heading .elementor-heading-title.elementor-size-medium{font-size:19px}.elementor-widget-heading .elementor-heading-title.elementor-size-large{font-size:29px}.elementor-widget-heading .elementor-heading-title.elementor-size-xl{font-size:39px}.elementor-widget-heading .elementor-heading-title.elementor-size-xxl{font-size:59px}<\/style><h6 class=\"elementor-heading-title elementor-size-default\">75% des fran\u00e7ais passent leur journ\u00e9e au travail assis.<br><\/h6>\t\t<\/div>\n\t\t\t\t<\/div>\n\t\t\t\t<div class=\"elementor-element elementor-element-45b9bbf elementor-widget elementor-widget-text-editor\" data-id=\"45b9bbf\" data-element_type=\"widget\" data-widget_type=\"text-editor.default\">\n\t\t\t\t<div class=\"elementor-widget-container\">\n\t\t\t<style>\/*! elementor - v3.8.0 - 30-10-2022 *\/\n.elementor-widget-text-editor.elementor-drop-cap-view-stacked .elementor-drop-cap{background-color:#818a91;color:#fff}.elementor-widget-text-editor.elementor-drop-cap-view-framed .elementor-drop-cap{color:#818a91;border:3px solid;background-color:transparent}.elementor-widget-text-editor:not(.elementor-drop-cap-view-default) .elementor-drop-cap{margin-top:8px}.elementor-widget-text-editor:not(.elementor-drop-cap-view-default) .elementor-drop-cap-letter{width:1em;height:1em}.elementor-widget-text-editor .elementor-drop-cap{float:left;text-align:center;line-height:1;font-size:50px}.elementor-widget-text-editor .elementor-drop-cap-letter{display:inline-block}<\/style>\t\t<div class=\"elementor-text-editor elementor-clearfix\"><p class=\"p1\">Nous ne sommes pas faits pour rester assis toute la journ\u00e9e et pourtant\u2026 Nous sommes assis une bonne partie de la journ\u00e9e, mal assis le plus souvent, surtout en t\u00e9l\u00e9travail \u00e0 la maison o\u00f9 nous n\u2019avons pas forc\u00e9ment la bonne chaise, la bonne hauteur du bureau, etc..<\/p><p>75% des fran\u00e7ais passent leur journ\u00e9e au travail assis et ont du mal \u00e0 conserver une activit\u00e9 physique en parall\u00e8le. Le stress et le travail sur l\u2019\u00e9cran provoquent des lombalgies, des d\u00e9pressions dont le nombre explose et des troubles musculo-squelettiques.<\/p><\/div>\n\t\t\t\t<\/div>\n\t\t\t\t<\/div>\n\t\t\t\t\t<\/div>\n\t\t<\/div>\n\t\t\t\t<div class=\"elementor-column elementor-col-25 elementor-inner-column elementor-element elementor-element-b0fbd1e\" data-id=\"b0fbd1e\" data-element_type=\"column\">\n\t\t\t<div class=\"elementor-widget-wrap elementor-element-populated\">\n\t\t\t\t\t\t\t\t<div class=\"elementor-element elementor-element-dd69d45 elementor-widget elementor-widget-heading\" data-id=\"dd69d45\" data-element_type=\"widget\" data-widget_type=\"heading.default\">\n\t\t\t\t<div class=\"elementor-widget-container\">\n\t\t\t<h6 class=\"elementor-heading-title elementor-size-default\">Alors que faire devant ce constat?<\/h6>\t\t<\/div>\n\t\t\t\t<\/div>\n\t\t\t\t<div class=\"elementor-element elementor-element-82e609b elementor-widget elementor-widget-text-editor\" data-id=\"82e609b\" data-element_type=\"widget\" data-widget_type=\"text-editor.default\">\n\t\t\t\t<div class=\"elementor-widget-container\">\n\t\t\t\t\t<div class=\"elementor-text-editor elementor-clearfix\"><p>Il n\u2019y a pas de miracle. C\u2019est la r\u00e9p\u00e9tition qui entra\u00eene l\u2019acquisition, quoique l\u2019on fasse, qu\u2019importe le secteur. Pour obtenir des r\u00e9sultats, il faut s\u2019entrainer et ne pas toujours compter sur une aide ext\u00e9rieure pour aller mieux. Nous avons les cl\u00e9s pour nous entretenir, pr\u00e9venir les blessures ou soulager des douleurs.<\/p><p>\u00a0<\/p><\/div>\n\t\t\t\t<\/div>\n\t\t\t\t<\/div>\n\t\t\t\t<div class=\"elementor-element elementor-element-ef573f6 elementor-widget elementor-widget-heading\" data-id=\"ef573f6\" data-element_type=\"widget\" data-widget_type=\"heading.default\">\n\t\t\t\t<div class=\"elementor-widget-container\">\n\t\t\t<p class=\"elementor-heading-title elementor-size-default\">5 minutes par jour valent mieux que 2h par semaine.<\/p>\t\t<\/div>\n\t\t\t\t<\/div>\n\t\t\t\t\t<\/div>\n\t\t<\/div>\n\t\t\t\t<div class=\"elementor-column elementor-col-25 elementor-inner-column elementor-element elementor-element-fb59fb6\" data-id=\"fb59fb6\" data-element_type=\"column\">\n\t\t\t<div class=\"elementor-widget-wrap elementor-element-populated\">\n\t\t\t\t\t\t\t\t<div class=\"elementor-element elementor-element-4c26f00 elementor-widget elementor-widget-heading\" data-id=\"4c26f00\" data-element_type=\"widget\" data-widget_type=\"heading.default\">\n\t\t\t\t<div class=\"elementor-widget-container\">\n\t\t\t<h6 class=\"elementor-heading-title elementor-size-default\">Apprenez \u00e0 \u00e9couter votre corps!<\/h6>\t\t<\/div>\n\t\t\t\t<\/div>\n\t\t\t\t<div class=\"elementor-element elementor-element-023ad76 elementor-widget elementor-widget-text-editor\" data-id=\"023ad76\" data-element_type=\"widget\" data-widget_type=\"text-editor.default\">\n\t\t\t\t<div class=\"elementor-widget-container\">\n\t\t\t\t\t<div class=\"elementor-text-editor elementor-clearfix\"><p>Faire les exercices que je vous donnerai, tout en \u00e9tant conscient de vos mouvements, avec une bonne respiration vous guidera sur ce chemin d\u2019un corps en bonne sant\u00e9. Vous vous verrez progresser jour apr\u00e8s jour en souplesse, en coordination et en renforcement. Apprenez \u00e0 \u00e9couter votre corps et \u00e0 respecter ses limites. Nous avons tous un corps diff\u00e9rent avec ses propres possibilit\u00e9s.<\/p><\/div>\n\t\t\t\t<\/div>\n\t\t\t\t<\/div>\n\t\t\t\t\t<\/div>\n\t\t<\/div>\n\t\t\t\t\t\t\t<\/div>\n\t\t<\/section>\n\t\t\t\t\t<\/div>\n\t\t<\/div>\n\t\t\t\t\t\t\t<\/div>\n\t\t<\/section>\n\t\t\t\t<section class=\"elementor-section elementor-top-section elementor-element elementor-element-2095f15 elementor-section-content-middle elementor-section-full_width elementor-section-stretched elementor-section-height-default elementor-section-height-default\" data-id=\"2095f15\" data-element_type=\"section\" data-settings=\"{&quot;background_background&quot;:&quot;classic&quot;,&quot;stretch_section&quot;:&quot;section-stretched&quot;}\">\n\t\t\t\t\t\t\t<div class=\"elementor-background-overlay\"><\/div>\n\t\t\t\t\t\t\t<div class=\"elementor-container elementor-column-gap-no\">\n\t\t\t\t\t<div class=\"elementor-column elementor-col-100 elementor-top-column elementor-element elementor-element-627cf73\" data-id=\"627cf73\" data-element_type=\"column\">\n\t\t\t<div class=\"elementor-widget-wrap elementor-element-populated\">\n\t\t\t\t\t\t\t\t<section class=\"elementor-section elementor-inner-section elementor-element elementor-element-abc2bf8 elementor-section-full_width elementor-section-height-default elementor-section-height-default\" data-id=\"abc2bf8\" data-element_type=\"section\">\n\t\t\t\t\t\t<div class=\"elementor-container elementor-column-gap-wider\">\n\t\t\t\t\t<div class=\"elementor-column elementor-col-33 elementor-inner-column elementor-element elementor-element-3c2c321\" data-id=\"3c2c321\" data-element_type=\"column\">\n\t\t\t<div class=\"elementor-widget-wrap elementor-element-populated\">\n\t\t\t\t\t\t\t\t<div class=\"elementor-element elementor-element-03786d2 elementor-widget elementor-widget-heading\" data-id=\"03786d2\" data-element_type=\"widget\" data-widget_type=\"heading.default\">\n\t\t\t\t<div class=\"elementor-widget-container\">\n\t\t\t<h3 class=\"elementor-heading-title elementor-size-default\"><a href=\"#\">Comment \u00e7a marche?<\/a><\/h3>\t\t<\/div>\n\t\t\t\t<\/div>\n\t\t\t\t<div class=\"elementor-element elementor-element-a3f8bf1 elementor-widget elementor-widget-text-editor\" data-id=\"a3f8bf1\" data-element_type=\"widget\" data-widget_type=\"text-editor.default\">\n\t\t\t\t<div class=\"elementor-widget-container\">\n\t\t\t\t\t<div class=\"elementor-text-editor elementor-clearfix\"><div class=\"fusion-text fusion-text-13\"><p class=\"p1\">Vous \u00eates un professionnel et souhaitez en savoir plus sur les offres destin\u00e9es aux entreprises ?<\/p><\/div><\/div>\n\t\t\t\t<\/div>\n\t\t\t\t<\/div>\n\t\t\t\t<div class=\"elementor-element elementor-element-57b5ef5 elementor-align-left elementor-widget elementor-widget-button\" data-id=\"57b5ef5\" data-element_type=\"widget\" data-widget_type=\"button.default\">\n\t\t\t\t<div class=\"elementor-widget-container\">\n\t\t\t\t\t<div class=\"elementor-button-wrapper\">\n\t\t\t<a href=\"https:\/\/in-my-world.com\/2-ludipilates\/#contact\" class=\"elementor-button-link elementor-button elementor-size-sm\" role=\"button\">\n\t\t\t\t\t\t<span class=\"elementor-button-content-wrapper\">\n\t\t\t\t\t\t<span class=\"elementor-button-text\">Contactez-moi !<\/span>\n\t\t<\/span>\n\t\t\t\t\t<\/a>\n\t\t<\/div>\n\t\t\t\t<\/div>\n\t\t\t\t<\/div>\n\t\t\t\t\t<\/div>\n\t\t<\/div>\n\t\t\t\t<div class=\"elementor-column elementor-col-33 elementor-inner-column elementor-element elementor-element-9ddfbb1\" data-id=\"9ddfbb1\" data-element_type=\"column\">\n\t\t\t<div class=\"elementor-widget-wrap\">\n\t\t\t\t\t\t\t\t\t<\/div>\n\t\t<\/div>\n\t\t\t\t<div class=\"elementor-column elementor-col-33 elementor-inner-column elementor-element elementor-element-d7a6831\" data-id=\"d7a6831\" data-element_type=\"column\">\n\t\t\t<div class=\"elementor-widget-wrap\">\n\t\t\t\t\t\t\t\t\t<\/div>\n\t\t<\/div>\n\t\t\t\t\t\t\t<\/div>\n\t\t<\/section>\n\t\t\t\t\t<\/div>\n\t\t<\/div>\n\t\t\t\t\t\t\t<\/div>\n\t\t<\/section>\n\t\t\t\t\t\t\t<\/div>\n\t\t","protected":false},"excerpt":{"rendered":"<p>Accueil 75% des fran\u00e7ais passent leur journ\u00e9e au travail assis. Nous ne sommes pas faits pour rester assis toute la journ\u00e9e et pourtant\u2026 Nous sommes assis une bonne partie de [&hellip;] <\/p>\n<p class=\"link-more\"><a href=\"https:\/\/in-my-world.com\/2-ludipilates\/offre-entreprise\/\">+ Lire la suite<\/a><\/p>\n","protected":false},"author":4875,"featured_media":0,"parent":0,"menu_order":0,"comment_status":"closed","ping_status":"closed","template":"","meta":{"_price":"","_stock":"","_tribe_ticket_header":"","_tribe_default_ticket_provider":"","_tribe_ticket_capacity":"0","_ticket_start_date":"","_ticket_end_date":"","_tribe_ticket_show_description":"","_tribe_ticket_show_not_going":false,"_tribe_ticket_use_global_stock":"","_tribe_ticket_global_stock_level":"","_global_stock_mode":"","_global_stock_cap":"","_tribe_rsvp_for_event":"","_tribe_ticket_going_count":"","_tribe_ticket_not_going_count":"","_tribe_tickets_list":[],"_tribe_ticket_has_attendee_info_fields":false,"footnotes":""},"class_list":["post-7584","page","type-page","status-publish","hentry"],"yoast_head":"<!-- This site is optimized with the Yoast SEO plugin v19.9 - https:\/\/yoast.com\/wordpress\/plugins\/seo\/ -->\n<title>Offre entreprise - Ludipilates<\/title>\n<meta name=\"description\" content=\"Offre entreprise des cours de Pilates. Vous \u00eates un professionnel et souhaitez en savoir plus sur les offres destin\u00e9es aux entreprises ?\" \/>\n<meta name=\"robots\" content=\"index, follow, max-snippet:-1, max-image-preview:large, max-video-preview:-1\" \/>\n<link rel=\"canonical\" href=\"https:\/\/in-my-world.com\/2-ludipilates\/offre-entreprise\/\" \/>\n<meta property=\"og:locale\" content=\"fr_FR\" \/>\n<meta property=\"og:type\" content=\"article\" \/>\n<meta property=\"og:title\" content=\"Offre entreprise Pilates\" \/>\n<meta property=\"og:description\" content=\"Offre entreprise des cours de Pilates. Vous \u00eates un professionnel et souhaitez en savoir plus sur les offres destin\u00e9es aux entreprises ?\" \/>\n<meta property=\"og:url\" content=\"https:\/\/in-my-world.com\/2-ludipilates\/offre-entreprise\/\" \/>\n<meta property=\"og:site_name\" content=\"Ludipilates\" \/>\n<meta property=\"article:publisher\" content=\"https:\/\/fr-fr.facebook.com\/lugdivinemeytre\" \/>\n<meta property=\"article:modified_time\" content=\"2022-10-26T14:56:14+00:00\" \/>\n<meta property=\"og:image\" content=\"https:\/\/in-my-world.com\/2-ludipilates\/wp-content\/uploads\/2022\/08\/offre_entreprise.jpg\" \/>\n\t<meta property=\"og:image:width\" content=\"522\" \/>\n\t<meta property=\"og:image:height\" content=\"667\" \/>\n\t<meta property=\"og:image:type\" content=\"image\/jpeg\" \/>\n<meta name=\"twitter:card\" content=\"summary_large_image\" \/>\n<meta name=\"twitter:title\" content=\"Offre entreprise Pilates\" \/>\n<meta name=\"twitter:description\" content=\"Offre entreprise des cours de Pilates. Vous \u00eates un professionnel et souhaitez en savoir plus sur les offres destin\u00e9es aux entreprises ?\" \/>\n<meta name=\"twitter:image\" content=\"https:\/\/in-my-world.com\/2-ludipilates\/wp-content\/uploads\/2022\/08\/offre_entreprise.jpg\" \/>\n<meta name=\"twitter:label1\" content=\"Dur\u00e9e de lecture estim\u00e9e\" \/>\n\t<meta name=\"twitter:data1\" content=\"2 minutes\" \/>\n<script type=\"application\/ld+json\" class=\"yoast-schema-graph\">{\"@context\":\"https:\/\/schema.org\",\"@graph\":[{\"@type\":\"WebPage\",\"@id\":\"https:\/\/in-my-world.com\/2-ludipilates\/offre-entreprise\/\",\"url\":\"https:\/\/in-my-world.com\/2-ludipilates\/offre-entreprise\/\",\"name\":\"Offre entreprise - Ludipilates\",\"isPartOf\":{\"@id\":\"https:\/\/in-my-world.com\/2-ludipilates\/#website\"},\"datePublished\":\"2022-08-06T16:45:25+00:00\",\"dateModified\":\"2022-10-26T14:56:14+00:00\",\"description\":\"Offre entreprise des cours de Pilates. Vous \u00eates un professionnel et souhaitez en savoir plus sur les offres destin\u00e9es aux entreprises ?\",\"breadcrumb\":{\"@id\":\"https:\/\/in-my-world.com\/2-ludipilates\/offre-entreprise\/#breadcrumb\"},\"inLanguage\":\"fr-FR\",\"potentialAction\":[{\"@type\":\"ReadAction\",\"target\":[\"https:\/\/in-my-world.com\/2-ludipilates\/offre-entreprise\/\"]}]},{\"@type\":\"BreadcrumbList\",\"@id\":\"https:\/\/in-my-world.com\/2-ludipilates\/offre-entreprise\/#breadcrumb\",\"itemListElement\":[{\"@type\":\"ListItem\",\"position\":1,\"name\":\"Home\",\"item\":\"https:\/\/in-my-world.com\/2-ludipilates\/\"},{\"@type\":\"ListItem\",\"position\":2,\"name\":\"Offre entreprise\"}]},{\"@type\":\"WebSite\",\"@id\":\"https:\/\/in-my-world.com\/2-ludipilates\/#website\",\"url\":\"https:\/\/in-my-world.com\/2-ludipilates\/\",\"name\":\"Ludipilates\",\"description\":\"Pilates instructor Balanced Body &amp; Classique\",\"publisher\":{\"@id\":\"https:\/\/in-my-world.com\/2-ludipilates\/#organization\"},\"potentialAction\":[{\"@type\":\"SearchAction\",\"target\":{\"@type\":\"EntryPoint\",\"urlTemplate\":\"https:\/\/in-my-world.com\/2-ludipilates\/?s={search_term_string}\"},\"query-input\":\"required name=search_term_string\"}],\"inLanguage\":\"fr-FR\"},{\"@type\":\"Organization\",\"@id\":\"https:\/\/in-my-world.com\/2-ludipilates\/#organization\",\"name\":\"Ludipilates\",\"url\":\"https:\/\/in-my-world.com\/2-ludipilates\/\",\"logo\":{\"@type\":\"ImageObject\",\"inLanguage\":\"fr-FR\",\"@id\":\"https:\/\/in-my-world.com\/2-ludipilates\/#\/schema\/logo\/image\/\",\"url\":\"https:\/\/in-my-world.com\/2-ludipilates\/wp-content\/uploads\/2022\/10\/0922_Ludi@Kwerk_17-scaled.jpg\",\"contentUrl\":\"https:\/\/in-my-world.com\/2-ludipilates\/wp-content\/uploads\/2022\/10\/0922_Ludi@Kwerk_17-scaled.jpg\",\"width\":2560,\"height\":1707,\"caption\":\"Ludipilates\"},\"image\":{\"@id\":\"https:\/\/in-my-world.com\/2-ludipilates\/#\/schema\/logo\/image\/\"},\"sameAs\":[\"https:\/\/www.instagram.com\/ludipilates\/\",\"https:\/\/fr.linkedin.com\/in\/lugdivine-meytre-1a36b2\",\"https:\/\/fr-fr.facebook.com\/lugdivinemeytre\"]}]}<\/script>\n<!-- \/ Yoast SEO plugin. -->","yoast_head_json":{"title":"Offre entreprise - Ludipilates","description":"Offre entreprise des cours de Pilates. Vous \u00eates un professionnel et souhaitez en savoir plus sur les offres destin\u00e9es aux entreprises ?","robots":{"index":"index","follow":"follow","max-snippet":"max-snippet:-1","max-image-preview":"max-image-preview:large","max-video-preview":"max-video-preview:-1"},"canonical":"https:\/\/in-my-world.com\/2-ludipilates\/offre-entreprise\/","og_locale":"fr_FR","og_type":"article","og_title":"Offre entreprise Pilates","og_description":"Offre entreprise des cours de Pilates. Vous \u00eates un professionnel et souhaitez en savoir plus sur les offres destin\u00e9es aux entreprises ?","og_url":"https:\/\/in-my-world.com\/2-ludipilates\/offre-entreprise\/","og_site_name":"Ludipilates","article_publisher":"https:\/\/fr-fr.facebook.com\/lugdivinemeytre","article_modified_time":"2022-10-26T14:56:14+00:00","og_image":[{"width":522,"height":667,"url":"https:\/\/in-my-world.com\/2-ludipilates\/wp-content\/uploads\/2022\/08\/offre_entreprise.jpg","type":"image\/jpeg"}],"twitter_card":"summary_large_image","twitter_title":"Offre entreprise Pilates","twitter_description":"Offre entreprise des cours de Pilates. Vous \u00eates un professionnel et souhaitez en savoir plus sur les offres destin\u00e9es aux entreprises ?","twitter_image":"https:\/\/in-my-world.com\/2-ludipilates\/wp-content\/uploads\/2022\/08\/offre_entreprise.jpg","twitter_misc":{"Dur\u00e9e de lecture estim\u00e9e":"2 minutes"},"schema":{"@context":"https:\/\/schema.org","@graph":[{"@type":"WebPage","@id":"https:\/\/in-my-world.com\/2-ludipilates\/offre-entreprise\/","url":"https:\/\/in-my-world.com\/2-ludipilates\/offre-entreprise\/","name":"Offre entreprise - Ludipilates","isPartOf":{"@id":"https:\/\/in-my-world.com\/2-ludipilates\/#website"},"datePublished":"2022-08-06T16:45:25+00:00","dateModified":"2022-10-26T14:56:14+00:00","description":"Offre entreprise des cours de Pilates. Vous \u00eates un professionnel et souhaitez en savoir plus sur les offres destin\u00e9es aux entreprises ?","breadcrumb":{"@id":"https:\/\/in-my-world.com\/2-ludipilates\/offre-entreprise\/#breadcrumb"},"inLanguage":"fr-FR","potentialAction":[{"@type":"ReadAction","target":["https:\/\/in-my-world.com\/2-ludipilates\/offre-entreprise\/"]}]},{"@type":"BreadcrumbList","@id":"https:\/\/in-my-world.com\/2-ludipilates\/offre-entreprise\/#breadcrumb","itemListElement":[{"@type":"ListItem","position":1,"name":"Home","item":"https:\/\/in-my-world.com\/2-ludipilates\/"},{"@type":"ListItem","position":2,"name":"Offre entreprise"}]},{"@type":"WebSite","@id":"https:\/\/in-my-world.com\/2-ludipilates\/#website","url":"https:\/\/in-my-world.com\/2-ludipilates\/","name":"Ludipilates","description":"Pilates instructor Balanced Body &amp; Classique","publisher":{"@id":"https:\/\/in-my-world.com\/2-ludipilates\/#organization"},"potentialAction":[{"@type":"SearchAction","target":{"@type":"EntryPoint","urlTemplate":"https:\/\/in-my-world.com\/2-ludipilates\/?s={search_term_string}"},"query-input":"required name=search_term_string"}],"inLanguage":"fr-FR"},{"@type":"Organization","@id":"https:\/\/in-my-world.com\/2-ludipilates\/#organization","name":"Ludipilates","url":"https:\/\/in-my-world.com\/2-ludipilates\/","logo":{"@type":"ImageObject","inLanguage":"fr-FR","@id":"https:\/\/in-my-world.com\/2-ludipilates\/#\/schema\/logo\/image\/","url":"https:\/\/in-my-world.com\/2-ludipilates\/wp-content\/uploads\/2022\/10\/0922_Ludi@Kwerk_17-scaled.jpg","contentUrl":"https:\/\/in-my-world.com\/2-ludipilates\/wp-content\/uploads\/2022\/10\/0922_Ludi@Kwerk_17-scaled.jpg","width":2560,"height":1707,"caption":"Ludipilates"},"image":{"@id":"https:\/\/in-my-world.com\/2-ludipilates\/#\/schema\/logo\/image\/"},"sameAs":["https:\/\/www.instagram.com\/ludipilates\/","https:\/\/fr.linkedin.com\/in\/lugdivine-meytre-1a36b2","https:\/\/fr-fr.facebook.com\/lugdivinemeytre"]}]}},"ticketed":false,"_links":{"self":[{"href":"https:\/\/in-my-world.com\/2-ludipilates\/wp-json\/wp\/v2\/pages\/7584","targetHints":{"allow":["GET"]}}],"collection":[{"href":"https:\/\/in-my-world.com\/2-ludipilates\/wp-json\/wp\/v2\/pages"}],"about":[{"href":"https:\/\/in-my-world.com\/2-ludipilates\/wp-json\/wp\/v2\/types\/page"}],"author":[{"embeddable":true,"href":"https:\/\/in-my-world.com\/2-ludipilates\/wp-json\/wp\/v2\/users\/4875"}],"replies":[{"embeddable":true,"href":"https:\/\/in-my-world.com\/2-ludipilates\/wp-json\/wp\/v2\/comments?post=7584"}],"version-history":[{"count":109,"href":"https:\/\/in-my-world.com\/2-ludipilates\/wp-json\/wp\/v2\/pages\/7584\/revisions"}],"predecessor-version":[{"id":32834,"href":"https:\/\/in-my-world.com\/2-ludipilates\/wp-json\/wp\/v2\/pages\/7584\/revisions\/32834"}],"wp:attachment":[{"href":"https:\/\/in-my-world.com\/2-ludipilates\/wp-json\/wp\/v2\/media?parent=7584"}],"curies":[{"name":"wp","href":"https:\/\/api.w.org\/{rel}","templated":true}]}}