{"id":7571,"date":"2022-08-06T16:01:39","date_gmt":"2022-08-06T16:01:39","guid":{"rendered":"https:\/\/ludipilates.develop\/?page_id=7571"},"modified":"2022-10-26T16:48:13","modified_gmt":"2022-10-26T14:48:13","slug":"les-cours-a-domicile","status":"publish","type":"page","link":"https:\/\/in-my-world.com\/2-ludipilates\/les-cours-a-domicile\/","title":{"rendered":"Les cours \u00e0 domicile"},"content":{"rendered":"\t\t<div data-elementor-type=\"wp-page\" data-elementor-id=\"7571\" class=\"elementor elementor-7571\">\n\t\t\t\t\t\t\t\t\t<section class=\"elementor-section elementor-top-section elementor-element elementor-element-7fee57cc elementor-section-full_width elementor-section-stretched elementor-section-height-default elementor-section-height-default\" data-id=\"7fee57cc\" data-element_type=\"section\" data-settings=\"{&quot;stretch_section&quot;:&quot;section-stretched&quot;}\">\n\t\t\t\t\t\t<div class=\"elementor-container elementor-column-gap-default\">\n\t\t\t\t\t<div class=\"elementor-column elementor-col-50 elementor-top-column elementor-element elementor-element-7fd9e957\" data-id=\"7fd9e957\" data-element_type=\"column\">\n\t\t\t<div class=\"elementor-widget-wrap elementor-element-populated\">\n\t\t\t\t\t\t\t\t<div class=\"elementor-element elementor-element-17d3965c page-title elementor-align-left elementor-widget elementor-widget-woolentor-archive-title-addons\" data-id=\"17d3965c\" data-element_type=\"widget\" data-widget_type=\"woolentor-archive-title-addons.default\">\n\t\t\t\t<div class=\"elementor-widget-container\">\n\t\t\t            <div class=\"woolentor-archive-data-area\">\n                              <\/div>\n        \t\t<\/div>\n\t\t\t\t<\/div>\n\t\t\t\t\t<\/div>\n\t\t<\/div>\n\t\t\t\t<div class=\"elementor-column elementor-col-50 elementor-top-column elementor-element elementor-element-2375837a elementor-hidden-mobile\" data-id=\"2375837a\" data-element_type=\"column\">\n\t\t\t<div class=\"elementor-widget-wrap elementor-element-populated\">\n\t\t\t\t\t\t\t\t<div class=\"elementor-element elementor-element-79f851a0 elementor-align-right elementor-align--mobileleft elementor-widget elementor-widget-woolentor-breadcrumbs-addons\" data-id=\"79f851a0\" data-element_type=\"widget\" data-widget_type=\"woolentor-breadcrumbs-addons.default\">\n\t\t\t\t<div class=\"elementor-widget-container\">\n\t\t\t<div class=\"woolentor-breadcrumb\"><nav class=\"woocommerce-breadcrumb\">Home<\/nav><\/div>\t\t<\/div>\n\t\t\t\t<\/div>\n\t\t\t\t\t<\/div>\n\t\t<\/div>\n\t\t\t\t\t\t\t<\/div>\n\t\t<\/section>\n\t\t\t\t<section class=\"elementor-section elementor-top-section elementor-element elementor-element-68c334c elementor-section-full_width elementor-section-stretched elementor-section-height-default elementor-section-height-default\" data-id=\"68c334c\" data-element_type=\"section\" data-settings=\"{&quot;background_background&quot;:&quot;classic&quot;,&quot;stretch_section&quot;:&quot;section-stretched&quot;}\">\n\t\t\t\t\t\t<div class=\"elementor-container elementor-column-gap-default\">\n\t\t\t\t\t<div class=\"elementor-column elementor-col-100 elementor-top-column elementor-element elementor-element-7c59379\" data-id=\"7c59379\" data-element_type=\"column\">\n\t\t\t<div class=\"elementor-widget-wrap elementor-element-populated\">\n\t\t\t\t\t\t\t\t<section class=\"elementor-section elementor-inner-section elementor-element elementor-element-fbcff58 elementor-section-full_width elementor-section-height-default elementor-section-height-default\" data-id=\"fbcff58\" data-element_type=\"section\" data-settings=\"{&quot;background_background&quot;:&quot;classic&quot;}\">\n\t\t\t\t\t\t<div class=\"elementor-container elementor-column-gap-default\">\n\t\t\t\t\t<div class=\"elementor-column elementor-col-33 elementor-inner-column elementor-element elementor-element-6c76a31\" data-id=\"6c76a31\" data-element_type=\"column\">\n\t\t\t<div class=\"elementor-widget-wrap elementor-element-populated\">\n\t\t\t\t\t\t\t\t<div class=\"elementor-element elementor-element-12386d1 elementor-widget elementor-widget-image\" data-id=\"12386d1\" data-element_type=\"widget\" data-widget_type=\"image.default\">\n\t\t\t\t<div class=\"elementor-widget-container\">\n\t\t\t<style>\/*! elementor - v3.8.0 - 30-10-2022 *\/\n.elementor-widget-image{text-align:center}.elementor-widget-image a{display:inline-block}.elementor-widget-image a img[src$=\".svg\"]{width:48px}.elementor-widget-image img{vertical-align:middle;display:inline-block}<\/style>        <div class=\"elementor-image\">\n                                            <a href=\"https:\/\/ludipilates.develop\/wp-content\/uploads\/2022\/08\/cours_domicile-800x800-1.jpg\" data-elementor-open-lightbox=\"yes\">\n                                        <img loading=\"lazy\" decoding=\"async\" width=\"800\" height=\"800\" src=\"https:\/\/in-my-world.com\/2-ludipilates\/wp-content\/uploads\/2022\/08\/cours_domicile-800x800-1.jpg\" class=\"attachment-full size-full\" alt=\"\" srcset=\"https:\/\/in-my-world.com\/2-ludipilates\/wp-content\/uploads\/2022\/08\/cours_domicile-800x800-1.jpg 800w, https:\/\/in-my-world.com\/2-ludipilates\/wp-content\/uploads\/2022\/08\/cours_domicile-800x800-1-300x300.jpg 300w, https:\/\/in-my-world.com\/2-ludipilates\/wp-content\/uploads\/2022\/08\/cours_domicile-800x800-1-150x150.jpg 150w, https:\/\/in-my-world.com\/2-ludipilates\/wp-content\/uploads\/2022\/08\/cours_domicile-800x800-1-600x600.jpg 600w, https:\/\/in-my-world.com\/2-ludipilates\/wp-content\/uploads\/2022\/08\/cours_domicile-800x800-1-768x768.jpg 768w, https:\/\/in-my-world.com\/2-ludipilates\/wp-content\/uploads\/2022\/08\/cours_domicile-800x800-1-400x400.jpg 400w, https:\/\/in-my-world.com\/2-ludipilates\/wp-content\/uploads\/2022\/08\/cours_domicile-800x800-1-100x100.jpg 100w\" sizes=\"auto, (max-width: 800px) 100vw, 800px\" \/>                                    <\/a>\n                                                    <\/div>\n        \t\t<\/div>\n\t\t\t\t<\/div>\n\t\t\t\t\t<\/div>\n\t\t<\/div>\n\t\t\t\t<div class=\"elementor-column elementor-col-33 elementor-inner-column elementor-element elementor-element-824c2a5\" data-id=\"824c2a5\" data-element_type=\"column\">\n\t\t\t<div class=\"elementor-widget-wrap elementor-element-populated\">\n\t\t\t\t\t\t\t\t<div class=\"elementor-element elementor-element-5556381 elementor-widget elementor-widget-heading\" data-id=\"5556381\" data-element_type=\"widget\" data-widget_type=\"heading.default\">\n\t\t\t\t<div class=\"elementor-widget-container\">\n\t\t\t<style>\/*! elementor - v3.8.0 - 30-10-2022 *\/\n.elementor-heading-title{padding:0;margin:0;line-height:1}.elementor-widget-heading .elementor-heading-title[class*=elementor-size-]>a{color:inherit;font-size:inherit;line-height:inherit}.elementor-widget-heading .elementor-heading-title.elementor-size-small{font-size:15px}.elementor-widget-heading .elementor-heading-title.elementor-size-medium{font-size:19px}.elementor-widget-heading .elementor-heading-title.elementor-size-large{font-size:29px}.elementor-widget-heading .elementor-heading-title.elementor-size-xl{font-size:39px}.elementor-widget-heading .elementor-heading-title.elementor-size-xxl{font-size:59px}<\/style><h4 class=\"elementor-heading-title elementor-size-default\">Je me d\u00e9place chez vous, pour des cours priv\u00e9s, en solo mais aussi en duo ou en famille.<\/h4>\t\t<\/div>\n\t\t\t\t<\/div>\n\t\t\t\t<div class=\"elementor-element elementor-element-45b9bbf elementor-widget elementor-widget-text-editor\" data-id=\"45b9bbf\" data-element_type=\"widget\" data-widget_type=\"text-editor.default\">\n\t\t\t\t<div class=\"elementor-widget-container\">\n\t\t\t<style>\/*! elementor - v3.8.0 - 30-10-2022 *\/\n.elementor-widget-text-editor.elementor-drop-cap-view-stacked .elementor-drop-cap{background-color:#818a91;color:#fff}.elementor-widget-text-editor.elementor-drop-cap-view-framed .elementor-drop-cap{color:#818a91;border:3px solid;background-color:transparent}.elementor-widget-text-editor:not(.elementor-drop-cap-view-default) .elementor-drop-cap{margin-top:8px}.elementor-widget-text-editor:not(.elementor-drop-cap-view-default) .elementor-drop-cap-letter{width:1em;height:1em}.elementor-widget-text-editor .elementor-drop-cap{float:left;text-align:center;line-height:1;font-size:50px}.elementor-widget-text-editor .elementor-drop-cap-letter{display:inline-block}<\/style>\t\t<div class=\"elementor-text-editor elementor-clearfix\"><p>Il faut juste pr\u00e9voir un peu de place pour son tapis et vous \u00e9quiper de votre plus belle tenue de sport pour travailler ensemble avec du plaisir et beaucoup de joie.<\/p><\/div>\n\t\t\t\t<\/div>\n\t\t\t\t<\/div>\n\t\t\t\t\t<\/div>\n\t\t<\/div>\n\t\t\t\t<div class=\"elementor-column elementor-col-33 elementor-inner-column elementor-element elementor-element-fb59fb6\" data-id=\"fb59fb6\" data-element_type=\"column\">\n\t\t\t<div class=\"elementor-widget-wrap elementor-element-populated\">\n\t\t\t\t\t\t\t\t<div class=\"elementor-element elementor-element-4c26f00 elementor-widget elementor-widget-heading\" data-id=\"4c26f00\" data-element_type=\"widget\" data-widget_type=\"heading.default\">\n\t\t\t\t<div class=\"elementor-widget-container\">\n\t\t\t<h2 class=\"elementor-heading-title elementor-size-default\">Un programme personnalis\u00e9<\/h2>\t\t<\/div>\n\t\t\t\t<\/div>\n\t\t\t\t<div class=\"elementor-element elementor-element-1054fed elementor-widget elementor-widget-spacer\" data-id=\"1054fed\" data-element_type=\"widget\" data-widget_type=\"spacer.default\">\n\t\t\t\t<div class=\"elementor-widget-container\">\n\t\t\t<style>\/*! elementor - v3.8.0 - 30-10-2022 *\/\n.elementor-column .elementor-spacer-inner{height:var(--spacer-size)}.e-con{--container-widget-width:100%}.e-con-inner>.elementor-widget-spacer,.e-con>.elementor-widget-spacer{width:var(--container-widget-width,var(--spacer-size));-ms-flex-item-align:stretch;align-self:stretch;-ms-flex-negative:0;flex-shrink:0}.e-con-inner>.elementor-widget-spacer>.elementor-widget-container,.e-con-inner>.elementor-widget-spacer>.elementor-widget-container>.elementor-spacer,.e-con>.elementor-widget-spacer>.elementor-widget-container,.e-con>.elementor-widget-spacer>.elementor-widget-container>.elementor-spacer{height:100%}.e-con-inner>.elementor-widget-spacer>.elementor-widget-container>.elementor-spacer>.elementor-spacer-inner,.e-con>.elementor-widget-spacer>.elementor-widget-container>.elementor-spacer>.elementor-spacer-inner{height:var(--container-widget-height,var(--spacer-size))}<\/style>\t\t<div class=\"elementor-spacer\">\n\t\t\t<div class=\"elementor-spacer-inner\"><\/div>\n\t\t<\/div>\n\t\t\t\t<\/div>\n\t\t\t\t<\/div>\n\t\t\t\t<div class=\"elementor-element elementor-element-023ad76 elementor-widget elementor-widget-text-editor\" data-id=\"023ad76\" data-element_type=\"widget\" data-widget_type=\"text-editor.default\">\n\t\t\t\t<div class=\"elementor-widget-container\">\n\t\t\t\t\t<div class=\"elementor-text-editor elementor-clearfix\"><p>Parce que nous sommes tous diff\u00e9rents avec des corps uniques aux besoins sp\u00e9cifiques, j\u2019adapte syst\u00e9matiquement mes s\u00e9ances afin de r\u00e9pondre \u00e0 vos attentes et vous accompagner avec un programme sur-mesure.<\/p><\/div>\n\t\t\t\t<\/div>\n\t\t\t\t<\/div>\n\t\t\t\t\t<\/div>\n\t\t<\/div>\n\t\t\t\t\t\t\t<\/div>\n\t\t<\/section>\n\t\t\t\t\t<\/div>\n\t\t<\/div>\n\t\t\t\t\t\t\t<\/div>\n\t\t<\/section>\n\t\t\t\t<section class=\"elementor-section elementor-top-section elementor-element elementor-element-2095f15 elementor-section-content-middle elementor-section-full_width elementor-section-stretched elementor-section-height-default elementor-section-height-default\" data-id=\"2095f15\" data-element_type=\"section\" data-settings=\"{&quot;background_background&quot;:&quot;classic&quot;,&quot;stretch_section&quot;:&quot;section-stretched&quot;}\">\n\t\t\t\t\t\t\t<div class=\"elementor-background-overlay\"><\/div>\n\t\t\t\t\t\t\t<div class=\"elementor-container elementor-column-gap-no\">\n\t\t\t\t\t<div class=\"elementor-column elementor-col-100 elementor-top-column elementor-element elementor-element-627cf73\" data-id=\"627cf73\" data-element_type=\"column\">\n\t\t\t<div class=\"elementor-widget-wrap elementor-element-populated\">\n\t\t\t\t\t\t\t\t<section class=\"elementor-section elementor-inner-section elementor-element elementor-element-abc2bf8 elementor-section-full_width elementor-section-height-default elementor-section-height-default\" data-id=\"abc2bf8\" data-element_type=\"section\">\n\t\t\t\t\t\t<div class=\"elementor-container elementor-column-gap-extended\">\n\t\t\t\t\t<div class=\"elementor-column elementor-col-33 elementor-inner-column elementor-element elementor-element-3c2c321\" data-id=\"3c2c321\" data-element_type=\"column\">\n\t\t\t<div class=\"elementor-widget-wrap elementor-element-populated\">\n\t\t\t\t\t\t\t\t<div class=\"elementor-element elementor-element-03786d2 elementor-widget elementor-widget-heading\" data-id=\"03786d2\" data-element_type=\"widget\" data-widget_type=\"heading.default\">\n\t\t\t\t<div class=\"elementor-widget-container\">\n\t\t\t<h3 class=\"elementor-heading-title elementor-size-default\"><a href=\"#\">Comment \u00e7a marche ?<\/a><\/h3>\t\t<\/div>\n\t\t\t\t<\/div>\n\t\t\t\t<div class=\"elementor-element elementor-element-a3f8bf1 elementor-widget elementor-widget-text-editor\" data-id=\"a3f8bf1\" data-element_type=\"widget\" data-widget_type=\"text-editor.default\">\n\t\t\t\t<div class=\"elementor-widget-container\">\n\t\t\t\t\t<div class=\"elementor-text-editor elementor-clearfix\"><p>Contactez-moi pour que nous puissions discuter de vos objectifs.<\/p><\/div>\n\t\t\t\t<\/div>\n\t\t\t\t<\/div>\n\t\t\t\t<div class=\"elementor-element elementor-element-57b5ef5 elementor-align-left elementor-widget elementor-widget-button\" data-id=\"57b5ef5\" data-element_type=\"widget\" data-widget_type=\"button.default\">\n\t\t\t\t<div class=\"elementor-widget-container\">\n\t\t\t\t\t<div class=\"elementor-button-wrapper\">\n\t\t\t<a href=\"https:\/\/in-my-world.com\/2-ludipilates\/#contact\" class=\"elementor-button-link elementor-button elementor-size-sm\" role=\"button\">\n\t\t\t\t\t\t<span class=\"elementor-button-content-wrapper\">\n\t\t\t\t\t\t<span class=\"elementor-button-text\">Par ici<\/span>\n\t\t<\/span>\n\t\t\t\t\t<\/a>\n\t\t<\/div>\n\t\t\t\t<\/div>\n\t\t\t\t<\/div>\n\t\t\t\t\t<\/div>\n\t\t<\/div>\n\t\t\t\t<div class=\"elementor-column elementor-col-33 elementor-inner-column elementor-element elementor-element-9ddfbb1\" data-id=\"9ddfbb1\" data-element_type=\"column\">\n\t\t\t<div class=\"elementor-widget-wrap elementor-element-populated\">\n\t\t\t\t\t\t\t\t<div class=\"elementor-element elementor-element-f749e05 elementor-widget elementor-widget-heading\" data-id=\"f749e05\" data-element_type=\"widget\" data-widget_type=\"heading.default\">\n\t\t\t\t<div class=\"elementor-widget-container\">\n\t\t\t<h3 class=\"elementor-heading-title elementor-size-default\"><a href=\"#\">Les Tarifs<\/a><\/h3>\t\t<\/div>\n\t\t\t\t<\/div>\n\t\t\t\t<div class=\"elementor-element elementor-element-c020e5c elementor-widget elementor-widget-image\" data-id=\"c020e5c\" data-element_type=\"widget\" data-widget_type=\"image.default\">\n\t\t\t\t<div class=\"elementor-widget-container\">\n\t\t\t        <div class=\"elementor-image\">\n                                                <img loading=\"lazy\" decoding=\"async\" width=\"143\" height=\"71\" src=\"https:\/\/in-my-world.com\/2-ludipilates\/wp-content\/uploads\/2022\/08\/Web-capture_6-8-2022_17236_ludipilates.fr_-e1659803120606.jpeg\" class=\"attachment-large size-large\" alt=\"\" \/>                                                            <\/div>\n        \t\t<\/div>\n\t\t\t\t<\/div>\n\t\t\t\t\t<\/div>\n\t\t<\/div>\n\t\t\t\t<div class=\"elementor-column elementor-col-33 elementor-inner-column elementor-element elementor-element-d7a6831\" data-id=\"d7a6831\" data-element_type=\"column\">\n\t\t\t<div class=\"elementor-widget-wrap\">\n\t\t\t\t\t\t\t\t\t<\/div>\n\t\t<\/div>\n\t\t\t\t\t\t\t<\/div>\n\t\t<\/section>\n\t\t\t\t\t<\/div>\n\t\t<\/div>\n\t\t\t\t\t\t\t<\/div>\n\t\t<\/section>\n\t\t\t\t\t\t\t<\/div>\n\t\t","protected":false},"excerpt":{"rendered":"<p>Accueil Je me d\u00e9place chez vous, pour des cours priv\u00e9s, en solo mais aussi en duo ou en famille. Il faut juste pr\u00e9voir un peu de place pour son tapis [&hellip;] <\/p>\n<p class=\"link-more\"><a href=\"https:\/\/in-my-world.com\/2-ludipilates\/les-cours-a-domicile\/\">+ Lire la suite<\/a><\/p>\n","protected":false},"author":4875,"featured_media":0,"parent":0,"menu_order":0,"comment_status":"closed","ping_status":"closed","template":"","meta":{"_price":"","_stock":"","_tribe_ticket_header":"","_tribe_default_ticket_provider":"","_tribe_ticket_capacity":"0","_ticket_start_date":"","_ticket_end_date":"","_tribe_ticket_show_description":"","_tribe_ticket_show_not_going":false,"_tribe_ticket_use_global_stock":"","_tribe_ticket_global_stock_level":"","_global_stock_mode":"","_global_stock_cap":"","_tribe_rsvp_for_event":"","_tribe_ticket_going_count":"","_tribe_ticket_not_going_count":"","_tribe_tickets_list":[],"_tribe_ticket_has_attendee_info_fields":false,"footnotes":""},"class_list":["post-7571","page","type-page","status-publish","hentry"],"yoast_head":"<!-- This site is optimized with the Yoast SEO plugin v19.9 - https:\/\/yoast.com\/wordpress\/plugins\/seo\/ -->\n<title>Les cours \u00e0 domicile - Ludipilates<\/title>\n<meta name=\"description\" content=\"Un programme personnalis\u00e9 avec un cours \u00e0 domicile. Je me d\u00e9place chez vous, pour des cours priv\u00e9s, en solo mais aussi en duo ou en famille.\" \/>\n<meta name=\"robots\" content=\"index, follow, max-snippet:-1, max-image-preview:large, max-video-preview:-1\" \/>\n<link rel=\"canonical\" href=\"https:\/\/in-my-world.com\/2-ludipilates\/les-cours-a-domicile\/\" \/>\n<meta property=\"og:locale\" content=\"fr_FR\" \/>\n<meta property=\"og:type\" content=\"article\" \/>\n<meta property=\"og:title\" content=\"cours \u00e0 domicile\" \/>\n<meta property=\"og:description\" content=\"Un programme personnalis\u00e9 avec un cours \u00e0 domicile. Je me d\u00e9place chez vous, pour des cours priv\u00e9s, en solo mais aussi en duo ou en famille.\" \/>\n<meta property=\"og:url\" content=\"https:\/\/in-my-world.com\/2-ludipilates\/les-cours-a-domicile\/\" \/>\n<meta property=\"og:site_name\" content=\"Ludipilates\" \/>\n<meta property=\"article:publisher\" content=\"https:\/\/fr-fr.facebook.com\/lugdivinemeytre\" \/>\n<meta property=\"article:modified_time\" content=\"2022-10-26T14:48:13+00:00\" \/>\n<meta property=\"og:image\" content=\"https:\/\/in-my-world.com\/2-ludipilates\/wp-content\/uploads\/2022\/08\/cours_domicile-800x800-1.jpg\" \/>\n\t<meta property=\"og:image:width\" content=\"800\" \/>\n\t<meta property=\"og:image:height\" content=\"800\" \/>\n\t<meta property=\"og:image:type\" content=\"image\/jpeg\" \/>\n<meta name=\"twitter:card\" content=\"summary_large_image\" \/>\n<meta name=\"twitter:title\" content=\"cours \u00e0 domicile\" \/>\n<meta name=\"twitter:description\" content=\"Un programme personnalis\u00e9 avec un cours \u00e0 domicile. Je me d\u00e9place chez vous, pour des cours priv\u00e9s, en solo mais aussi en duo ou en famille.\" \/>\n<meta name=\"twitter:image\" content=\"https:\/\/in-my-world.com\/2-ludipilates\/wp-content\/uploads\/2022\/08\/cours_domicile-800x800-1.jpg\" \/>\n<meta name=\"twitter:label1\" content=\"Dur\u00e9e de lecture estim\u00e9e\" \/>\n\t<meta name=\"twitter:data1\" content=\"1 minute\" \/>\n<script type=\"application\/ld+json\" class=\"yoast-schema-graph\">{\"@context\":\"https:\/\/schema.org\",\"@graph\":[{\"@type\":\"WebPage\",\"@id\":\"https:\/\/in-my-world.com\/2-ludipilates\/les-cours-a-domicile\/\",\"url\":\"https:\/\/in-my-world.com\/2-ludipilates\/les-cours-a-domicile\/\",\"name\":\"Les cours \u00e0 domicile - Ludipilates\",\"isPartOf\":{\"@id\":\"https:\/\/in-my-world.com\/2-ludipilates\/#website\"},\"datePublished\":\"2022-08-06T16:01:39+00:00\",\"dateModified\":\"2022-10-26T14:48:13+00:00\",\"description\":\"Un programme personnalis\u00e9 avec un cours \u00e0 domicile. Je me d\u00e9place chez vous, pour des cours priv\u00e9s, en solo mais aussi en duo ou en famille.\",\"breadcrumb\":{\"@id\":\"https:\/\/in-my-world.com\/2-ludipilates\/les-cours-a-domicile\/#breadcrumb\"},\"inLanguage\":\"fr-FR\",\"potentialAction\":[{\"@type\":\"ReadAction\",\"target\":[\"https:\/\/in-my-world.com\/2-ludipilates\/les-cours-a-domicile\/\"]}]},{\"@type\":\"BreadcrumbList\",\"@id\":\"https:\/\/in-my-world.com\/2-ludipilates\/les-cours-a-domicile\/#breadcrumb\",\"itemListElement\":[{\"@type\":\"ListItem\",\"position\":1,\"name\":\"Home\",\"item\":\"https:\/\/in-my-world.com\/2-ludipilates\/\"},{\"@type\":\"ListItem\",\"position\":2,\"name\":\"Les cours \u00e0 domicile\"}]},{\"@type\":\"WebSite\",\"@id\":\"https:\/\/in-my-world.com\/2-ludipilates\/#website\",\"url\":\"https:\/\/in-my-world.com\/2-ludipilates\/\",\"name\":\"Ludipilates\",\"description\":\"Pilates instructor Balanced Body &amp; Classique\",\"publisher\":{\"@id\":\"https:\/\/in-my-world.com\/2-ludipilates\/#organization\"},\"potentialAction\":[{\"@type\":\"SearchAction\",\"target\":{\"@type\":\"EntryPoint\",\"urlTemplate\":\"https:\/\/in-my-world.com\/2-ludipilates\/?s={search_term_string}\"},\"query-input\":\"required name=search_term_string\"}],\"inLanguage\":\"fr-FR\"},{\"@type\":\"Organization\",\"@id\":\"https:\/\/in-my-world.com\/2-ludipilates\/#organization\",\"name\":\"Ludipilates\",\"url\":\"https:\/\/in-my-world.com\/2-ludipilates\/\",\"logo\":{\"@type\":\"ImageObject\",\"inLanguage\":\"fr-FR\",\"@id\":\"https:\/\/in-my-world.com\/2-ludipilates\/#\/schema\/logo\/image\/\",\"url\":\"https:\/\/in-my-world.com\/2-ludipilates\/wp-content\/uploads\/2022\/10\/0922_Ludi@Kwerk_17-scaled.jpg\",\"contentUrl\":\"https:\/\/in-my-world.com\/2-ludipilates\/wp-content\/uploads\/2022\/10\/0922_Ludi@Kwerk_17-scaled.jpg\",\"width\":2560,\"height\":1707,\"caption\":\"Ludipilates\"},\"image\":{\"@id\":\"https:\/\/in-my-world.com\/2-ludipilates\/#\/schema\/logo\/image\/\"},\"sameAs\":[\"https:\/\/www.instagram.com\/ludipilates\/\",\"https:\/\/fr.linkedin.com\/in\/lugdivine-meytre-1a36b2\",\"https:\/\/fr-fr.facebook.com\/lugdivinemeytre\"]}]}<\/script>\n<!-- \/ Yoast SEO plugin. -->","yoast_head_json":{"title":"Les cours \u00e0 domicile - Ludipilates","description":"Un programme personnalis\u00e9 avec un cours \u00e0 domicile. Je me d\u00e9place chez vous, pour des cours priv\u00e9s, en solo mais aussi en duo ou en famille.","robots":{"index":"index","follow":"follow","max-snippet":"max-snippet:-1","max-image-preview":"max-image-preview:large","max-video-preview":"max-video-preview:-1"},"canonical":"https:\/\/in-my-world.com\/2-ludipilates\/les-cours-a-domicile\/","og_locale":"fr_FR","og_type":"article","og_title":"cours \u00e0 domicile","og_description":"Un programme personnalis\u00e9 avec un cours \u00e0 domicile. Je me d\u00e9place chez vous, pour des cours priv\u00e9s, en solo mais aussi en duo ou en famille.","og_url":"https:\/\/in-my-world.com\/2-ludipilates\/les-cours-a-domicile\/","og_site_name":"Ludipilates","article_publisher":"https:\/\/fr-fr.facebook.com\/lugdivinemeytre","article_modified_time":"2022-10-26T14:48:13+00:00","og_image":[{"width":800,"height":800,"url":"https:\/\/in-my-world.com\/2-ludipilates\/wp-content\/uploads\/2022\/08\/cours_domicile-800x800-1.jpg","type":"image\/jpeg"}],"twitter_card":"summary_large_image","twitter_title":"cours \u00e0 domicile","twitter_description":"Un programme personnalis\u00e9 avec un cours \u00e0 domicile. Je me d\u00e9place chez vous, pour des cours priv\u00e9s, en solo mais aussi en duo ou en famille.","twitter_image":"https:\/\/in-my-world.com\/2-ludipilates\/wp-content\/uploads\/2022\/08\/cours_domicile-800x800-1.jpg","twitter_misc":{"Dur\u00e9e de lecture estim\u00e9e":"1 minute"},"schema":{"@context":"https:\/\/schema.org","@graph":[{"@type":"WebPage","@id":"https:\/\/in-my-world.com\/2-ludipilates\/les-cours-a-domicile\/","url":"https:\/\/in-my-world.com\/2-ludipilates\/les-cours-a-domicile\/","name":"Les cours \u00e0 domicile - Ludipilates","isPartOf":{"@id":"https:\/\/in-my-world.com\/2-ludipilates\/#website"},"datePublished":"2022-08-06T16:01:39+00:00","dateModified":"2022-10-26T14:48:13+00:00","description":"Un programme personnalis\u00e9 avec un cours \u00e0 domicile. Je me d\u00e9place chez vous, pour des cours priv\u00e9s, en solo mais aussi en duo ou en famille.","breadcrumb":{"@id":"https:\/\/in-my-world.com\/2-ludipilates\/les-cours-a-domicile\/#breadcrumb"},"inLanguage":"fr-FR","potentialAction":[{"@type":"ReadAction","target":["https:\/\/in-my-world.com\/2-ludipilates\/les-cours-a-domicile\/"]}]},{"@type":"BreadcrumbList","@id":"https:\/\/in-my-world.com\/2-ludipilates\/les-cours-a-domicile\/#breadcrumb","itemListElement":[{"@type":"ListItem","position":1,"name":"Home","item":"https:\/\/in-my-world.com\/2-ludipilates\/"},{"@type":"ListItem","position":2,"name":"Les cours \u00e0 domicile"}]},{"@type":"WebSite","@id":"https:\/\/in-my-world.com\/2-ludipilates\/#website","url":"https:\/\/in-my-world.com\/2-ludipilates\/","name":"Ludipilates","description":"Pilates instructor Balanced Body &amp; Classique","publisher":{"@id":"https:\/\/in-my-world.com\/2-ludipilates\/#organization"},"potentialAction":[{"@type":"SearchAction","target":{"@type":"EntryPoint","urlTemplate":"https:\/\/in-my-world.com\/2-ludipilates\/?s={search_term_string}"},"query-input":"required name=search_term_string"}],"inLanguage":"fr-FR"},{"@type":"Organization","@id":"https:\/\/in-my-world.com\/2-ludipilates\/#organization","name":"Ludipilates","url":"https:\/\/in-my-world.com\/2-ludipilates\/","logo":{"@type":"ImageObject","inLanguage":"fr-FR","@id":"https:\/\/in-my-world.com\/2-ludipilates\/#\/schema\/logo\/image\/","url":"https:\/\/in-my-world.com\/2-ludipilates\/wp-content\/uploads\/2022\/10\/0922_Ludi@Kwerk_17-scaled.jpg","contentUrl":"https:\/\/in-my-world.com\/2-ludipilates\/wp-content\/uploads\/2022\/10\/0922_Ludi@Kwerk_17-scaled.jpg","width":2560,"height":1707,"caption":"Ludipilates"},"image":{"@id":"https:\/\/in-my-world.com\/2-ludipilates\/#\/schema\/logo\/image\/"},"sameAs":["https:\/\/www.instagram.com\/ludipilates\/","https:\/\/fr.linkedin.com\/in\/lugdivine-meytre-1a36b2","https:\/\/fr-fr.facebook.com\/lugdivinemeytre"]}]}},"ticketed":false,"_links":{"self":[{"href":"https:\/\/in-my-world.com\/2-ludipilates\/wp-json\/wp\/v2\/pages\/7571","targetHints":{"allow":["GET"]}}],"collection":[{"href":"https:\/\/in-my-world.com\/2-ludipilates\/wp-json\/wp\/v2\/pages"}],"about":[{"href":"https:\/\/in-my-world.com\/2-ludipilates\/wp-json\/wp\/v2\/types\/page"}],"author":[{"embeddable":true,"href":"https:\/\/in-my-world.com\/2-ludipilates\/wp-json\/wp\/v2\/users\/4875"}],"replies":[{"embeddable":true,"href":"https:\/\/in-my-world.com\/2-ludipilates\/wp-json\/wp\/v2\/comments?post=7571"}],"version-history":[{"count":76,"href":"https:\/\/in-my-world.com\/2-ludipilates\/wp-json\/wp\/v2\/pages\/7571\/revisions"}],"predecessor-version":[{"id":32830,"href":"https:\/\/in-my-world.com\/2-ludipilates\/wp-json\/wp\/v2\/pages\/7571\/revisions\/32830"}],"wp:attachment":[{"href":"https:\/\/in-my-world.com\/2-ludipilates\/wp-json\/wp\/v2\/media?parent=7571"}],"curies":[{"name":"wp","href":"https:\/\/api.w.org\/{rel}","templated":true}]}}