{"id":7547,"date":"2022-08-06T15:05:43","date_gmt":"2022-08-06T15:05:43","guid":{"rendered":"https:\/\/ludipilates.develop\/?page_id=7547"},"modified":"2022-11-13T15:13:30","modified_gmt":"2022-11-13T14:13:30","slug":"les-cours-en-studio","status":"publish","type":"page","link":"https:\/\/in-my-world.com\/2-ludipilates\/les-cours-en-studio\/","title":{"rendered":"Les cours en studio"},"content":{"rendered":"\t\t<div data-elementor-type=\"wp-page\" data-elementor-id=\"7547\" class=\"elementor elementor-7547\">\n\t\t\t\t\t\t\t\t\t<section class=\"elementor-section elementor-top-section elementor-element elementor-element-7fee57cc elementor-section-full_width elementor-section-stretched elementor-section-height-default elementor-section-height-default\" data-id=\"7fee57cc\" data-element_type=\"section\" data-settings=\"{&quot;stretch_section&quot;:&quot;section-stretched&quot;}\">\n\t\t\t\t\t\t<div class=\"elementor-container elementor-column-gap-default\">\n\t\t\t\t\t<div class=\"elementor-column elementor-col-50 elementor-top-column elementor-element elementor-element-7fd9e957\" data-id=\"7fd9e957\" data-element_type=\"column\">\n\t\t\t<div class=\"elementor-widget-wrap elementor-element-populated\">\n\t\t\t\t\t\t\t\t<div class=\"elementor-element elementor-element-17d3965c page-title elementor-align-left elementor-widget elementor-widget-woolentor-archive-title-addons\" data-id=\"17d3965c\" data-element_type=\"widget\" data-widget_type=\"woolentor-archive-title-addons.default\">\n\t\t\t\t<div class=\"elementor-widget-container\">\n\t\t\t            <div class=\"woolentor-archive-data-area\">\n                              <\/div>\n        \t\t<\/div>\n\t\t\t\t<\/div>\n\t\t\t\t\t<\/div>\n\t\t<\/div>\n\t\t\t\t<div class=\"elementor-column elementor-col-50 elementor-top-column elementor-element elementor-element-2375837a elementor-hidden-mobile\" data-id=\"2375837a\" data-element_type=\"column\">\n\t\t\t<div class=\"elementor-widget-wrap elementor-element-populated\">\n\t\t\t\t\t\t\t\t<div class=\"elementor-element elementor-element-79f851a0 elementor-align-right elementor-align--mobileleft elementor-widget elementor-widget-woolentor-breadcrumbs-addons\" data-id=\"79f851a0\" data-element_type=\"widget\" data-widget_type=\"woolentor-breadcrumbs-addons.default\">\n\t\t\t\t<div class=\"elementor-widget-container\">\n\t\t\t<div class=\"woolentor-breadcrumb\"><nav class=\"woocommerce-breadcrumb\">Home<\/nav><\/div>\t\t<\/div>\n\t\t\t\t<\/div>\n\t\t\t\t\t<\/div>\n\t\t<\/div>\n\t\t\t\t\t\t\t<\/div>\n\t\t<\/section>\n\t\t\t\t<section class=\"elementor-section elementor-top-section elementor-element elementor-element-68c334c elementor-section-full_width elementor-section-stretched elementor-section-height-default elementor-section-height-default\" data-id=\"68c334c\" data-element_type=\"section\" data-settings=\"{&quot;background_background&quot;:&quot;classic&quot;,&quot;stretch_section&quot;:&quot;section-stretched&quot;}\">\n\t\t\t\t\t\t<div class=\"elementor-container elementor-column-gap-no\">\n\t\t\t\t\t<div class=\"elementor-column elementor-col-100 elementor-top-column elementor-element elementor-element-7c59379\" data-id=\"7c59379\" data-element_type=\"column\">\n\t\t\t<div class=\"elementor-widget-wrap elementor-element-populated\">\n\t\t\t\t\t\t\t\t<section class=\"elementor-section elementor-inner-section elementor-element elementor-element-fbcff58 elementor-section-full_width elementor-section-height-default elementor-section-height-default\" data-id=\"fbcff58\" data-element_type=\"section\" data-settings=\"{&quot;background_background&quot;:&quot;classic&quot;}\">\n\t\t\t\t\t\t<div class=\"elementor-container elementor-column-gap-default\">\n\t\t\t\t\t<div class=\"elementor-column elementor-col-33 elementor-inner-column elementor-element elementor-element-6c76a31\" data-id=\"6c76a31\" data-element_type=\"column\">\n\t\t\t<div class=\"elementor-widget-wrap elementor-element-populated\">\n\t\t\t\t\t\t\t\t<div class=\"elementor-element elementor-element-12386d1 elementor-widget elementor-widget-image\" data-id=\"12386d1\" data-element_type=\"widget\" data-widget_type=\"image.default\">\n\t\t\t\t<div class=\"elementor-widget-container\">\n\t\t\t<style>\/*! elementor - v3.8.0 - 30-10-2022 *\/\n.elementor-widget-image{text-align:center}.elementor-widget-image a{display:inline-block}.elementor-widget-image a img[src$=\".svg\"]{width:48px}.elementor-widget-image img{vertical-align:middle;display:inline-block}<\/style>        <div class=\"elementor-image\">\n                                            <a href=\"https:\/\/ludipilates.develop\/wp-content\/uploads\/2021\/04\/cours_salle-scaled-1.jpg\" data-elementor-open-lightbox=\"yes\">\n                                        <img loading=\"lazy\" decoding=\"async\" width=\"2560\" height=\"2560\" src=\"https:\/\/in-my-world.com\/2-ludipilates\/wp-content\/uploads\/2021\/04\/cours_salle-scaled-1.jpg\" class=\"attachment-full size-full\" alt=\"\" srcset=\"https:\/\/in-my-world.com\/2-ludipilates\/wp-content\/uploads\/2021\/04\/cours_salle-scaled-1.jpg 2560w, https:\/\/in-my-world.com\/2-ludipilates\/wp-content\/uploads\/2021\/04\/cours_salle-scaled-1-300x300.jpg 300w, https:\/\/in-my-world.com\/2-ludipilates\/wp-content\/uploads\/2021\/04\/cours_salle-scaled-1-150x150.jpg 150w, https:\/\/in-my-world.com\/2-ludipilates\/wp-content\/uploads\/2021\/04\/cours_salle-scaled-1-600x600.jpg 600w, https:\/\/in-my-world.com\/2-ludipilates\/wp-content\/uploads\/2021\/04\/cours_salle-scaled-1-1024x1024.jpg 1024w, https:\/\/in-my-world.com\/2-ludipilates\/wp-content\/uploads\/2021\/04\/cours_salle-scaled-1-768x768.jpg 768w, https:\/\/in-my-world.com\/2-ludipilates\/wp-content\/uploads\/2021\/04\/cours_salle-scaled-1-1536x1536.jpg 1536w, https:\/\/in-my-world.com\/2-ludipilates\/wp-content\/uploads\/2021\/04\/cours_salle-scaled-1-2048x2048.jpg 2048w, https:\/\/in-my-world.com\/2-ludipilates\/wp-content\/uploads\/2021\/04\/cours_salle-scaled-1-400x400.jpg 400w, https:\/\/in-my-world.com\/2-ludipilates\/wp-content\/uploads\/2021\/04\/cours_salle-scaled-1-100x100.jpg 100w\" sizes=\"auto, (max-width: 2560px) 100vw, 2560px\" \/>                                    <\/a>\n                                                    <\/div>\n        \t\t<\/div>\n\t\t\t\t<\/div>\n\t\t\t\t\t<\/div>\n\t\t<\/div>\n\t\t\t\t<div class=\"elementor-column elementor-col-33 elementor-inner-column elementor-element elementor-element-824c2a5\" data-id=\"824c2a5\" data-element_type=\"column\">\n\t\t\t<div class=\"elementor-widget-wrap elementor-element-populated\">\n\t\t\t\t\t\t\t\t<div class=\"elementor-element elementor-element-5556381 elementor-widget elementor-widget-heading\" data-id=\"5556381\" data-element_type=\"widget\" data-widget_type=\"heading.default\">\n\t\t\t\t<div class=\"elementor-widget-container\">\n\t\t\t<style>\/*! elementor - v3.8.0 - 30-10-2022 *\/\n.elementor-heading-title{padding:0;margin:0;line-height:1}.elementor-widget-heading .elementor-heading-title[class*=elementor-size-]>a{color:inherit;font-size:inherit;line-height:inherit}.elementor-widget-heading .elementor-heading-title.elementor-size-small{font-size:15px}.elementor-widget-heading .elementor-heading-title.elementor-size-medium{font-size:19px}.elementor-widget-heading .elementor-heading-title.elementor-size-large{font-size:29px}.elementor-widget-heading .elementor-heading-title.elementor-size-xl{font-size:39px}.elementor-widget-heading .elementor-heading-title.elementor-size-xxl{font-size:59px}<\/style><p class=\"elementor-heading-title elementor-size-default\">Une atmosph\u00e8re cosy et d\u00e9tendue<\/p>\t\t<\/div>\n\t\t\t\t<\/div>\n\t\t\t\t<div class=\"elementor-element elementor-element-45b9bbf elementor-widget elementor-widget-text-editor\" data-id=\"45b9bbf\" data-element_type=\"widget\" data-widget_type=\"text-editor.default\">\n\t\t\t\t<div class=\"elementor-widget-container\">\n\t\t\t<style>\/*! elementor - v3.8.0 - 30-10-2022 *\/\n.elementor-widget-text-editor.elementor-drop-cap-view-stacked .elementor-drop-cap{background-color:#818a91;color:#fff}.elementor-widget-text-editor.elementor-drop-cap-view-framed .elementor-drop-cap{color:#818a91;border:3px solid;background-color:transparent}.elementor-widget-text-editor:not(.elementor-drop-cap-view-default) .elementor-drop-cap{margin-top:8px}.elementor-widget-text-editor:not(.elementor-drop-cap-view-default) .elementor-drop-cap-letter{width:1em;height:1em}.elementor-widget-text-editor .elementor-drop-cap{float:left;text-align:center;line-height:1;font-size:50px}.elementor-widget-text-editor .elementor-drop-cap-letter{display:inline-block}<\/style>\t\t<div class=\"elementor-text-editor elementor-clearfix\"><p>Je donne des cours le mercredi \u00e0 12h30 chez Qee, 2 rue Jobb\u00e9 Duval 75015 PARIS.<\/p><\/div>\n\t\t\t\t<\/div>\n\t\t\t\t<\/div>\n\t\t\t\t<div class=\"elementor-element elementor-element-ca78b55 elementor-widget elementor-widget-text-editor\" data-id=\"ca78b55\" data-element_type=\"widget\" data-widget_type=\"text-editor.default\">\n\t\t\t\t<div class=\"elementor-widget-container\">\n\t\t\t\t\t<div class=\"elementor-text-editor elementor-clearfix\"><p>C\u2019est avec petits accessoires (magic circle, ballons, roller et bandes \u00e9lastiques)<\/p><\/div>\n\t\t\t\t<\/div>\n\t\t\t\t<\/div>\n\t\t\t\t<div class=\"elementor-element elementor-element-11f5ea3 elementor-align-left elementor-widget elementor-widget-button\" data-id=\"11f5ea3\" data-element_type=\"widget\" data-widget_type=\"button.default\">\n\t\t\t\t<div class=\"elementor-widget-container\">\n\t\t\t\t\t<div class=\"elementor-button-wrapper\">\n\t\t\t<a href=\"https:\/\/www.qee.fr\/\" class=\"elementor-button-link elementor-button elementor-size-sm\" role=\"button\">\n\t\t\t\t\t\t<span class=\"elementor-button-content-wrapper\">\n\t\t\t\t\t\t<span class=\"elementor-button-text\">Voir les cours<\/span>\n\t\t<\/span>\n\t\t\t\t\t<\/a>\n\t\t<\/div>\n\t\t\t\t<\/div>\n\t\t\t\t<\/div>\n\t\t\t\t\t<\/div>\n\t\t<\/div>\n\t\t\t\t<div class=\"elementor-column elementor-col-33 elementor-inner-column elementor-element elementor-element-6143070\" data-id=\"6143070\" data-element_type=\"column\">\n\t\t\t<div class=\"elementor-widget-wrap\">\n\t\t\t\t\t\t\t\t\t<\/div>\n\t\t<\/div>\n\t\t\t\t\t\t\t<\/div>\n\t\t<\/section>\n\t\t\t\t\t<\/div>\n\t\t<\/div>\n\t\t\t\t\t\t\t<\/div>\n\t\t<\/section>\n\t\t\t\t<section class=\"elementor-section elementor-top-section elementor-element elementor-element-7877102 elementor-section-content-middle elementor-section-full_width elementor-section-stretched elementor-section-height-default elementor-section-height-default\" data-id=\"7877102\" data-element_type=\"section\" data-settings=\"{&quot;background_background&quot;:&quot;classic&quot;,&quot;stretch_section&quot;:&quot;section-stretched&quot;}\">\n\t\t\t\t\t\t\t<div class=\"elementor-background-overlay\"><\/div>\n\t\t\t\t\t\t\t<div class=\"elementor-container elementor-column-gap-no\">\n\t\t\t\t\t<div class=\"elementor-column elementor-col-100 elementor-top-column elementor-element elementor-element-f8a0c09\" data-id=\"f8a0c09\" data-element_type=\"column\">\n\t\t\t<div class=\"elementor-widget-wrap elementor-element-populated\">\n\t\t\t\t\t\t\t\t<section class=\"elementor-section elementor-inner-section elementor-element elementor-element-5c52018 elementor-section-full_width elementor-section-height-default elementor-section-height-default\" data-id=\"5c52018\" data-element_type=\"section\">\n\t\t\t\t\t\t<div class=\"elementor-container elementor-column-gap-extended\">\n\t\t\t\t\t<div class=\"elementor-column elementor-col-33 elementor-inner-column elementor-element elementor-element-308d315\" data-id=\"308d315\" data-element_type=\"column\">\n\t\t\t<div class=\"elementor-widget-wrap elementor-element-populated\">\n\t\t\t\t\t\t\t\t<div class=\"elementor-element elementor-element-92f1f47 elementor-widget elementor-widget-heading\" data-id=\"92f1f47\" data-element_type=\"widget\" data-widget_type=\"heading.default\">\n\t\t\t\t<div class=\"elementor-widget-container\">\n\t\t\t<h3 class=\"elementor-heading-title elementor-size-default\"><a href=\"#\">Comment \u00e7a marche ?<\/a><\/h3>\t\t<\/div>\n\t\t\t\t<\/div>\n\t\t\t\t<div class=\"elementor-element elementor-element-a613c70 elementor-widget elementor-widget-text-editor\" data-id=\"a613c70\" data-element_type=\"widget\" data-widget_type=\"text-editor.default\">\n\t\t\t\t<div class=\"elementor-widget-container\">\n\t\t\t\t\t<div class=\"elementor-text-editor elementor-clearfix\"><p>Il suffit de vous rendre sur le site de QEE pour vous inscrire, tout simplement<\/p><\/div>\n\t\t\t\t<\/div>\n\t\t\t\t<\/div>\n\t\t\t\t<div class=\"elementor-element elementor-element-1ec6179 elementor-align-left elementor-widget elementor-widget-button\" data-id=\"1ec6179\" data-element_type=\"widget\" data-widget_type=\"button.default\">\n\t\t\t\t<div class=\"elementor-widget-container\">\n\t\t\t\t\t<div class=\"elementor-button-wrapper\">\n\t\t\t<a href=\"https:\/\/www.qee.fr\/\" class=\"elementor-button-link elementor-button elementor-size-sm\" role=\"button\">\n\t\t\t\t\t\t<span class=\"elementor-button-content-wrapper\">\n\t\t\t\t\t\t<span class=\"elementor-button-text\">Voir les cours<\/span>\n\t\t<\/span>\n\t\t\t\t\t<\/a>\n\t\t<\/div>\n\t\t\t\t<\/div>\n\t\t\t\t<\/div>\n\t\t\t\t\t<\/div>\n\t\t<\/div>\n\t\t\t\t<div class=\"elementor-column elementor-col-33 elementor-inner-column elementor-element elementor-element-d077c05\" data-id=\"d077c05\" data-element_type=\"column\">\n\t\t\t<div class=\"elementor-widget-wrap\">\n\t\t\t\t\t\t\t\t\t<\/div>\n\t\t<\/div>\n\t\t\t\t<div class=\"elementor-column elementor-col-33 elementor-inner-column elementor-element elementor-element-8416dd9\" data-id=\"8416dd9\" data-element_type=\"column\">\n\t\t\t<div class=\"elementor-widget-wrap\">\n\t\t\t\t\t\t\t\t\t<\/div>\n\t\t<\/div>\n\t\t\t\t\t\t\t<\/div>\n\t\t<\/section>\n\t\t\t\t\t<\/div>\n\t\t<\/div>\n\t\t\t\t\t\t\t<\/div>\n\t\t<\/section>\n\t\t\t\t\t\t\t<\/div>\n\t\t","protected":false},"excerpt":{"rendered":"<p>Accueil Une atmosph\u00e8re cosy et d\u00e9tendue Je donne des cours le mercredi \u00e0 12h30 chez Qee, 2 rue Jobb\u00e9 Duval 75015 PARIS. C\u2019est avec petits accessoires (magic circle, ballons, roller [&hellip;] <\/p>\n<p class=\"link-more\"><a href=\"https:\/\/in-my-world.com\/2-ludipilates\/les-cours-en-studio\/\">+ Lire la suite<\/a><\/p>\n","protected":false},"author":4875,"featured_media":0,"parent":0,"menu_order":0,"comment_status":"closed","ping_status":"closed","template":"","meta":{"_price":"","_stock":"","_tribe_ticket_header":"","_tribe_default_ticket_provider":"","_tribe_ticket_capacity":"0","_ticket_start_date":"","_ticket_end_date":"","_tribe_ticket_show_description":"","_tribe_ticket_show_not_going":false,"_tribe_ticket_use_global_stock":"","_tribe_ticket_global_stock_level":"","_global_stock_mode":"","_global_stock_cap":"","_tribe_rsvp_for_event":"","_tribe_ticket_going_count":"","_tribe_ticket_not_going_count":"","_tribe_tickets_list":[],"_tribe_ticket_has_attendee_info_fields":false,"footnotes":""},"class_list":["post-7547","page","type-page","status-publish","hentry"],"yoast_head":"<!-- This site is optimized with the Yoast SEO plugin v19.9 - https:\/\/yoast.com\/wordpress\/plugins\/seo\/ -->\n<title>Les cours en studio - Ludipilates<\/title>\n<meta name=\"description\" content=\"Des cours des Pilates en studio. Retrouvez-moi \u00e9galement tous les mercredis \u00e0 12h30 pour un cours sur tapis avec petits accessoires (magic circle, ballon) chez Qee, paris 15\" \/>\n<meta name=\"robots\" content=\"index, follow, max-snippet:-1, max-image-preview:large, max-video-preview:-1\" \/>\n<link rel=\"canonical\" href=\"https:\/\/in-my-world.com\/2-ludipilates\/les-cours-en-studio\/\" \/>\n<meta property=\"og:locale\" content=\"fr_FR\" \/>\n<meta property=\"og:type\" content=\"article\" \/>\n<meta property=\"og:title\" content=\"Des cours des Pilates en studio\" \/>\n<meta property=\"og:description\" content=\"Des cours des Pilates en studio. Retrouvez-moi \u00e9galement tous les mercredis \u00e0 12h30 pour un cours sur tapis avec petits accessoires (magic circle, ballon) chez Qee, paris 15\" \/>\n<meta property=\"og:url\" content=\"https:\/\/in-my-world.com\/2-ludipilates\/les-cours-en-studio\/\" \/>\n<meta property=\"og:site_name\" content=\"Ludipilates\" \/>\n<meta property=\"article:publisher\" content=\"https:\/\/fr-fr.facebook.com\/lugdivinemeytre\" \/>\n<meta property=\"article:modified_time\" content=\"2022-11-13T14:13:30+00:00\" \/>\n<meta property=\"og:image\" content=\"https:\/\/in-my-world.com\/2-ludipilates\/wp-content\/uploads\/2022\/08\/pilates-wakeup.jpg\" \/>\n\t<meta property=\"og:image:width\" content=\"1125\" \/>\n\t<meta property=\"og:image:height\" content=\"833\" \/>\n\t<meta property=\"og:image:type\" content=\"image\/jpeg\" \/>\n<meta name=\"twitter:card\" content=\"summary_large_image\" \/>\n<meta name=\"twitter:title\" content=\"Des cours des Pilates en studio\" \/>\n<meta name=\"twitter:description\" content=\"Des cours des Pilates en studio. Retrouvez-moi \u00e9galement tous les mercredis \u00e0 12h30 pour un cours sur tapis avec petits accessoires (magic circle, ballon) chez Qee, paris 15\" \/>\n<meta name=\"twitter:image\" content=\"https:\/\/in-my-world.com\/2-ludipilates\/wp-content\/uploads\/2022\/08\/pilates-wakeup.jpg\" \/>\n<meta name=\"twitter:label1\" content=\"Dur\u00e9e de lecture estim\u00e9e\" \/>\n\t<meta name=\"twitter:data1\" content=\"1 minute\" \/>\n<script type=\"application\/ld+json\" class=\"yoast-schema-graph\">{\"@context\":\"https:\/\/schema.org\",\"@graph\":[{\"@type\":\"WebPage\",\"@id\":\"https:\/\/in-my-world.com\/2-ludipilates\/les-cours-en-studio\/\",\"url\":\"https:\/\/in-my-world.com\/2-ludipilates\/les-cours-en-studio\/\",\"name\":\"Les cours en studio - Ludipilates\",\"isPartOf\":{\"@id\":\"https:\/\/in-my-world.com\/2-ludipilates\/#website\"},\"datePublished\":\"2022-08-06T15:05:43+00:00\",\"dateModified\":\"2022-11-13T14:13:30+00:00\",\"description\":\"Des cours des Pilates en studio. Retrouvez-moi \u00e9galement tous les mercredis \u00e0 12h30 pour un cours sur tapis avec petits accessoires (magic circle, ballon) chez Qee, paris 15\",\"breadcrumb\":{\"@id\":\"https:\/\/in-my-world.com\/2-ludipilates\/les-cours-en-studio\/#breadcrumb\"},\"inLanguage\":\"fr-FR\",\"potentialAction\":[{\"@type\":\"ReadAction\",\"target\":[\"https:\/\/in-my-world.com\/2-ludipilates\/les-cours-en-studio\/\"]}]},{\"@type\":\"BreadcrumbList\",\"@id\":\"https:\/\/in-my-world.com\/2-ludipilates\/les-cours-en-studio\/#breadcrumb\",\"itemListElement\":[{\"@type\":\"ListItem\",\"position\":1,\"name\":\"Home\",\"item\":\"https:\/\/in-my-world.com\/2-ludipilates\/\"},{\"@type\":\"ListItem\",\"position\":2,\"name\":\"Les cours en studio\"}]},{\"@type\":\"WebSite\",\"@id\":\"https:\/\/in-my-world.com\/2-ludipilates\/#website\",\"url\":\"https:\/\/in-my-world.com\/2-ludipilates\/\",\"name\":\"Ludipilates\",\"description\":\"Pilates instructor Balanced Body &amp; Classique\",\"publisher\":{\"@id\":\"https:\/\/in-my-world.com\/2-ludipilates\/#organization\"},\"potentialAction\":[{\"@type\":\"SearchAction\",\"target\":{\"@type\":\"EntryPoint\",\"urlTemplate\":\"https:\/\/in-my-world.com\/2-ludipilates\/?s={search_term_string}\"},\"query-input\":\"required name=search_term_string\"}],\"inLanguage\":\"fr-FR\"},{\"@type\":\"Organization\",\"@id\":\"https:\/\/in-my-world.com\/2-ludipilates\/#organization\",\"name\":\"Ludipilates\",\"url\":\"https:\/\/in-my-world.com\/2-ludipilates\/\",\"logo\":{\"@type\":\"ImageObject\",\"inLanguage\":\"fr-FR\",\"@id\":\"https:\/\/in-my-world.com\/2-ludipilates\/#\/schema\/logo\/image\/\",\"url\":\"https:\/\/in-my-world.com\/2-ludipilates\/wp-content\/uploads\/2022\/10\/0922_Ludi@Kwerk_17-scaled.jpg\",\"contentUrl\":\"https:\/\/in-my-world.com\/2-ludipilates\/wp-content\/uploads\/2022\/10\/0922_Ludi@Kwerk_17-scaled.jpg\",\"width\":2560,\"height\":1707,\"caption\":\"Ludipilates\"},\"image\":{\"@id\":\"https:\/\/in-my-world.com\/2-ludipilates\/#\/schema\/logo\/image\/\"},\"sameAs\":[\"https:\/\/www.instagram.com\/ludipilates\/\",\"https:\/\/fr.linkedin.com\/in\/lugdivine-meytre-1a36b2\",\"https:\/\/fr-fr.facebook.com\/lugdivinemeytre\"]}]}<\/script>\n<!-- \/ Yoast SEO plugin. -->","yoast_head_json":{"title":"Les cours en studio - Ludipilates","description":"Des cours des Pilates en studio. Retrouvez-moi \u00e9galement tous les mercredis \u00e0 12h30 pour un cours sur tapis avec petits accessoires (magic circle, ballon) chez Qee, paris 15","robots":{"index":"index","follow":"follow","max-snippet":"max-snippet:-1","max-image-preview":"max-image-preview:large","max-video-preview":"max-video-preview:-1"},"canonical":"https:\/\/in-my-world.com\/2-ludipilates\/les-cours-en-studio\/","og_locale":"fr_FR","og_type":"article","og_title":"Des cours des Pilates en studio","og_description":"Des cours des Pilates en studio. Retrouvez-moi \u00e9galement tous les mercredis \u00e0 12h30 pour un cours sur tapis avec petits accessoires (magic circle, ballon) chez Qee, paris 15","og_url":"https:\/\/in-my-world.com\/2-ludipilates\/les-cours-en-studio\/","og_site_name":"Ludipilates","article_publisher":"https:\/\/fr-fr.facebook.com\/lugdivinemeytre","article_modified_time":"2022-11-13T14:13:30+00:00","og_image":[{"width":1125,"height":833,"url":"https:\/\/in-my-world.com\/2-ludipilates\/wp-content\/uploads\/2022\/08\/pilates-wakeup.jpg","type":"image\/jpeg"}],"twitter_card":"summary_large_image","twitter_title":"Des cours des Pilates en studio","twitter_description":"Des cours des Pilates en studio. Retrouvez-moi \u00e9galement tous les mercredis \u00e0 12h30 pour un cours sur tapis avec petits accessoires (magic circle, ballon) chez Qee, paris 15","twitter_image":"https:\/\/in-my-world.com\/2-ludipilates\/wp-content\/uploads\/2022\/08\/pilates-wakeup.jpg","twitter_misc":{"Dur\u00e9e de lecture estim\u00e9e":"1 minute"},"schema":{"@context":"https:\/\/schema.org","@graph":[{"@type":"WebPage","@id":"https:\/\/in-my-world.com\/2-ludipilates\/les-cours-en-studio\/","url":"https:\/\/in-my-world.com\/2-ludipilates\/les-cours-en-studio\/","name":"Les cours en studio - Ludipilates","isPartOf":{"@id":"https:\/\/in-my-world.com\/2-ludipilates\/#website"},"datePublished":"2022-08-06T15:05:43+00:00","dateModified":"2022-11-13T14:13:30+00:00","description":"Des cours des Pilates en studio. Retrouvez-moi \u00e9galement tous les mercredis \u00e0 12h30 pour un cours sur tapis avec petits accessoires (magic circle, ballon) chez Qee, paris 15","breadcrumb":{"@id":"https:\/\/in-my-world.com\/2-ludipilates\/les-cours-en-studio\/#breadcrumb"},"inLanguage":"fr-FR","potentialAction":[{"@type":"ReadAction","target":["https:\/\/in-my-world.com\/2-ludipilates\/les-cours-en-studio\/"]}]},{"@type":"BreadcrumbList","@id":"https:\/\/in-my-world.com\/2-ludipilates\/les-cours-en-studio\/#breadcrumb","itemListElement":[{"@type":"ListItem","position":1,"name":"Home","item":"https:\/\/in-my-world.com\/2-ludipilates\/"},{"@type":"ListItem","position":2,"name":"Les cours en studio"}]},{"@type":"WebSite","@id":"https:\/\/in-my-world.com\/2-ludipilates\/#website","url":"https:\/\/in-my-world.com\/2-ludipilates\/","name":"Ludipilates","description":"Pilates instructor Balanced Body &amp; Classique","publisher":{"@id":"https:\/\/in-my-world.com\/2-ludipilates\/#organization"},"potentialAction":[{"@type":"SearchAction","target":{"@type":"EntryPoint","urlTemplate":"https:\/\/in-my-world.com\/2-ludipilates\/?s={search_term_string}"},"query-input":"required name=search_term_string"}],"inLanguage":"fr-FR"},{"@type":"Organization","@id":"https:\/\/in-my-world.com\/2-ludipilates\/#organization","name":"Ludipilates","url":"https:\/\/in-my-world.com\/2-ludipilates\/","logo":{"@type":"ImageObject","inLanguage":"fr-FR","@id":"https:\/\/in-my-world.com\/2-ludipilates\/#\/schema\/logo\/image\/","url":"https:\/\/in-my-world.com\/2-ludipilates\/wp-content\/uploads\/2022\/10\/0922_Ludi@Kwerk_17-scaled.jpg","contentUrl":"https:\/\/in-my-world.com\/2-ludipilates\/wp-content\/uploads\/2022\/10\/0922_Ludi@Kwerk_17-scaled.jpg","width":2560,"height":1707,"caption":"Ludipilates"},"image":{"@id":"https:\/\/in-my-world.com\/2-ludipilates\/#\/schema\/logo\/image\/"},"sameAs":["https:\/\/www.instagram.com\/ludipilates\/","https:\/\/fr.linkedin.com\/in\/lugdivine-meytre-1a36b2","https:\/\/fr-fr.facebook.com\/lugdivinemeytre"]}]}},"ticketed":false,"_links":{"self":[{"href":"https:\/\/in-my-world.com\/2-ludipilates\/wp-json\/wp\/v2\/pages\/7547","targetHints":{"allow":["GET"]}}],"collection":[{"href":"https:\/\/in-my-world.com\/2-ludipilates\/wp-json\/wp\/v2\/pages"}],"about":[{"href":"https:\/\/in-my-world.com\/2-ludipilates\/wp-json\/wp\/v2\/types\/page"}],"author":[{"embeddable":true,"href":"https:\/\/in-my-world.com\/2-ludipilates\/wp-json\/wp\/v2\/users\/4875"}],"replies":[{"embeddable":true,"href":"https:\/\/in-my-world.com\/2-ludipilates\/wp-json\/wp\/v2\/comments?post=7547"}],"version-history":[{"count":88,"href":"https:\/\/in-my-world.com\/2-ludipilates\/wp-json\/wp\/v2\/pages\/7547\/revisions"}],"predecessor-version":[{"id":43291,"href":"https:\/\/in-my-world.com\/2-ludipilates\/wp-json\/wp\/v2\/pages\/7547\/revisions\/43291"}],"wp:attachment":[{"href":"https:\/\/in-my-world.com\/2-ludipilates\/wp-json\/wp\/v2\/media?parent=7547"}],"curies":[{"name":"wp","href":"https:\/\/api.w.org\/{rel}","templated":true}]}}